{"id":73,"date":"2016-05-25T15:16:34","date_gmt":"2016-05-25T13:16:34","guid":{"rendered":"http:\/\/localhost:8888\/?page_id=73"},"modified":"2017-03-27T22:34:34","modified_gmt":"2017-03-27T20:34:34","slug":"monsieur-de-pourceaugnac","status":"publish","type":"page","link":"https:\/\/cie-astrolabe.org\/?page_id=73","title":{"rendered":"MONSIEUR DE POURCEAUGNAC"},"content":{"rendered":"<p style=\"text-align: center;\"><a href=\"https:\/\/cie-astrolabe.org\/wp-content\/uploads\/2016\/09\/IMG_4070-copie.jpg\"><img decoding=\"async\" loading=\"lazy\" class=\"aligncenter size-large wp-image-239\" src=\"https:\/\/cie-astrolabe.org\/wp-content\/uploads\/2016\/09\/IMG_4070-copie-1200x800.jpg\" alt=\"IMG_4070 copie\" width=\"600\" height=\"400\" srcset=\"https:\/\/cie-astrolabe.org\/wp-content\/uploads\/2016\/09\/IMG_4070-copie-1200x800.jpg 1200w, https:\/\/cie-astrolabe.org\/wp-content\/uploads\/2016\/09\/IMG_4070-copie-600x400.jpg 600w, https:\/\/cie-astrolabe.org\/wp-content\/uploads\/2016\/09\/IMG_4070-copie-420x280.jpg 420w, https:\/\/cie-astrolabe.org\/wp-content\/uploads\/2016\/09\/IMG_4070-copie-744x496.jpg 744w, https:\/\/cie-astrolabe.org\/wp-content\/uploads\/2016\/09\/IMG_4070-copie-768x512.jpg 768w\" sizes=\"(max-width: 600px) 100vw, 600px\" \/><\/a><\/p>\n<p><span style=\"font-family: Arial,sans-serif;\"><span style=\"font-size: large;\">Sur le th\u00e8me du Mariage forc\u00e9, cette com\u00e9die ballet de Moli\u00e8re prend ici des accents de com\u00e9die musicale. La musique baroque c\u00e8de sa place \u00e0 une composition originale qui va du blues au jazz vocal, du gospel au Tango dans une interpr\u00e9tation d\u00e9lirante et d\u00e9cal\u00e9e. On y joue un th\u00e9\u00e2tre sans fronti\u00e8re o\u00f9 les com\u00e9diens de cultures africaine et europ\u00e9enne, chantent, dansent, jonglent avec les langues et m\u00ealent de fa\u00e7on subtile et hilarante l&rsquo;anglais l&rsquo;italien ou le wolof \u00e0 la langue de Moli\u00e8re&#8230; Cette cr\u00e9ation g\u00e9n\u00e9reuse \u00e0 l&rsquo;\u00e9nergie communicative prend sa source dans le m\u00e9tissage des cultures et d\u00e9livre une version jubilatoire et color\u00e9e pour le plus grand plaisir du spectateur.<\/span><\/span><\/p>\n<p>&nbsp;<\/p>\n<p><span class=\"embed-youtube\" style=\"text-align:center; display: block;\"><iframe loading=\"lazy\" class=\"youtube-player\" width=\"600\" height=\"338\" src=\"https:\/\/www.youtube.com\/embed\/-wJRYDhYGEA?version=3&#038;rel=1&#038;showsearch=0&#038;showinfo=1&#038;iv_load_policy=1&#038;fs=1&#038;hl=fr-FR&#038;autohide=2&#038;wmode=transparent\" allowfullscreen=\"true\" style=\"border:0;\" sandbox=\"allow-scripts allow-same-origin allow-popups allow-presentation\"><\/iframe><\/span><\/p>\n<p>&nbsp;<\/p>\n<p><span style=\"font-family: Arial,sans-serif;\"><span style=\"font-size: large;\">Propuls\u00e9s dans les ann\u00e9es 1930-1940, les personnages, symbolisant le pouvoir, l&rsquo;argent, l&rsquo;oppression, l&rsquo;amour ou la libert\u00e9, semblent sortis d&rsquo;un univers o\u00f9 se c\u00f4toient sans complexes Herg\u00e9 et Chaplin. Un spectacle qui, sous les traits de la farce, aborde de fa\u00e7on optimiste et joyeuse, la peur de l&rsquo;\u00e9tranger, l&rsquo;oppression de la femme, la difficult\u00e9 d&rsquo;aimer et ouvre des pistes de r\u00e9flexions sur la soci\u00e9t\u00e9 dont nous r\u00eavons.<\/span><\/span><\/p>\n<p>&nbsp;<\/p>\n<h4 align=\"CENTER\"><a href=\"https:\/\/cie-astrolabe.org\/wp-content\/uploads\/2016\/09\/DD8A5913r-copie.jpg\"><img decoding=\"async\" loading=\"lazy\" class=\"aligncenter wp-image-244 size-large\" src=\"https:\/\/cie-astrolabe.org\/wp-content\/uploads\/2016\/09\/DD8A5913r-copie-1200x800.jpg\" width=\"600\" height=\"400\" srcset=\"https:\/\/cie-astrolabe.org\/wp-content\/uploads\/2016\/09\/DD8A5913r-copie-1200x800.jpg 1200w, https:\/\/cie-astrolabe.org\/wp-content\/uploads\/2016\/09\/DD8A5913r-copie-600x400.jpg 600w, https:\/\/cie-astrolabe.org\/wp-content\/uploads\/2016\/09\/DD8A5913r-copie-420x280.jpg 420w, https:\/\/cie-astrolabe.org\/wp-content\/uploads\/2016\/09\/DD8A5913r-copie-744x496.jpg 744w, https:\/\/cie-astrolabe.org\/wp-content\/uploads\/2016\/09\/DD8A5913r-copie-768x512.jpg 768w\" sizes=\"(max-width: 600px) 100vw, 600px\" \/><\/a><span style=\"text-decoration: underline;\"><span style=\"font-family: Arial,sans-serif;\"><span style=\"font-size: large;\">Synopsis<\/span><\/span><\/span><\/h4>\n<p>&nbsp;<\/p>\n<p align=\"JUSTIFY\">\u00a0\u00a0\u00a0 <span style=\"font-family: Arial,sans-serif;\"><span style=\"font-size: large;\">Monsieur de Pourceaugnac, un riche \u00e9tranger arrive \u00e0 Paris. Il vient \u00e9pouser Julie, la fille d\u2019Oronte. Mais Julie a d\u00e9j\u00e0 un pr\u00e9tendant Eraste. Son p\u00e8re ne veut pas en entendre parler car Eraste ne poss\u00e8de pas assez de biens. La loi du p\u00e8re \u00e9tant toute puissante, sa fille ira \u00e0 Monsieur de Pourceaugnac. Alors pour parvenir \u00e0 leurs fins les deux jeunes amoureux peu regardants sur les moyens, aid\u00e9s de deux crapules av\u00e9r\u00e9es et d\u2019une kyrielle de complices stipendi\u00e9s vont transformer la demande en mariage de Monsieur de Pourceaugnac en v\u00e9ritable cauchemar.<\/span><\/span><\/p>\n<p align=\"JUSTIFY\"><a href=\"https:\/\/cie-astrolabe.org\/wp-content\/uploads\/2016\/05\/IMG_4152.jpg\"><img decoding=\"async\" loading=\"lazy\" class=\"aligncenter size-full wp-image-85\" src=\"https:\/\/cie-astrolabe.org\/wp-content\/uploads\/2016\/05\/IMG_4152.jpg\" alt=\"IMG_4152\" width=\"640\" height=\"427\" srcset=\"https:\/\/cie-astrolabe.org\/wp-content\/uploads\/2016\/05\/IMG_4152.jpg 640w, https:\/\/cie-astrolabe.org\/wp-content\/uploads\/2016\/05\/IMG_4152-600x400.jpg 600w, https:\/\/cie-astrolabe.org\/wp-content\/uploads\/2016\/05\/IMG_4152-300x200.jpg 300w, https:\/\/cie-astrolabe.org\/wp-content\/uploads\/2016\/05\/IMG_4152-288x192.jpg 288w\" sizes=\"(max-width: 640px) 100vw, 640px\" \/><\/a><\/p>\n<h4 align=\"CENTER\"><span style=\"font-family: Arial,sans-serif;\"><span style=\"font-size: large;\"><span style=\"text-decoration: underline;\">Equipe artistique\u00a0:<\/span> \u00a0 \u00a0 \u00a0 \u00a0 \u00a0 \u00a0 \u00a0 \u00a0 \u00a0 \u00a0 \u00a0 \u00a0 \u00a0 \u00a0 \u00a0 \u00a0 \u00a0 \u00a0 \u00a0 \u00a0 \u00a0 \u00a0 \u00a0 \u00a0 \u00a0 \u00a0 \u00a0 \u00a0 \u00a0 \u00a0 \u00a0 \u00a0 \u00a0 \u00a0 \u00a0 \u00a0 \u00a0 \u00a0 \u00a0 \u00a0 \u00a0 \u00a0 <span style=\"text-decoration: underline;\">Distribution:<\/span><\/span><\/span><\/h4>\n<p style=\"text-align: left;\" align=\"CENTER\"><span style=\"font-family: Arial,sans-serif;\"><span style=\"font-size: large;\">Metteur en sc\u00e8ne\u00a0:S\u00e9bastien Lagord\u00a0;\u00a0\u00a0\u00a0\u00a0\u00a0\u00a0\u00a0\u00a0\u00a0\u00a0\u00a0\u00a0\u00a0\u00a0\u00a0\u00a0\u00a0\u00a0\u00a0\u00a0\u00a0\u00a0\u00a0\u00a0\u00a0\u00a0\u00a0\u00a0\u00a0\u00a0\u00a0\u00a0\u00a0\u00a0\u00a0\u00a0\u00a0\u00a0\u00a0\u00a0\u00a0\u00a0\u00a0\u00a0\u00a0\u00a0\u00a0\u00a0\u00a0\u00a0 \u00a0 Tony Bruneau<br \/>\n<\/span><\/span><\/p>\n<p align=\"CENTER\"><span style=\"font-family: Arial,sans-serif;\"><span style=\"font-size: large;\">Compositeur\u00a0:Tony Bruneau\u00a0;\u00a0 \u00a0\u00a0 \u00a0\u00a0\u00a0\u00a0\u00a0\u00a0\u00a0\u00a0\u00a0\u00a0\u00a0\u00a0\u00a0\u00a0\u00a0\u00a0\u00a0\u00a0\u00a0\u00a0\u00a0\u00a0\u00a0\u00a0\u00a0\u00a0\u00a0\u00a0\u00a0\u00a0\u00a0\u00a0\u00a0\u00a0\u00a0\u00a0\u00a0\u00a0\u00a0\u00a0\u00a0\u00a0\u00a0\u00a0\u00a0\u00a0\u00a0 Emilienne Chouadossi<\/span><\/span><\/p>\n<p><span style=\"font-family: Arial,sans-serif;\"><span style=\"font-size: large;\">Cr\u00e9atrice Lumi\u00e8res\u00a0:Natacha Boulet R\u00e4ber\u00a0; \u00a0 \u00a0\u00a0\u00a0\u00a0\u00a0\u00a0\u00a0\u00a0\u00a0\u00a0\u00a0\u00a0\u00a0\u00a0\u00a0\u00a0\u00a0\u00a0\u00a0\u00a0\u00a0\u00a0\u00a0\u00a0\u00a0\u00a0\u00a0\u00a0\u00a0\u00a0\u00a0\u00a0\u00a0\u00a0\u00a0 <\/span><\/span><span style=\"font-size: large;\">Ferdinand Fortes<\/span><\/p>\n<p style=\"text-align: left;\" align=\"CENTER\"><span style=\"font-family: Arial,sans-serif;\"><span style=\"font-size: large;\">Chor\u00e9graphe\u00a0:L\u00e9onardo Montecchia\u00a0;\u00a0 \u00a0\u00a0\u00a0\u00a0\u00a0\u00a0\u00a0\u00a0\u00a0\u00a0\u00a0\u00a0\u00a0\u00a0\u00a0\u00a0\u00a0\u00a0\u00a0\u00a0\u00a0\u00a0\u00a0\u00a0\u00a0\u00a0\u00a0\u00a0\u00a0\u00a0\u00a0\u00a0\u00a0\u00a0\u00a0\u00a0\u00a0\u00a0\u00a0\u00a0\u00a0\u00a0\u00a0\u00a0\u00a0 S\u00e9bastien Lagord<br \/>\n<\/span><\/span><\/p>\n<p style=\"text-align: left;\" align=\"CENTER\"><span style=\"font-family: Arial,sans-serif;\"><span style=\"font-size: large;\">Sc\u00e9nographes\u00a0:S\u00e9bastien Lagord &#8211;\u00a0\u00a0 \u00a0\u00a0\u00a0\u00a0\u00a0\u00a0\u00a0\u00a0\u00a0\u00a0\u00a0\u00a0\u00a0\u00a0\u00a0\u00a0\u00a0\u00a0\u00a0\u00a0\u00a0\u00a0\u00a0\u00a0\u00a0\u00a0\u00a0\u00a0\u00a0\u00a0\u00a0\u00a0\u00a0\u00a0\u00a0\u00a0\u00a0\u00a0\u00a0\u00a0\u00a0\u00a0\u00a0\u00a0\u00a0\u00a0\u00a0\u00a0\u00a0\u00a0\u00a0\u00a0\u00a0\u00a0\u00a0 Nelly Lawson<br \/>\n<\/span><\/span><\/p>\n<p align=\"CENTER\"><span style=\"font-family: Arial,sans-serif;\"><span style=\"font-size: large;\"> Pamela de Buhan &#8211; Dominique Raynal\u00a0;\u00a0\u00a0\u00a0\u00a0\u00a0\u00a0\u00a0\u00a0 \u00a0\u00a0\u00a0\u00a0\u00a0\u00a0\u00a0\u00a0\u00a0\u00a0\u00a0\u00a0\u00a0\u00a0\u00a0\u00a0\u00a0\u00a0\u00a0\u00a0\u00a0\u00a0\u00a0\u00a0\u00a0\u00a0\u00a0\u00a0\u00a0\u00a0\u00a0\u00a0\u00a0\u00a0\u00a0\u00a0\u00a0\u00a0\u00a0\u00a0\u00a0\u00a0\u00a0 Marc Pastor<\/span><\/span><\/p>\n<p style=\"text-align: left;\" align=\"CENTER\"><span style=\"font-family: Arial,sans-serif;\"><span style=\"font-size: large;\">Parolier\u00a0: Marc Pastor\u00a0;\u00a0\u00a0\u00a0\u00a0\u00a0\u00a0\u00a0\u00a0\u00a0\u00a0\u00a0\u00a0\u00a0\u00a0\u00a0\u00a0\u00a0\u00a0\u00a0\u00a0\u00a0\u00a0\u00a0\u00a0\u00a0\u00a0\u00a0\u00a0\u00a0\u00a0\u00a0\u00a0\u00a0\u00a0\u00a0 \u00a0\u00a0\u00a0\u00a0\u00a0\u00a0\u00a0\u00a0\u00a0\u00a0\u00a0\u00a0\u00a0\u00a0\u00a0\u00a0\u00a0\u00a0\u00a0\u00a0\u00a0\u00a0\u00a0\u00a0\u00a0\u00a0\u00a0\u00a0\u00a0\u00a0\u00a0 Matthieu Penchinat<br \/>\n<\/span><\/span><\/p>\n<p style=\"text-align: left;\" align=\"CENTER\"><span style=\"font-family: Arial,sans-serif;\"><span style=\"font-size: large;\">Costumi\u00e8re\u00a0: Marcelle Guerrero.\u00a0\u00a0\u00a0\u00a0\u00a0\u00a0\u00a0\u00a0\u00a0\u00a0\u00a0\u00a0\u00a0\u00a0\u00a0\u00a0\u00a0\u00a0\u00a0\u00a0 \u00a0\u00a0\u00a0\u00a0\u00a0\u00a0\u00a0\u00a0\u00a0\u00a0\u00a0\u00a0\u00a0\u00a0\u00a0\u00a0\u00a0\u00a0\u00a0\u00a0\u00a0\u00a0\u00a0\u00a0\u00a0\u00a0\u00a0\u00a0\u00a0\u00a0\u00a0\u00a0\u00a0\u00a0\u00a0\u00a0\u00a0\u00a0\u00a0\u00a0 Nicolas Pichot<br \/>\n<\/span><\/span><\/p>\n<p style=\"text-align: right;\"><span style=\"font-family: Arial,sans-serif;\"><span style=\"font-size: large;\">Evelyne Torroglosa<\/span><\/span><\/p>\n<p><span style=\"font-size: large;\"><span style=\"font-size: large;\">\u00a0<\/span><\/span><\/p>\n<p align=\"CENTER\"><span style=\"font-family: Arial,sans-serif;\"><span style=\"font-size: large;\">\u00a0<\/span><\/span><\/p>\n<p align=\"CENTER\"><span style=\"font-family: Arial,sans-serif;\"><span style=\"font-size: large;\">\u00a0<\/span><\/span><\/p>\n<p style=\"text-align: center;\"><style type='text\/css'>\r\n\t\t\t\r\n\t\t\t\t\t\r\n\t\t\t\r\n\t\t\t\t\r\n\t\t\t\t\r\n\t\t\t#pourceaugnacpjc .frs-wrapper .frs-caption {\r\n\t\t\t\tdisplay:none;\r\n\t\t\t}\r\n\t\t\t#pourceaugnacpjc-slideshow .frs-caption h4, #pourceaugnacpjc-slideshow .frs-caption-inner h4{\r\n\t\t\t\tfont-size:22px;\r\n\t\t\t    margin:0px;\t\t\r\n\t\t\t}\r\n\t\t\t#pourceaugnacpjc-slideshow .frs-caption p, #pourceaugnacpjc-slideshow .frs-caption-inner p{\r\n\t\t\t    margin:0px;\t\t\r\n\t\t\t    font-size:16px;\r\n\t\t\t}\r\n\t\t\t.frs-slideshow-container span.frs-caption {\r\n\t\t\t\theight: 0px !important;\r\n\t\t\t\tposition: absolute;\r\n\t\t\t}\r\n\t\t\t.frs-caption-content div h1, .frs-caption-content div h2, .frs-caption-content div h3, .frs-caption-content div h4, .frs-caption-content div p {\r\n\t\t\t\tcolor: inherit !important;\r\n\t\t\t\ttext-align: inherit !important;\r\n\t\t\t\tline-height: 1.5;\r\n\t\t\t}\r\n\t\t\t\r\n\t\t<\/style><style>.frs-slideshow-container#pourceaugnacpjc {\r\n\tmargin-top: 25px;\r\n\tmargin-bottom: 75px;\r\n}<\/style><!-- Slideshow generated using Fluid-Responsive-Slideshow, https:\/\/www.tonjoostudio.com\/addons\/fluid-responsive-slideshow\/ -->\r\n\t\t<script type='text\/javascript'>\r\n\t\t\tjQuery(document).ready(function($) {\r\n\t\t\t\t$('#pourceaugnacpjc').frs({\r\n\t\t\t\t\tanimation : 'fade', \/\/ horizontal-slide, vertical-slide, fade\r\n\t\t\t\t\tanimationSpeed :  1600, \/\/ how fast animtions are\r\n\t\t\t\t\ttimer :  true, \/\/ true or false to have the timer\r\n\t\t\t\t\tadvanceSpeed :   2500, \/\/ if timer is enabled, time between transitions\r\n\t\t\t\t\tpauseOnHover : false, \/\/ if you hover pauses the slider\r\n\t\t\t\t\tstartClockOnMouseOut :  false, \/\/ if clock should start on MouseOut\r\n\t\t\t\t\tstartClockOnMouseOutAfter :  800, \/\/ how long after MouseOut should the timer start again\r\n\t\t\t\t\tdirectionalNav : true, \/\/ manual advancing directional navs\r\n\t\t\t\t\tcaptions : true, \/\/ do you want captions?\r\n\t\t\t\t\tcaptionAnimation : 'fade', \/\/ fade, slideOpen, none\r\n\t\t\t\t\tcaptionAnimationSpeed : 800, \/\/ if so how quickly should they animate in\r\n\t\t\t\t\tbullets :  true, \/\/ true or false to activate the bullet navigation\r\n\t\t\t\t\tbulletThumbs : true, \/\/ thumbnails for the bullets\r\n\t\t\t\t\tbulletThumbLocation : '', \/\/ location from this file where thumbs will be\r\n\t\t\t\t\tnavigationSmallTreshold:  false,\r\n\t\t\t\t\tnavigationSmall: 600,\r\n\t\t\t\t\tskinClass: 'frs-skin-default',\r\n\t\t\t\t\twidth: 1200,\r\n\t\t\t\t\theight: 800,\r\n\t\t\t\t\tfullWidth: false,\r\n\t\t\t\t\tminHeight: 300,\r\n\t\t\t\t\tmaxHeight: 0,\r\n\t\t\t\t\tsbullets: false,\r\n\t\t\t\t\tsbulletsItemWidth: 200,\r\n\t\t\t\t\tcontinousSliding: false,\r\n\t\t\t\t\tjsOnly: false\r\n\t\t\t\t});\t\t\r\n\t\t\t\t\t\t\r\n\t\t\t\t\/**\r\n\t\t\t\t * touchSwipe\r\n\t\t\t\t *\/\r\n\t\t\t\t$('#pourceaugnacpjc-slideshow .frs-slide-img').swipe( \r\n\t\t\t\t{\r\n\t\t\t        swipeLeft:function(event, direction, distance, duration, fingerCount) {\r\n\t\t\t\t\t\t$('#pourceaugnacpjc-slideshow .frs-slider-nav .frs-arrow-right').click();\t\t\t\t\t\t\r\n\t\t\t\t\t},\r\n\r\n\t\t\t\t\tswipeRight:function(event, direction, distance, duration, fingerCount) {\r\n\t\t\t\t\t\t$('#pourceaugnacpjc-slideshow .frs-slider-nav .frs-arrow-left').click();\r\n\t\t\t\t\t},\r\n\r\n\t\t\t        triggerOnTouchLeave:true\r\n\t\t\t    });\r\n\t\t\t})\t\t\r\n\t\t<\/script>\r\n\t\t<!--[if lt IE 9]>\r\n\t\t\t<style type='text\/css'>\r\n\t\t\t#pourceaugnacpjc-slideshow .frs-timer { display: none !important; }\r\n\t\t\t#pourceaugnacpjc-slideshow div.caption { background:transparent; filter:progid:DXImageTransform.Microsoft.gradient(startColorstr=#99000000,endColorstr=#99000000);zoom: 1; }\r\n\t\t\t<\/style>\r\n\t\t<![endif]--><div class='frs-slideshow-container' id='pourceaugnacpjc'><div class='frs-slide-img-wrapper' style='display:none;'><div class='frs-slide-img' style = 'display:none;background:#000000' ><img alt='P' src='https:\/\/cie-astrolabe.org\/wp-content\/uploads\/2016\/09\/DD8A5717-copie.jpg' \/><\/div><div class='frs-slide-img' style = 'display:none;background:#000000' ><img alt='P' src='https:\/\/cie-astrolabe.org\/wp-content\/uploads\/2016\/09\/IMG_4070-copie.jpg' \/><\/div><div class='frs-slide-img' style = 'display:none;background:#000000' ><img alt='P' src='https:\/\/cie-astrolabe.org\/wp-content\/uploads\/2016\/09\/DD8A5913r-copie.jpg' \/><\/div><div class='frs-slide-img' style = 'display:none;background:#000000' ><img alt='P' src='https:\/\/cie-astrolabe.org\/wp-content\/uploads\/2016\/09\/IMG_3793-copie.jpg' \/><\/div><div class='frs-slide-img' style = 'display:none;background:#000000' ><img alt='P' src='https:\/\/cie-astrolabe.org\/wp-content\/uploads\/2016\/09\/IMG_3848-copie.jpg' \/><\/div><div class='frs-slide-img' style = 'display:none;background:#000000' ><img alt='P' src='https:\/\/cie-astrolabe.org\/wp-content\/uploads\/2016\/09\/IMG_4182-copie.jpg' \/><\/div><div class='frs-slide-img' style = 'display:none;background:#000000' ><img alt='P' src='https:\/\/cie-astrolabe.org\/wp-content\/uploads\/2016\/05\/DD8A3651.jpg' \/><\/div><div class='frs-slide-img' style = 'display:none;background:#000000' ><img alt='P' src='https:\/\/cie-astrolabe.org\/wp-content\/uploads\/2016\/05\/DD8A4033.jpg' \/><\/div><\/div><\/div><script type='text\/javascript'>jQuery(document).ready(function($){})<\/script><\/p>\n<p style=\"text-align: right;\">Cr\u00e9dits photos: Pierre Neuveglise \/ Maxcasa.net<\/p>\n<h4 class=\"title\"><\/h4>\n<h4 class=\"title\" style=\"text-align: center;\"><a href=\"http:\/\/www.lagrandeparade.fr\/index.php\/l-entree-des-artistes\/theatre\/238-le-monsieur-de-pourceaugnac-de-la-cie-de-l-astrolabe-un-divertissement-very-very-jubilatoire\">Le Monsieur de Pourceaugnac de la Cie de l&rsquo;Astrolabe? Un divertissement very very jubilatoire!<\/a><\/h4>\n<p>&nbsp;<\/p>\n<p>&nbsp;<\/p>\n<h5 style=\"text-align: center;\"><a href=\"https:\/\/cie-astrolabe.org\/wp-content\/uploads\/2016\/05\/plaquettepro.pdf\">T\u00e9l\u00e9charger la plaquette pro<\/a><\/h5>\n","protected":false},"excerpt":{"rendered":"<p>Sur le th\u00e8me du Mariage forc\u00e9, cette com\u00e9die ballet de Moli\u00e8re prend ici des accents de com\u00e9die musicale. La musique baroque c\u00e8de sa place \u00e0 une composition originale qui va <a class=\"more-link\" href=\"https:\/\/cie-astrolabe.org\/?pjc_slideshow=p-7\">Lire la suite \u2192<\/a><\/p>\n","protected":false},"author":1,"featured_media":88,"parent":33,"menu_order":11,"comment_status":"closed","ping_status":"closed","template":"","meta":{"jetpack_post_was_ever_published":false},"yoast_head":"<!-- This site is optimized with the Yoast SEO plugin v20.1 - https:\/\/yoast.com\/wordpress\/plugins\/seo\/ -->\n<title>MONSIEUR DE POURCEAUGNAC - Compagnie de l&#039;Astrolabe<\/title>\n<meta name=\"robots\" content=\"index, follow, max-snippet:-1, max-image-preview:large, max-video-preview:-1\" \/>\n<link rel=\"canonical\" href=\"https:\/\/cie-astrolabe.org\/?page_id=73\" \/>\n<meta property=\"og:locale\" content=\"fr_FR\" \/>\n<meta property=\"og:type\" content=\"article\" \/>\n<meta property=\"og:title\" content=\"MONSIEUR DE POURCEAUGNAC - Compagnie de l&#039;Astrolabe\" \/>\n<meta property=\"og:description\" content=\"Sur le th\u00e8me du Mariage forc\u00e9, cette com\u00e9die ballet de Moli\u00e8re prend ici des accents de com\u00e9die musicale. La musique baroque c\u00e8de sa place \u00e0 une composition originale qui va Lire la suite \u2192\" \/>\n<meta property=\"og:url\" content=\"https:\/\/cie-astrolabe.org\/?page_id=73\" \/>\n<meta property=\"og:site_name\" content=\"Compagnie de l&#039;Astrolabe\" \/>\n<meta property=\"article:publisher\" content=\"https:\/\/www.facebook.com\/cie.delastrolabe.3\" \/>\n<meta property=\"article:modified_time\" content=\"2017-03-27T20:34:34+00:00\" \/>\n<meta name=\"twitter:card\" content=\"summary_large_image\" \/>\n<meta name=\"twitter:label1\" content=\"Dur\u00e9e de lecture estim\u00e9e\" \/>\n\t<meta name=\"twitter:data1\" content=\"2 minutes\" \/>\n<script type=\"application\/ld+json\" class=\"yoast-schema-graph\">{\"@context\":\"https:\/\/schema.org\",\"@graph\":[{\"@type\":\"WebPage\",\"@id\":\"https:\/\/cie-astrolabe.org\/?page_id=73\",\"url\":\"https:\/\/cie-astrolabe.org\/?page_id=73\",\"name\":\"MONSIEUR DE POURCEAUGNAC - Compagnie de l&#039;Astrolabe\",\"isPartOf\":{\"@id\":\"https:\/\/cie-astrolabe.org\/#website\"},\"datePublished\":\"2016-05-25T13:16:34+00:00\",\"dateModified\":\"2017-03-27T20:34:34+00:00\",\"breadcrumb\":{\"@id\":\"https:\/\/cie-astrolabe.org\/?page_id=73#breadcrumb\"},\"inLanguage\":\"fr-FR\",\"potentialAction\":[{\"@type\":\"ReadAction\",\"target\":[\"https:\/\/cie-astrolabe.org\/?page_id=73\"]}]},{\"@type\":\"BreadcrumbList\",\"@id\":\"https:\/\/cie-astrolabe.org\/?page_id=73#breadcrumb\",\"itemListElement\":[{\"@type\":\"ListItem\",\"position\":1,\"name\":\"Accueil\",\"item\":\"https:\/\/cie-astrolabe.org\/\"},{\"@type\":\"ListItem\",\"position\":2,\"name\":\"SPECTACLES\",\"item\":\"https:\/\/cie-astrolabe.org\/?page_id=33\"},{\"@type\":\"ListItem\",\"position\":3,\"name\":\"MONSIEUR DE POURCEAUGNAC\"}]},{\"@type\":\"WebSite\",\"@id\":\"https:\/\/cie-astrolabe.org\/#website\",\"url\":\"https:\/\/cie-astrolabe.org\/\",\"name\":\"Compagnie de l&#039;Astrolabe\",\"description\":\"\",\"publisher\":{\"@id\":\"https:\/\/cie-astrolabe.org\/#organization\"},\"potentialAction\":[{\"@type\":\"SearchAction\",\"target\":{\"@type\":\"EntryPoint\",\"urlTemplate\":\"https:\/\/cie-astrolabe.org\/?s={search_term_string}\"},\"query-input\":\"required name=search_term_string\"}],\"inLanguage\":\"fr-FR\"},{\"@type\":\"Organization\",\"@id\":\"https:\/\/cie-astrolabe.org\/#organization\",\"name\":\"Compagnie de l&#039;Astrolabe\",\"url\":\"https:\/\/cie-astrolabe.org\/\",\"logo\":{\"@type\":\"ImageObject\",\"inLanguage\":\"fr-FR\",\"@id\":\"https:\/\/cie-astrolabe.org\/#\/schema\/logo\/image\/\",\"url\":\"https:\/\/cie-astrolabe.org\/wp-content\/uploads\/2020\/12\/MG1_2124.jpg\",\"contentUrl\":\"https:\/\/cie-astrolabe.org\/wp-content\/uploads\/2020\/12\/MG1_2124.jpg\",\"width\":1092,\"height\":728,\"caption\":\"Compagnie de l&#039;Astrolabe\"},\"image\":{\"@id\":\"https:\/\/cie-astrolabe.org\/#\/schema\/logo\/image\/\"},\"sameAs\":[\"https:\/\/www.facebook.com\/cie.delastrolabe.3\"]}]}<\/script>\n<!-- \/ Yoast SEO plugin. -->","yoast_head_json":{"title":"MONSIEUR DE POURCEAUGNAC - Compagnie de l&#039;Astrolabe","robots":{"index":"index","follow":"follow","max-snippet":"max-snippet:-1","max-image-preview":"max-image-preview:large","max-video-preview":"max-video-preview:-1"},"canonical":"https:\/\/cie-astrolabe.org\/?page_id=73","og_locale":"fr_FR","og_type":"article","og_title":"MONSIEUR DE POURCEAUGNAC - Compagnie de l&#039;Astrolabe","og_description":"Sur le th\u00e8me du Mariage forc\u00e9, cette com\u00e9die ballet de Moli\u00e8re prend ici des accents de com\u00e9die musicale. La musique baroque c\u00e8de sa place \u00e0 une composition originale qui va Lire la suite \u2192","og_url":"https:\/\/cie-astrolabe.org\/?page_id=73","og_site_name":"Compagnie de l&#039;Astrolabe","article_publisher":"https:\/\/www.facebook.com\/cie.delastrolabe.3","article_modified_time":"2017-03-27T20:34:34+00:00","twitter_card":"summary_large_image","twitter_misc":{"Dur\u00e9e de lecture estim\u00e9e":"2 minutes"},"schema":{"@context":"https:\/\/schema.org","@graph":[{"@type":"WebPage","@id":"https:\/\/cie-astrolabe.org\/?page_id=73","url":"https:\/\/cie-astrolabe.org\/?page_id=73","name":"MONSIEUR DE POURCEAUGNAC - Compagnie de l&#039;Astrolabe","isPartOf":{"@id":"https:\/\/cie-astrolabe.org\/#website"},"datePublished":"2016-05-25T13:16:34+00:00","dateModified":"2017-03-27T20:34:34+00:00","breadcrumb":{"@id":"https:\/\/cie-astrolabe.org\/?page_id=73#breadcrumb"},"inLanguage":"fr-FR","potentialAction":[{"@type":"ReadAction","target":["https:\/\/cie-astrolabe.org\/?page_id=73"]}]},{"@type":"BreadcrumbList","@id":"https:\/\/cie-astrolabe.org\/?page_id=73#breadcrumb","itemListElement":[{"@type":"ListItem","position":1,"name":"Accueil","item":"https:\/\/cie-astrolabe.org\/"},{"@type":"ListItem","position":2,"name":"SPECTACLES","item":"https:\/\/cie-astrolabe.org\/?page_id=33"},{"@type":"ListItem","position":3,"name":"MONSIEUR DE POURCEAUGNAC"}]},{"@type":"WebSite","@id":"https:\/\/cie-astrolabe.org\/#website","url":"https:\/\/cie-astrolabe.org\/","name":"Compagnie de l&#039;Astrolabe","description":"","publisher":{"@id":"https:\/\/cie-astrolabe.org\/#organization"},"potentialAction":[{"@type":"SearchAction","target":{"@type":"EntryPoint","urlTemplate":"https:\/\/cie-astrolabe.org\/?s={search_term_string}"},"query-input":"required name=search_term_string"}],"inLanguage":"fr-FR"},{"@type":"Organization","@id":"https:\/\/cie-astrolabe.org\/#organization","name":"Compagnie de l&#039;Astrolabe","url":"https:\/\/cie-astrolabe.org\/","logo":{"@type":"ImageObject","inLanguage":"fr-FR","@id":"https:\/\/cie-astrolabe.org\/#\/schema\/logo\/image\/","url":"https:\/\/cie-astrolabe.org\/wp-content\/uploads\/2020\/12\/MG1_2124.jpg","contentUrl":"https:\/\/cie-astrolabe.org\/wp-content\/uploads\/2020\/12\/MG1_2124.jpg","width":1092,"height":728,"caption":"Compagnie de l&#039;Astrolabe"},"image":{"@id":"https:\/\/cie-astrolabe.org\/#\/schema\/logo\/image\/"},"sameAs":["https:\/\/www.facebook.com\/cie.delastrolabe.3"]}]}},"jetpack_sharing_enabled":true,"jetpack_shortlink":"https:\/\/wp.me\/P7Tcq7-1b","_links":{"self":[{"href":"https:\/\/cie-astrolabe.org\/index.php?rest_route=\/wp\/v2\/pages\/73"}],"collection":[{"href":"https:\/\/cie-astrolabe.org\/index.php?rest_route=\/wp\/v2\/pages"}],"about":[{"href":"https:\/\/cie-astrolabe.org\/index.php?rest_route=\/wp\/v2\/types\/page"}],"author":[{"embeddable":true,"href":"https:\/\/cie-astrolabe.org\/index.php?rest_route=\/wp\/v2\/users\/1"}],"replies":[{"embeddable":true,"href":"https:\/\/cie-astrolabe.org\/index.php?rest_route=%2Fwp%2Fv2%2Fcomments&post=73"}],"version-history":[{"count":27,"href":"https:\/\/cie-astrolabe.org\/index.php?rest_route=\/wp\/v2\/pages\/73\/revisions"}],"predecessor-version":[{"id":595,"href":"https:\/\/cie-astrolabe.org\/index.php?rest_route=\/wp\/v2\/pages\/73\/revisions\/595"}],"up":[{"embeddable":true,"href":"https:\/\/cie-astrolabe.org\/index.php?rest_route=\/wp\/v2\/pages\/33"}],"wp:featuredmedia":[{"embeddable":true,"href":"https:\/\/cie-astrolabe.org\/index.php?rest_route=\/wp\/v2\/media\/88"}],"wp:attachment":[{"href":"https:\/\/cie-astrolabe.org\/index.php?rest_route=%2Fwp%2Fv2%2Fmedia&parent=73"}],"curies":[{"name":"wp","href":"https:\/\/api.w.org\/{rel}","templated":true}]}}