{"id":71,"date":"2016-05-25T15:14:54","date_gmt":"2016-05-25T13:14:54","guid":{"rendered":"http:\/\/localhost:8888\/?page_id=71"},"modified":"2017-03-27T22:31:44","modified_gmt":"2017-03-27T20:31:44","slug":"ocho","status":"publish","type":"page","link":"https:\/\/cie-astrolabe.org\/?page_id=71","title":{"rendered":"OCHO"},"content":{"rendered":"<h1 style=\"text-align: center;\"><span style=\"color: #000000;\"><span style=\"font-family: Arial,sans-serif;\"><span style=\"font-size: large;\">\u00a0<\/span><\/span><\/span><\/h1>\n<p><img decoding=\"async\" loading=\"lazy\" class=\"aligncenter size-large wp-image-40\" src=\"https:\/\/cie-astrolabe.org\/wp-content\/uploads\/2016\/05\/IMG_5269-1024x682.jpg\" alt=\"IMG_5269\" width=\"600\" height=\"400\" srcset=\"https:\/\/cie-astrolabe.org\/wp-content\/uploads\/2016\/05\/IMG_5269.jpg 1024w, https:\/\/cie-astrolabe.org\/wp-content\/uploads\/2016\/05\/IMG_5269-600x400.jpg 600w, https:\/\/cie-astrolabe.org\/wp-content\/uploads\/2016\/05\/IMG_5269-300x200.jpg 300w, https:\/\/cie-astrolabe.org\/wp-content\/uploads\/2016\/05\/IMG_5269-768x512.jpg 768w, https:\/\/cie-astrolabe.org\/wp-content\/uploads\/2016\/05\/IMG_5269-648x432.jpg 648w, https:\/\/cie-astrolabe.org\/wp-content\/uploads\/2016\/05\/IMG_5269-288x192.jpg 288w\" sizes=\"(max-width: 600px) 100vw, 600px\" \/><\/p>\n<h1 style=\"text-align: center;\"><span style=\"color: #b51212;\">\u00a1Ocho! <\/span><\/h1>\n<h2 style=\"text-align: center;\"><span style=\"color: #b51212;\">Un cabaret po\u00e9tique insolent<\/span><\/h2>\n<p align=\"JUSTIFY\">\u2028<span style=\"font-family: Arial,sans-serif;\"><span style=\"font-size: large;\">\u00abSi vous aimez les Tropiques &#8211; les mangues, les papayes, les dictateurs, les plages, Acapulco, Canc\u00fbn, Copacabana -, inscrivez-vous au Club M\u00e9diterran\u00e9e et n&rsquo;oubliez pas d&#8217;emmener Garcia Marquez dans vos valises. Il existe une autre Am\u00e9rique latine\u00bb : Celle de Rodrigo Garcia, Frida Kahlo et d&rsquo;Eduardo Pavlosky&#8230;.artistes argentins et Mexicains.<\/span><\/span><\/p>\n<p align=\"JUSTIFY\"><iframe loading=\"lazy\" src=\"https:\/\/player.vimeo.com\/video\/32934690\" width=\"640\" height=\"360\" frameborder=\"0\" allowfullscreen=\"allowfullscreen\"><\/iframe><\/p>\n<p align=\"JUSTIFY\"><span style=\"font-family: Arial,sans-serif;\"><span style=\"font-size: large;\">La mort est le th\u00e8me principal de ce spectacle. Nous ne la cachons pas. Nous l&rsquo;exposons \u00e0 la lumi\u00e8re des projecteurs dans toute sa cruaut\u00e9. Nous jouons avec. Nous rions avec. Nous la f\u00eatons comme au Mexique. Une f\u00eate pleine de couleurs et de vie.<\/span><\/span><\/p>\n<p align=\"JUSTIFY\"><a href=\"https:\/\/cie-astrolabe.org\/wp-content\/uploads\/2016\/05\/IMG_5333.jpg\"><img decoding=\"async\" loading=\"lazy\" class=\"aligncenter size-large wp-image-36\" src=\"https:\/\/cie-astrolabe.org\/wp-content\/uploads\/2016\/05\/IMG_5333-1024x682.jpg\" alt=\"IMG_5333\" width=\"600\" height=\"400\" srcset=\"https:\/\/cie-astrolabe.org\/wp-content\/uploads\/2016\/05\/IMG_5333.jpg 1024w, https:\/\/cie-astrolabe.org\/wp-content\/uploads\/2016\/05\/IMG_5333-600x400.jpg 600w, https:\/\/cie-astrolabe.org\/wp-content\/uploads\/2016\/05\/IMG_5333-300x200.jpg 300w, https:\/\/cie-astrolabe.org\/wp-content\/uploads\/2016\/05\/IMG_5333-768x512.jpg 768w, https:\/\/cie-astrolabe.org\/wp-content\/uploads\/2016\/05\/IMG_5333-648x432.jpg 648w, https:\/\/cie-astrolabe.org\/wp-content\/uploads\/2016\/05\/IMG_5333-288x192.jpg 288w\" sizes=\"(max-width: 600px) 100vw, 600px\" \/><\/a>R<span style=\"text-align: center;\"><span style=\"font-family: Arial,sans-serif;\"><span style=\"font-size: large;\">\u00e9unir dans un cabaret, Frida Kalho, Rodrigo Garcia, Eduardo Pavlovsky et Pierre Desproges peut para\u00eetre insolite. C&rsquo;est pourtant \u00e0 partir des oeuvres de ces trois artistes latino-am\u00e9ricains et de cet humoriste fran\u00e7ais, que se forme l&rsquo;ossature de notre spectacle. Parce que ces artistes ont en commun l&rsquo;\u00e9tranget\u00e9 et l&rsquo;impertinence. Chacun d&rsquo;eux cr\u00e9ant avec ses mots, son th\u00e9\u00e2tre ou sa peinture des oeuvres fortes.<\/span><\/span><\/span><\/p>\n<p align=\"JUSTIFY\"><style type='text\/css'>\r\n\t\t\t\r\n\t\t\t\t\t\r\n\t\t\t\r\n\t\t\t\t\r\n\t\t\t\t\r\n\t\t\t#ochopjc .frs-wrapper .frs-caption {\r\n\t\t\t\tdisplay:none;\r\n\t\t\t}\r\n\t\t\t#ochopjc-slideshow .frs-caption h4, #ochopjc-slideshow .frs-caption-inner h4{\r\n\t\t\t\tfont-size:22px;\r\n\t\t\t    margin:0px;\t\t\r\n\t\t\t}\r\n\t\t\t#ochopjc-slideshow .frs-caption p, #ochopjc-slideshow .frs-caption-inner p{\r\n\t\t\t    margin:0px;\t\t\r\n\t\t\t    font-size:16px;\r\n\t\t\t}\r\n\t\t\t.frs-slideshow-container span.frs-caption {\r\n\t\t\t\theight: 0px !important;\r\n\t\t\t\tposition: absolute;\r\n\t\t\t}\r\n\t\t\t.frs-caption-content div h1, .frs-caption-content div h2, .frs-caption-content div h3, .frs-caption-content div h4, .frs-caption-content div p {\r\n\t\t\t\tcolor: inherit !important;\r\n\t\t\t\ttext-align: inherit !important;\r\n\t\t\t\tline-height: 1.5;\r\n\t\t\t}\r\n\t\t\t\r\n\t\t<\/style><link rel='stylesheet' href='https:\/\/cie-astrolabe.org\/wp-content\/plugins\/fluid-responsive-slideshow\/buttons\/frs-buttonskin-white.css' type='text\/css'><style>.frs-slideshow-container#ochopjc {\r\n\tmargin-top: 25px;\r\n\tmargin-bottom: 75px;\r\n}<\/style><!-- Slideshow generated using Fluid-Responsive-Slideshow, https:\/\/www.tonjoostudio.com\/addons\/fluid-responsive-slideshow\/ -->\r\n\t\t<script type='text\/javascript'>\r\n\t\t\tjQuery(document).ready(function($) {\r\n\t\t\t\t$('#ochopjc').frs({\r\n\t\t\t\t\tanimation : 'fade', \/\/ horizontal-slide, vertical-slide, fade\r\n\t\t\t\t\tanimationSpeed :  1504, \/\/ how fast animtions are\r\n\t\t\t\t\ttimer :  true, \/\/ true or false to have the timer\r\n\t\t\t\t\tadvanceSpeed :   2500, \/\/ if timer is enabled, time between transitions\r\n\t\t\t\t\tpauseOnHover : false, \/\/ if you hover pauses the slider\r\n\t\t\t\t\tstartClockOnMouseOut :  false, \/\/ if clock should start on MouseOut\r\n\t\t\t\t\tstartClockOnMouseOutAfter :  800, \/\/ how long after MouseOut should the timer start again\r\n\t\t\t\t\tdirectionalNav : true, \/\/ manual advancing directional navs\r\n\t\t\t\t\tcaptions : true, \/\/ do you want captions?\r\n\t\t\t\t\tcaptionAnimation : 'fade', \/\/ fade, slideOpen, none\r\n\t\t\t\t\tcaptionAnimationSpeed : 800, \/\/ if so how quickly should they animate in\r\n\t\t\t\t\tbullets :  true, \/\/ true or false to activate the bullet navigation\r\n\t\t\t\t\tbulletThumbs : true, \/\/ thumbnails for the bullets\r\n\t\t\t\t\tbulletThumbLocation : '', \/\/ location from this file where thumbs will be\r\n\t\t\t\t\tnavigationSmallTreshold:  false,\r\n\t\t\t\t\tnavigationSmall: 600,\r\n\t\t\t\t\tskinClass: 'frs-skin-default',\r\n\t\t\t\t\twidth: 1200,\r\n\t\t\t\t\theight: 800,\r\n\t\t\t\t\tfullWidth: true,\r\n\t\t\t\t\tminHeight: 300,\r\n\t\t\t\t\tmaxHeight: 0,\r\n\t\t\t\t\tsbullets: false,\r\n\t\t\t\t\tsbulletsItemWidth: 200,\r\n\t\t\t\t\tcontinousSliding: false,\r\n\t\t\t\t\tjsOnly: false\r\n\t\t\t\t});\t\t\r\n\t\t\t\t\t\t\r\n\t\t\t\t\/**\r\n\t\t\t\t * touchSwipe\r\n\t\t\t\t *\/\r\n\t\t\t\t$('#ochopjc-slideshow .frs-slide-img').swipe( \r\n\t\t\t\t{\r\n\t\t\t        swipeLeft:function(event, direction, distance, duration, fingerCount) {\r\n\t\t\t\t\t\t$('#ochopjc-slideshow .frs-slider-nav .frs-arrow-right').click();\t\t\t\t\t\t\r\n\t\t\t\t\t},\r\n\r\n\t\t\t\t\tswipeRight:function(event, direction, distance, duration, fingerCount) {\r\n\t\t\t\t\t\t$('#ochopjc-slideshow .frs-slider-nav .frs-arrow-left').click();\r\n\t\t\t\t\t},\r\n\r\n\t\t\t        triggerOnTouchLeave:true\r\n\t\t\t    });\r\n\t\t\t})\t\t\r\n\t\t<\/script>\r\n\t\t<!--[if lt IE 9]>\r\n\t\t\t<style type='text\/css'>\r\n\t\t\t#ochopjc-slideshow .frs-timer { display: none !important; }\r\n\t\t\t#ochopjc-slideshow div.caption { background:transparent; filter:progid:DXImageTransform.Microsoft.gradient(startColorstr=#99000000,endColorstr=#99000000);zoom: 1; }\r\n\t\t\t<\/style>\r\n\t\t<![endif]--><div class='frs-slideshow-container' id='ochopjc'><div class='frs-slide-img-wrapper' style='display:none;'><div class='frs-slide-img' style = 'display:none;background:#000000' ><img alt='Ocho' src='https:\/\/cie-astrolabe.org\/wp-content\/uploads\/2016\/05\/IMG_5333.jpg' \/><\/div><div class='frs-slide-img' style = 'display:none;background:#000000' ><img alt='Ocho' src='https:\/\/cie-astrolabe.org\/wp-content\/uploads\/2016\/05\/IMG_4849.jpg' \/><\/div><div class='frs-slide-img' style = 'display:none;background:#000000' ><img alt='Ocho' src='https:\/\/cie-astrolabe.org\/wp-content\/uploads\/2016\/05\/IMG_4893.jpg' \/><\/div><div class='frs-slide-img' style = 'display:none;background:#000000' ><img alt='ocho' src='https:\/\/cie-astrolabe.org\/wp-content\/uploads\/2016\/05\/IMG_5088.jpg' \/><\/div><div class='frs-slide-img' style = 'display:none;background:#000000' ><img alt='ocho' src='https:\/\/cie-astrolabe.org\/wp-content\/uploads\/2016\/05\/IMG_5653.jpg' \/><\/div><div class='frs-slide-img' style = 'display:none;background:#000000' ><img alt='ocho' src='https:\/\/cie-astrolabe.org\/wp-content\/uploads\/2016\/05\/IMG_4754.jpg' \/><\/div><div class='frs-slide-img' style = 'display:none;background:#000000' ><img alt='ocho' src='https:\/\/cie-astrolabe.org\/wp-content\/uploads\/2016\/05\/IMG_5175.jpg' \/><\/div><div class='frs-slide-img' style = 'display:none;background:#000000' ><img alt='Ocho' src='https:\/\/cie-astrolabe.org\/wp-content\/uploads\/2016\/05\/IMG_5269.jpg' \/><\/div><div class='frs-slide-img' style = 'display:none;background:#000000' ><img alt='ocho' src='https:\/\/cie-astrolabe.org\/wp-content\/uploads\/2016\/05\/IMG_8697.jpg' \/><\/div><\/div><\/div><script type='text\/javascript'>jQuery(document).ready(function($){})<\/script><\/p>\n<p align=\"JUSTIFY\">Cr\u00e9dits photos Pierre Neuveglise<\/p>\n","protected":false},"excerpt":{"rendered":"<p>\u00a0 \u00a1Ocho! Un cabaret po\u00e9tique insolent \u2028\u00abSi vous aimez les Tropiques &#8211; les mangues, les papayes, les dictateurs, les plages, Acapulco, Canc\u00fbn, Copacabana -, inscrivez-vous au Club M\u00e9diterran\u00e9e et n&rsquo;oubliez <a class=\"more-link\" href=\"https:\/\/cie-astrolabe.org\/?pjc_slideshow=ocho-9\">Lire la suite \u2192<\/a><\/p>\n","protected":false},"author":1,"featured_media":37,"parent":33,"menu_order":10,"comment_status":"closed","ping_status":"closed","template":"","meta":{"jetpack_post_was_ever_published":false},"yoast_head":"<!-- This site is optimized with the Yoast SEO plugin v20.1 - https:\/\/yoast.com\/wordpress\/plugins\/seo\/ -->\n<title>OCHO - Compagnie de l&#039;Astrolabe<\/title>\n<meta name=\"robots\" content=\"index, follow, max-snippet:-1, max-image-preview:large, max-video-preview:-1\" \/>\n<link rel=\"canonical\" href=\"https:\/\/cie-astrolabe.org\/?page_id=71\" \/>\n<meta property=\"og:locale\" content=\"fr_FR\" \/>\n<meta property=\"og:type\" content=\"article\" \/>\n<meta property=\"og:title\" content=\"OCHO - Compagnie de l&#039;Astrolabe\" \/>\n<meta property=\"og:description\" content=\"\u00a0 \u00a1Ocho! Un cabaret po\u00e9tique insolent \u2028\u00abSi vous aimez les Tropiques &#8211; les mangues, les papayes, les dictateurs, les plages, Acapulco, Canc\u00fbn, Copacabana -, inscrivez-vous au Club M\u00e9diterran\u00e9e et n&rsquo;oubliez Lire la suite \u2192\" \/>\n<meta property=\"og:url\" content=\"https:\/\/cie-astrolabe.org\/?page_id=71\" \/>\n<meta property=\"og:site_name\" content=\"Compagnie de l&#039;Astrolabe\" \/>\n<meta property=\"article:publisher\" content=\"https:\/\/www.facebook.com\/cie.delastrolabe.3\" \/>\n<meta property=\"article:modified_time\" content=\"2017-03-27T20:31:44+00:00\" \/>\n<meta name=\"twitter:card\" content=\"summary_large_image\" \/>\n<meta name=\"twitter:label1\" content=\"Dur\u00e9e de lecture estim\u00e9e\" \/>\n\t<meta name=\"twitter:data1\" content=\"1 minute\" \/>\n<script type=\"application\/ld+json\" class=\"yoast-schema-graph\">{\"@context\":\"https:\/\/schema.org\",\"@graph\":[{\"@type\":\"WebPage\",\"@id\":\"https:\/\/cie-astrolabe.org\/?page_id=71\",\"url\":\"https:\/\/cie-astrolabe.org\/?page_id=71\",\"name\":\"OCHO - Compagnie de l&#039;Astrolabe\",\"isPartOf\":{\"@id\":\"https:\/\/cie-astrolabe.org\/#website\"},\"datePublished\":\"2016-05-25T13:14:54+00:00\",\"dateModified\":\"2017-03-27T20:31:44+00:00\",\"breadcrumb\":{\"@id\":\"https:\/\/cie-astrolabe.org\/?page_id=71#breadcrumb\"},\"inLanguage\":\"fr-FR\",\"potentialAction\":[{\"@type\":\"ReadAction\",\"target\":[\"https:\/\/cie-astrolabe.org\/?page_id=71\"]}]},{\"@type\":\"BreadcrumbList\",\"@id\":\"https:\/\/cie-astrolabe.org\/?page_id=71#breadcrumb\",\"itemListElement\":[{\"@type\":\"ListItem\",\"position\":1,\"name\":\"Accueil\",\"item\":\"https:\/\/cie-astrolabe.org\/\"},{\"@type\":\"ListItem\",\"position\":2,\"name\":\"SPECTACLES\",\"item\":\"https:\/\/cie-astrolabe.org\/?page_id=33\"},{\"@type\":\"ListItem\",\"position\":3,\"name\":\"OCHO\"}]},{\"@type\":\"WebSite\",\"@id\":\"https:\/\/cie-astrolabe.org\/#website\",\"url\":\"https:\/\/cie-astrolabe.org\/\",\"name\":\"Compagnie de l&#039;Astrolabe\",\"description\":\"\",\"publisher\":{\"@id\":\"https:\/\/cie-astrolabe.org\/#organization\"},\"potentialAction\":[{\"@type\":\"SearchAction\",\"target\":{\"@type\":\"EntryPoint\",\"urlTemplate\":\"https:\/\/cie-astrolabe.org\/?s={search_term_string}\"},\"query-input\":\"required name=search_term_string\"}],\"inLanguage\":\"fr-FR\"},{\"@type\":\"Organization\",\"@id\":\"https:\/\/cie-astrolabe.org\/#organization\",\"name\":\"Compagnie de l&#039;Astrolabe\",\"url\":\"https:\/\/cie-astrolabe.org\/\",\"logo\":{\"@type\":\"ImageObject\",\"inLanguage\":\"fr-FR\",\"@id\":\"https:\/\/cie-astrolabe.org\/#\/schema\/logo\/image\/\",\"url\":\"https:\/\/cie-astrolabe.org\/wp-content\/uploads\/2020\/12\/MG1_2124.jpg\",\"contentUrl\":\"https:\/\/cie-astrolabe.org\/wp-content\/uploads\/2020\/12\/MG1_2124.jpg\",\"width\":1092,\"height\":728,\"caption\":\"Compagnie de l&#039;Astrolabe\"},\"image\":{\"@id\":\"https:\/\/cie-astrolabe.org\/#\/schema\/logo\/image\/\"},\"sameAs\":[\"https:\/\/www.facebook.com\/cie.delastrolabe.3\"]}]}<\/script>\n<!-- \/ Yoast SEO plugin. -->","yoast_head_json":{"title":"OCHO - Compagnie de l&#039;Astrolabe","robots":{"index":"index","follow":"follow","max-snippet":"max-snippet:-1","max-image-preview":"max-image-preview:large","max-video-preview":"max-video-preview:-1"},"canonical":"https:\/\/cie-astrolabe.org\/?page_id=71","og_locale":"fr_FR","og_type":"article","og_title":"OCHO - Compagnie de l&#039;Astrolabe","og_description":"\u00a0 \u00a1Ocho! Un cabaret po\u00e9tique insolent \u2028\u00abSi vous aimez les Tropiques &#8211; les mangues, les papayes, les dictateurs, les plages, Acapulco, Canc\u00fbn, Copacabana -, inscrivez-vous au Club M\u00e9diterran\u00e9e et n&rsquo;oubliez Lire la suite \u2192","og_url":"https:\/\/cie-astrolabe.org\/?page_id=71","og_site_name":"Compagnie de l&#039;Astrolabe","article_publisher":"https:\/\/www.facebook.com\/cie.delastrolabe.3","article_modified_time":"2017-03-27T20:31:44+00:00","twitter_card":"summary_large_image","twitter_misc":{"Dur\u00e9e de lecture estim\u00e9e":"1 minute"},"schema":{"@context":"https:\/\/schema.org","@graph":[{"@type":"WebPage","@id":"https:\/\/cie-astrolabe.org\/?page_id=71","url":"https:\/\/cie-astrolabe.org\/?page_id=71","name":"OCHO - Compagnie de l&#039;Astrolabe","isPartOf":{"@id":"https:\/\/cie-astrolabe.org\/#website"},"datePublished":"2016-05-25T13:14:54+00:00","dateModified":"2017-03-27T20:31:44+00:00","breadcrumb":{"@id":"https:\/\/cie-astrolabe.org\/?page_id=71#breadcrumb"},"inLanguage":"fr-FR","potentialAction":[{"@type":"ReadAction","target":["https:\/\/cie-astrolabe.org\/?page_id=71"]}]},{"@type":"BreadcrumbList","@id":"https:\/\/cie-astrolabe.org\/?page_id=71#breadcrumb","itemListElement":[{"@type":"ListItem","position":1,"name":"Accueil","item":"https:\/\/cie-astrolabe.org\/"},{"@type":"ListItem","position":2,"name":"SPECTACLES","item":"https:\/\/cie-astrolabe.org\/?page_id=33"},{"@type":"ListItem","position":3,"name":"OCHO"}]},{"@type":"WebSite","@id":"https:\/\/cie-astrolabe.org\/#website","url":"https:\/\/cie-astrolabe.org\/","name":"Compagnie de l&#039;Astrolabe","description":"","publisher":{"@id":"https:\/\/cie-astrolabe.org\/#organization"},"potentialAction":[{"@type":"SearchAction","target":{"@type":"EntryPoint","urlTemplate":"https:\/\/cie-astrolabe.org\/?s={search_term_string}"},"query-input":"required name=search_term_string"}],"inLanguage":"fr-FR"},{"@type":"Organization","@id":"https:\/\/cie-astrolabe.org\/#organization","name":"Compagnie de l&#039;Astrolabe","url":"https:\/\/cie-astrolabe.org\/","logo":{"@type":"ImageObject","inLanguage":"fr-FR","@id":"https:\/\/cie-astrolabe.org\/#\/schema\/logo\/image\/","url":"https:\/\/cie-astrolabe.org\/wp-content\/uploads\/2020\/12\/MG1_2124.jpg","contentUrl":"https:\/\/cie-astrolabe.org\/wp-content\/uploads\/2020\/12\/MG1_2124.jpg","width":1092,"height":728,"caption":"Compagnie de l&#039;Astrolabe"},"image":{"@id":"https:\/\/cie-astrolabe.org\/#\/schema\/logo\/image\/"},"sameAs":["https:\/\/www.facebook.com\/cie.delastrolabe.3"]}]}},"jetpack_sharing_enabled":true,"jetpack_shortlink":"https:\/\/wp.me\/P7Tcq7-19","_links":{"self":[{"href":"https:\/\/cie-astrolabe.org\/index.php?rest_route=\/wp\/v2\/pages\/71"}],"collection":[{"href":"https:\/\/cie-astrolabe.org\/index.php?rest_route=\/wp\/v2\/pages"}],"about":[{"href":"https:\/\/cie-astrolabe.org\/index.php?rest_route=\/wp\/v2\/types\/page"}],"author":[{"embeddable":true,"href":"https:\/\/cie-astrolabe.org\/index.php?rest_route=\/wp\/v2\/users\/1"}],"replies":[{"embeddable":true,"href":"https:\/\/cie-astrolabe.org\/index.php?rest_route=%2Fwp%2Fv2%2Fcomments&post=71"}],"version-history":[{"count":17,"href":"https:\/\/cie-astrolabe.org\/index.php?rest_route=\/wp\/v2\/pages\/71\/revisions"}],"predecessor-version":[{"id":594,"href":"https:\/\/cie-astrolabe.org\/index.php?rest_route=\/wp\/v2\/pages\/71\/revisions\/594"}],"up":[{"embeddable":true,"href":"https:\/\/cie-astrolabe.org\/index.php?rest_route=\/wp\/v2\/pages\/33"}],"wp:featuredmedia":[{"embeddable":true,"href":"https:\/\/cie-astrolabe.org\/index.php?rest_route=\/wp\/v2\/media\/37"}],"wp:attachment":[{"href":"https:\/\/cie-astrolabe.org\/index.php?rest_route=%2Fwp%2Fv2%2Fmedia&parent=71"}],"curies":[{"name":"wp","href":"https:\/\/api.w.org\/{rel}","templated":true}]}}