{"id":641,"date":"2017-05-11T21:18:15","date_gmt":"2017-05-11T19:18:15","guid":{"rendered":"http:\/\/cie-astrolabe.org\/?page_id=641"},"modified":"2017-05-11T21:18:15","modified_gmt":"2017-05-11T19:18:15","slug":"nicolas-pichot-comedien-metteur-en-scene","status":"publish","type":"page","link":"https:\/\/cie-astrolabe.org\/?page_id=641","title":{"rendered":"Nicolas Pichot , Com\u00e9dien, Metteur en Sc\u00e8ne"},"content":{"rendered":"<div id=\"attachment_606\" style=\"width: 299px\" class=\"wp-caption alignleft\"><a href=\"https:\/\/cie-astrolabe.org\/wp-content\/uploads\/2017\/04\/NICOLAS-400x400.png\"><img aria-describedby=\"caption-attachment-606\" decoding=\"async\" loading=\"lazy\" class=\"size-full wp-image-606\" src=\"https:\/\/cie-astrolabe.org\/wp-content\/uploads\/2017\/04\/NICOLAS-400x400.png\" alt=\"\" width=\"289\" height=\"400\" \/><\/a><p id=\"caption-attachment-606\" class=\"wp-caption-text\">NICOLAS<\/p><\/div>\n<p class=\"western\" align=\"justify\"><span style=\"font-family: Times New Roman,serif;\">Com\u00e9dien depuis 1996, Nicolas Pichot est form\u00e9 sous la houlette d\u2019Emmanuel Ray, au Th\u00e9\u00e2tre en Pi\u00e8ces \u00e0 Chartres (1992-1997)<\/span><\/p>\n<p class=\"western\" lang=\"en-US\" align=\"justify\"><span style=\"font-family: Times New Roman,serif;\"><span lang=\"fr-FR\">Il parfait sa formation \u00e0 l\u2019Atelier Volant au Th\u00e9\u00e2tre National de Toulouse en 1998-1999, dirig\u00e9 par Jacques Nichet. Lors de cette formation, il joue dans <\/span><\/span><span style=\"font-family: Times New Roman,serif;\"><span lang=\"fr-FR\"><i><b>La Chanson venue de la Mer<\/b><\/i><\/span><\/span><span style=\"font-family: Times New Roman,serif;\"><span lang=\"fr-FR\"> de M.Kenny, mis en sc\u00e8ne par Jacques Nichet, dans <\/span><\/span><span style=\"font-family: Times New Roman,serif;\"><span lang=\"fr-FR\"><i><b>Chat et Souris (moutons)<\/b><\/i><\/span><\/span><span style=\"font-family: Times New Roman,serif;\"><span lang=\"fr-FR\"> et dans <\/span><\/span><span style=\"font-family: Times New Roman,serif;\"><span lang=\"fr-FR\"><i><b>Ambulance<\/b><\/i><\/span><\/span><span style=\"font-family: Times New Roman,serif;\"><span lang=\"fr-FR\"> de G.Motton, mis en sc\u00e8ne par J\u00e9rome Hankins, et travaille avec Julie Brochen, Catherine Marnas, Jean-Jacques Matteu\u2026 <\/span><\/span><\/p>\n<p class=\"western\" lang=\"en-US\" align=\"justify\"><span style=\"font-family: Times New Roman,serif;\"><span lang=\"fr-FR\">En 2001, Il int\u00e8gre la Compagnie Pourquoi Pas &#8211; Les Th\u00e9l\u00e9mites \u00e0 Montpellier et joue dans les spectacles mis en sc\u00e8ne par S\u00e9bastien Lagord (<\/span><\/span><span style=\"font-family: Times New Roman,serif;\"><span lang=\"fr-FR\"><i><b>S\u00e9rie Noire<\/b><\/i><\/span><\/span><span style=\"font-family: Times New Roman,serif;\"><span lang=\"fr-FR\">, <\/span><\/span><span style=\"font-family: Times New Roman,serif;\"><span lang=\"fr-FR\"><i><b>Les Cancans <\/b><\/i><\/span><\/span><span style=\"font-family: Times New Roman,serif;\"><span lang=\"fr-FR\">de C.Goldoni, <\/span><\/span><span style=\"font-family: Times New Roman,serif;\"><span lang=\"fr-FR\"><i><b>T.S.F<\/b><\/i><\/span><\/span><span style=\"font-family: Times New Roman,serif;\"><span lang=\"fr-FR\">\u2026) et par Fr\u00e9d\u00e9ric Tournaire (<\/span><\/span><span style=\"font-family: Times New Roman,serif;\"><span lang=\"fr-FR\"><i><b>La Nuit des Rois<\/b><\/i><\/span><\/span><span style=\"font-family: Times New Roman,serif;\"><span lang=\"fr-FR\"> de W.Shakespeare, <\/span><\/span><span style=\"font-family: Times New Roman,serif;\"><span lang=\"fr-FR\"><i><b>Mort accidentelle d\u2019un anarchiste <\/b><\/i><\/span><\/span><span style=\"font-family: Times New Roman,serif;\"><span lang=\"fr-FR\">de Dario Fo, <\/span><\/span><span style=\"font-family: Times New Roman,serif;\"><span lang=\"fr-FR\"><i><b>Le Balcon<\/b><\/i><\/span><\/span><span style=\"font-family: Times New Roman,serif;\"><span lang=\"fr-FR\"> de J.Genet\u2026).<\/span><\/span><\/p>\n<p class=\"western\" lang=\"en-US\" align=\"justify\"><span style=\"font-family: Times New Roman,serif;\"><span lang=\"fr-FR\">Parall\u00e8lement, il travaille avec Richard Mitou dans <\/span><\/span><span style=\"font-family: Times New Roman,serif;\"><span lang=\"fr-FR\"><i><b>le Parc<\/b><\/i><\/span><\/span><span style=\"font-family: Times New Roman,serif;\"><span lang=\"fr-FR\"> de B.Strauss, <\/span><\/span><span style=\"font-family: Times New Roman,serif;\"><span lang=\"fr-FR\"><i><b>Les R\u00e8gles du Savoir-vivre dans la soci\u00e9t\u00e9 moderne<\/b><\/i><\/span><\/span><span style=\"font-family: Times New Roman,serif;\"><span lang=\"fr-FR\"> de J-L.Lagarce et <\/span><\/span><span style=\"font-family: Times New Roman,serif;\"><span lang=\"fr-FR\"><i><b>Les Histrions<\/b><\/i><\/span><\/span><span style=\"font-family: Times New Roman,serif;\"><span lang=\"fr-FR\"> de M.Aubert, avec Herv\u00e9 Dartiguelongue dans<\/span><\/span><span style=\"font-family: Times New Roman,serif;\"><span lang=\"fr-FR\"><i><b> La Cagnotte <\/b><\/i><\/span><\/span><span style=\"font-family: Times New Roman,serif;\"><span lang=\"fr-FR\">d\u2019E.Labiche, Gilbert Rouvi\u00e8re dans<\/span><\/span><i> <\/i><span style=\"font-family: Times New Roman,serif;\"><span lang=\"fr-FR\"><i><b>Le Mariage de Figaro<\/b><\/i><\/span><\/span><b> <\/b><span style=\"font-family: Times New Roman,serif;\"><span lang=\"fr-FR\">de Beaumarchais et Tony Cafiero dans <\/span><\/span><span style=\"font-family: Times New Roman,serif;\"><span lang=\"fr-FR\"><i><b>Le R\u00e9vizor <\/b><\/i><\/span><\/span><span style=\"font-family: Times New Roman,serif;\"><span lang=\"fr-FR\">de Gogol et dans<\/span><\/span><span style=\"font-family: Times New Roman,serif;\"><span lang=\"fr-FR\"><i><b> Le Chien, la Nuit et le Couteau<\/b><\/i><\/span><\/span><span style=\"font-family: Times New Roman,serif;\"><span lang=\"fr-FR\"> de M.von Mayenburg.<\/span><\/span><\/p>\n<p class=\"western\" lang=\"en-US\" align=\"justify\"><span style=\"font-family: Times New Roman,serif;\"><span lang=\"fr-FR\">Il a \u00e9galement retravaill\u00e9 avec Emmanuel Ray dans un certain nombre de ses spectacles\u00a0dont, <\/span><\/span><span style=\"font-family: Times New Roman,serif;\"><span lang=\"fr-FR\"><i><b>A\u00efsha<\/b><\/i><\/span><\/span><span style=\"font-family: Times New Roman,serif;\"><span lang=\"fr-FR\"> de C.Bident, <\/span><\/span><span style=\"font-family: Times New Roman,serif;\"><span lang=\"fr-FR\"><i><b>l\u2019Annonce faite \u00e0 Marie <\/b><\/i><\/span><\/span><span style=\"font-family: Times New Roman,serif;\"><span lang=\"fr-FR\">de P.Claudel, <\/span><\/span><span style=\"font-family: Times New Roman,serif;\"><span lang=\"fr-FR\"><i><b>Je m&rsquo;appelle Don Quichotte<\/b><\/i><\/span><\/span><span style=\"font-family: Times New Roman,serif;\"><span lang=\"fr-FR\">, une adaptation de Don Quichotte de M.Cervantes par Mathieu Genet et dans <\/span><\/span><span style=\"font-family: Times New Roman,serif;\"><span lang=\"fr-FR\"><i><b>Caligula<\/b><\/i><\/span><\/span><span style=\"font-family: Times New Roman,serif;\"><span lang=\"fr-FR\"> d&rsquo;A.Camus.<\/span><\/span><\/p>\n<p class=\"western\" lang=\"en-US\" align=\"justify\"><span style=\"font-family: Times New Roman,serif;\"><span lang=\"fr-FR\">En 2008, il cr\u00e9e avec S\u00e9bastien Lagord la compagnie de l\u2019Astrolabe, et joue dans <\/span><\/span><span style=\"font-family: Times New Roman,serif;\"><span lang=\"fr-FR\"><i><b>Autour de Gabo<\/b><\/i><\/span><\/span><span style=\"font-family: Times New Roman,serif;\"><span lang=\"fr-FR\"> et dans<\/span><\/span> <span style=\"font-family: Times New Roman,serif;\"><span lang=\"fr-FR\"><i><b>L&rsquo;incroyable et triste histoire de la candide Erendira et de sa grand-m\u00e8re diabolique <\/b><\/i><\/span><\/span><span style=\"font-family: Times New Roman,serif;\"><span lang=\"fr-FR\">d\u2019apr\u00e8s des \u0153uvres de GG.Marquez, <\/span><\/span><span style=\"font-family: Times New Roman,serif;\"><span lang=\"fr-FR\"><i><b>Monsieur de Pourceaugnac<\/b><\/i><\/span><\/span><b> <\/b><span style=\"font-family: Times New Roman,serif;\"><span lang=\"fr-FR\">de Moli\u00e8re, programm\u00e9 au Printemps des Com\u00e9diens 2010 puis <\/span><\/span><span style=\"font-family: Times New Roman,serif;\"><span lang=\"fr-FR\"><i><b>Ocho\u00a0!<\/b><\/i><\/span><\/span><span style=\"font-family: Times New Roman,serif;\"><span lang=\"fr-FR\">, un cabaret autour de la figure de Frida Kahlo et sur des textes de Rodrigo Garcia, spectacles mis en sc\u00e8ne par S\u00e9bastien Lagord.<\/span><\/span><\/p>\n<p class=\"western\" lang=\"en-US\" align=\"justify\"><span style=\"font-family: Times New Roman,serif;\"><span lang=\"fr-FR\">En 2010, il initie \u00e9galement le projet autour du roman d&rsquo;\u00d6d\u00f6n von Horv\u00e0th, <\/span><\/span><span style=\"font-family: Times New Roman,serif;\"><span lang=\"fr-FR\"><i><b>Jeunesse sans Dieu<\/b><\/i><\/span><\/span><span style=\"font-family: Times New Roman,serif;\"><span lang=\"fr-FR\"><i>,<\/i><\/span><\/span><span style=\"font-family: Times New Roman,serif;\"><span lang=\"fr-FR\"> spectacle qu\u2019il a adapt\u00e9 et joue seul en sc\u00e8ne. Emmanuel Ray en a sign\u00e9 la mise en sc\u00e8ne.<\/span><\/span><\/p>\n<p class=\"western\" lang=\"en-US\" align=\"justify\"><span style=\"font-family: Times New Roman,serif;\"><span lang=\"fr-FR\">Ses activ<\/span><\/span><span style=\"font-family: Times New Roman,serif;\"><span lang=\"fr-FR\">it\u00e9s de metteur en sc\u00e8ne ont<\/span><\/span><span style=\"font-family: Times New Roman,serif;\"><span lang=\"fr-FR\"> d\u00e9but\u00e9 avec la Cie Les Th\u00e9l\u00e9mites, avec laquelle il a cr\u00e9e<\/span><\/span> <span style=\"font-family: Times New Roman,serif;\"><span lang=\"fr-FR\"><i><b>Histoire(s) d\u2019autre(s)<\/b><\/i><\/span><\/span><span style=\"font-family: Times New Roman,serif;\"><span lang=\"fr-FR\">, montage de texte d\u2019apr\u00e8s R.Fichet et M.Guerrero,<\/span><\/span> <span style=\"font-family: Times New Roman,serif;\"><span lang=\"fr-FR\"><i><b>Donc<\/b><\/i><\/span><\/span><span style=\"font-family: Times New Roman,serif;\"><span lang=\"fr-FR\"> de J-Y.Picq, <\/span><\/span><span style=\"font-family: Times New Roman,serif;\"><span lang=\"fr-FR\"><i><b>Ode \u00e0 la Dive Bouteille<\/b><\/i><\/span><\/span><span style=\"font-family: Times New Roman,serif;\"><span lang=\"fr-FR\">, cabaret d\u2019apr\u00e8s l\u2019\u0153uvre de Rabelais au th\u00e9\u00e2tre Jean Vilar \u00e0 Montpellier et <\/span><\/span><span style=\"font-family: Times New Roman,serif;\"><span lang=\"fr-FR\"><i><b>Le Grand Cabaret Brechtien<\/b><\/i><\/span><\/span><span style=\"font-family: Times New Roman,serif;\"><span lang=\"fr-FR\">, co-mis en sc\u00e8ne avec S\u00e9bastien Lagord, pour la Sc\u00e8ne Nationale de S\u00e8te. <\/span><\/span><\/p>\n<p class=\"western\" lang=\"en-US\" align=\"justify\"><span style=\"font-family: Times New Roman,serif;\"><span lang=\"fr-FR\">En 2014 et 2015, il cr\u00e9e<\/span><\/span><span style=\"font-family: Times New Roman,serif;\"><span lang=\"fr-FR\"> deux spectacles avec les \u00e9l\u00e8ves d\u2019Initiation de l\u2019ENSAD Montpellier Agglom\u00e9ration\u00a0: <\/span><\/span><span style=\"font-family: Times New Roman,serif;\"><span lang=\"fr-FR\"><i><b>Perplexe<\/b><\/i><\/span><\/span><span style=\"font-family: Times New Roman,serif;\"><span lang=\"fr-FR\"> de M.von Mayenburg et <\/span><\/span><span style=\"font-family: Times New Roman,serif;\"><span lang=\"fr-FR\"><i><b>La R\u00e9unification des deux Cor\u00e9es<\/b><\/i><\/span><\/span><span style=\"font-family: Times New Roman,serif;\"><span lang=\"fr-FR\"> de J.Pommerat.<\/span><\/span><\/p>\n<p class=\"western\" lang=\"en-US\" align=\"justify\"><span style=\"font-family: Times New Roman,serif;\"><span lang=\"fr-FR\">En 2015, il dirige le monologue \u00e9crit et jou\u00e9 par Laurent Pit, <\/span><\/span><span style=\"font-family: Times New Roman,serif;\"><span lang=\"fr-FR\"><i><b>Antigone dans la T\u00eate<\/b><\/i><\/span><\/span><span style=\"font-family: Times New Roman,serif;\"><span lang=\"fr-FR\"> au th\u00e9\u00e2tre G\u00e9rard Philippe \u00e0 Montpellier.<\/span><\/span><\/p>\n<p class=\"western\" lang=\"en-US\" align=\"justify\"><span style=\"font-family: Times New Roman,serif;\"><span lang=\"fr-FR\">En octobre 2016, il met en sc\u00e8ne Guilhem Dumont de la Cie du Poing de Singe dans son solo de cirque intitul\u00e9 <\/span><\/span><span style=\"font-family: Times New Roman,serif;\"><span lang=\"fr-FR\"><i><b>Freine pas si vite.<\/b><\/i><\/span><\/span><\/p>\n<p class=\"western\" lang=\"en-US\" align=\"justify\"><span style=\"font-family: Times New Roman,serif;\"><span lang=\"fr-FR\"><i><b>D\u00e9brayage <\/b><\/i><\/span><\/span><span style=\"font-family: Times New Roman,serif;\"><span lang=\"fr-FR\">est sa derni\u00e8re cr\u00e9ation.<\/span><\/span><\/p>\n","protected":false},"excerpt":{"rendered":"<p>Com\u00e9dien depuis 1996, Nicolas Pichot est form\u00e9 sous la houlette d\u2019Emmanuel Ray, au Th\u00e9\u00e2tre en Pi\u00e8ces \u00e0 Chartres (1992-1997) Il parfait sa formation \u00e0 l\u2019Atelier Volant au Th\u00e9\u00e2tre National de <a class=\"more-link\" href=\"https:\/\/cie-astrolabe.org\/?page_id=641\">Lire la suite \u2192<\/a><\/p>\n","protected":false},"author":1,"featured_media":0,"parent":0,"menu_order":0,"comment_status":"closed","ping_status":"closed","template":"","meta":{"jetpack_post_was_ever_published":false},"yoast_head":"<!-- This site is optimized with the Yoast SEO plugin v20.1 - https:\/\/yoast.com\/wordpress\/plugins\/seo\/ -->\n<title>Nicolas Pichot , Com\u00e9dien, Metteur en Sc\u00e8ne - Compagnie de l&#039;Astrolabe<\/title>\n<meta name=\"robots\" content=\"index, follow, max-snippet:-1, max-image-preview:large, max-video-preview:-1\" \/>\n<link rel=\"canonical\" href=\"https:\/\/cie-astrolabe.org\/?page_id=641\" \/>\n<meta property=\"og:locale\" content=\"fr_FR\" \/>\n<meta property=\"og:type\" content=\"article\" \/>\n<meta property=\"og:title\" content=\"Nicolas Pichot , Com\u00e9dien, Metteur en Sc\u00e8ne - Compagnie de l&#039;Astrolabe\" \/>\n<meta property=\"og:description\" content=\"Com\u00e9dien depuis 1996, Nicolas Pichot est form\u00e9 sous la houlette d\u2019Emmanuel Ray, au Th\u00e9\u00e2tre en Pi\u00e8ces \u00e0 Chartres (1992-1997) Il parfait sa formation \u00e0 l\u2019Atelier Volant au Th\u00e9\u00e2tre National de Lire la suite \u2192\" \/>\n<meta property=\"og:url\" content=\"https:\/\/cie-astrolabe.org\/?page_id=641\" \/>\n<meta property=\"og:site_name\" content=\"Compagnie de l&#039;Astrolabe\" \/>\n<meta property=\"article:publisher\" content=\"https:\/\/www.facebook.com\/cie.delastrolabe.3\" \/>\n<meta property=\"og:image\" content=\"http:\/\/cie-astrolabe.org\/wp-content\/uploads\/2017\/04\/NICOLAS-400x400.png\" \/>\n<meta name=\"twitter:card\" content=\"summary_large_image\" \/>\n<meta name=\"twitter:label1\" content=\"Dur\u00e9e de lecture estim\u00e9e\" \/>\n\t<meta name=\"twitter:data1\" content=\"3 minutes\" \/>\n<script type=\"application\/ld+json\" class=\"yoast-schema-graph\">{\"@context\":\"https:\/\/schema.org\",\"@graph\":[{\"@type\":\"WebPage\",\"@id\":\"https:\/\/cie-astrolabe.org\/?page_id=641\",\"url\":\"https:\/\/cie-astrolabe.org\/?page_id=641\",\"name\":\"Nicolas Pichot , Com\u00e9dien, Metteur en Sc\u00e8ne - Compagnie de l&#039;Astrolabe\",\"isPartOf\":{\"@id\":\"https:\/\/cie-astrolabe.org\/#website\"},\"datePublished\":\"2017-05-11T19:18:15+00:00\",\"dateModified\":\"2017-05-11T19:18:15+00:00\",\"breadcrumb\":{\"@id\":\"https:\/\/cie-astrolabe.org\/?page_id=641#breadcrumb\"},\"inLanguage\":\"fr-FR\",\"potentialAction\":[{\"@type\":\"ReadAction\",\"target\":[\"https:\/\/cie-astrolabe.org\/?page_id=641\"]}]},{\"@type\":\"BreadcrumbList\",\"@id\":\"https:\/\/cie-astrolabe.org\/?page_id=641#breadcrumb\",\"itemListElement\":[{\"@type\":\"ListItem\",\"position\":1,\"name\":\"Accueil\",\"item\":\"https:\/\/cie-astrolabe.org\/\"},{\"@type\":\"ListItem\",\"position\":2,\"name\":\"Nicolas Pichot , Com\u00e9dien, Metteur en Sc\u00e8ne\"}]},{\"@type\":\"WebSite\",\"@id\":\"https:\/\/cie-astrolabe.org\/#website\",\"url\":\"https:\/\/cie-astrolabe.org\/\",\"name\":\"Compagnie de l&#039;Astrolabe\",\"description\":\"\",\"publisher\":{\"@id\":\"https:\/\/cie-astrolabe.org\/#organization\"},\"potentialAction\":[{\"@type\":\"SearchAction\",\"target\":{\"@type\":\"EntryPoint\",\"urlTemplate\":\"https:\/\/cie-astrolabe.org\/?s={search_term_string}\"},\"query-input\":\"required name=search_term_string\"}],\"inLanguage\":\"fr-FR\"},{\"@type\":\"Organization\",\"@id\":\"https:\/\/cie-astrolabe.org\/#organization\",\"name\":\"Compagnie de l&#039;Astrolabe\",\"url\":\"https:\/\/cie-astrolabe.org\/\",\"logo\":{\"@type\":\"ImageObject\",\"inLanguage\":\"fr-FR\",\"@id\":\"https:\/\/cie-astrolabe.org\/#\/schema\/logo\/image\/\",\"url\":\"https:\/\/cie-astrolabe.org\/wp-content\/uploads\/2020\/12\/MG1_2124.jpg\",\"contentUrl\":\"https:\/\/cie-astrolabe.org\/wp-content\/uploads\/2020\/12\/MG1_2124.jpg\",\"width\":1092,\"height\":728,\"caption\":\"Compagnie de l&#039;Astrolabe\"},\"image\":{\"@id\":\"https:\/\/cie-astrolabe.org\/#\/schema\/logo\/image\/\"},\"sameAs\":[\"https:\/\/www.facebook.com\/cie.delastrolabe.3\"]}]}<\/script>\n<!-- \/ Yoast SEO plugin. -->","yoast_head_json":{"title":"Nicolas Pichot , Com\u00e9dien, Metteur en Sc\u00e8ne - Compagnie de l&#039;Astrolabe","robots":{"index":"index","follow":"follow","max-snippet":"max-snippet:-1","max-image-preview":"max-image-preview:large","max-video-preview":"max-video-preview:-1"},"canonical":"https:\/\/cie-astrolabe.org\/?page_id=641","og_locale":"fr_FR","og_type":"article","og_title":"Nicolas Pichot , Com\u00e9dien, Metteur en Sc\u00e8ne - Compagnie de l&#039;Astrolabe","og_description":"Com\u00e9dien depuis 1996, Nicolas Pichot est form\u00e9 sous la houlette d\u2019Emmanuel Ray, au Th\u00e9\u00e2tre en Pi\u00e8ces \u00e0 Chartres (1992-1997) Il parfait sa formation \u00e0 l\u2019Atelier Volant au Th\u00e9\u00e2tre National de Lire la suite \u2192","og_url":"https:\/\/cie-astrolabe.org\/?page_id=641","og_site_name":"Compagnie de l&#039;Astrolabe","article_publisher":"https:\/\/www.facebook.com\/cie.delastrolabe.3","og_image":[{"url":"http:\/\/cie-astrolabe.org\/wp-content\/uploads\/2017\/04\/NICOLAS-400x400.png"}],"twitter_card":"summary_large_image","twitter_misc":{"Dur\u00e9e de lecture estim\u00e9e":"3 minutes"},"schema":{"@context":"https:\/\/schema.org","@graph":[{"@type":"WebPage","@id":"https:\/\/cie-astrolabe.org\/?page_id=641","url":"https:\/\/cie-astrolabe.org\/?page_id=641","name":"Nicolas Pichot , Com\u00e9dien, Metteur en Sc\u00e8ne - Compagnie de l&#039;Astrolabe","isPartOf":{"@id":"https:\/\/cie-astrolabe.org\/#website"},"datePublished":"2017-05-11T19:18:15+00:00","dateModified":"2017-05-11T19:18:15+00:00","breadcrumb":{"@id":"https:\/\/cie-astrolabe.org\/?page_id=641#breadcrumb"},"inLanguage":"fr-FR","potentialAction":[{"@type":"ReadAction","target":["https:\/\/cie-astrolabe.org\/?page_id=641"]}]},{"@type":"BreadcrumbList","@id":"https:\/\/cie-astrolabe.org\/?page_id=641#breadcrumb","itemListElement":[{"@type":"ListItem","position":1,"name":"Accueil","item":"https:\/\/cie-astrolabe.org\/"},{"@type":"ListItem","position":2,"name":"Nicolas Pichot , Com\u00e9dien, Metteur en Sc\u00e8ne"}]},{"@type":"WebSite","@id":"https:\/\/cie-astrolabe.org\/#website","url":"https:\/\/cie-astrolabe.org\/","name":"Compagnie de l&#039;Astrolabe","description":"","publisher":{"@id":"https:\/\/cie-astrolabe.org\/#organization"},"potentialAction":[{"@type":"SearchAction","target":{"@type":"EntryPoint","urlTemplate":"https:\/\/cie-astrolabe.org\/?s={search_term_string}"},"query-input":"required name=search_term_string"}],"inLanguage":"fr-FR"},{"@type":"Organization","@id":"https:\/\/cie-astrolabe.org\/#organization","name":"Compagnie de l&#039;Astrolabe","url":"https:\/\/cie-astrolabe.org\/","logo":{"@type":"ImageObject","inLanguage":"fr-FR","@id":"https:\/\/cie-astrolabe.org\/#\/schema\/logo\/image\/","url":"https:\/\/cie-astrolabe.org\/wp-content\/uploads\/2020\/12\/MG1_2124.jpg","contentUrl":"https:\/\/cie-astrolabe.org\/wp-content\/uploads\/2020\/12\/MG1_2124.jpg","width":1092,"height":728,"caption":"Compagnie de l&#039;Astrolabe"},"image":{"@id":"https:\/\/cie-astrolabe.org\/#\/schema\/logo\/image\/"},"sameAs":["https:\/\/www.facebook.com\/cie.delastrolabe.3"]}]}},"jetpack_sharing_enabled":true,"jetpack_shortlink":"https:\/\/wp.me\/P7Tcq7-al","_links":{"self":[{"href":"https:\/\/cie-astrolabe.org\/index.php?rest_route=\/wp\/v2\/pages\/641"}],"collection":[{"href":"https:\/\/cie-astrolabe.org\/index.php?rest_route=\/wp\/v2\/pages"}],"about":[{"href":"https:\/\/cie-astrolabe.org\/index.php?rest_route=\/wp\/v2\/types\/page"}],"author":[{"embeddable":true,"href":"https:\/\/cie-astrolabe.org\/index.php?rest_route=\/wp\/v2\/users\/1"}],"replies":[{"embeddable":true,"href":"https:\/\/cie-astrolabe.org\/index.php?rest_route=%2Fwp%2Fv2%2Fcomments&post=641"}],"version-history":[{"count":1,"href":"https:\/\/cie-astrolabe.org\/index.php?rest_route=\/wp\/v2\/pages\/641\/revisions"}],"predecessor-version":[{"id":643,"href":"https:\/\/cie-astrolabe.org\/index.php?rest_route=\/wp\/v2\/pages\/641\/revisions\/643"}],"wp:attachment":[{"href":"https:\/\/cie-astrolabe.org\/index.php?rest_route=%2Fwp%2Fv2%2Fmedia&parent=641"}],"curies":[{"name":"wp","href":"https:\/\/api.w.org\/{rel}","templated":true}]}}