{"id":4,"date":"2023-03-22T19:17:05","date_gmt":"2023-03-22T18:17:05","guid":{"rendered":"http:\/\/localhost:8888\/?page_id=4"},"modified":"2026-03-18T11:01:43","modified_gmt":"2026-03-18T10:01:43","slug":"accueil","status":"publish","type":"page","link":"https:\/\/cie-astrolabe.org\/","title":{"rendered":"ACCUEIL"},"content":{"rendered":"\n<h4 id=\"--nbsp;--bienvenue-sur-le-site\">&nbsp;<\/h4>\n\n\n\n<h4 class=\"has-text-align-center\" id=\"bienvenue-sur-le-site-de-la-co\"><\/h4>\n\n\n\n<h2><a href=\"https:\/\/cie-astrolabe.org\/?page_id=1389#le-samedi-15-octobre-a-20h\"><\/a><\/h2>\n\n\n\n<h2 class=\"has-text-align-center\">La compagnie de l&rsquo;Astrolabe <\/h2>\n\n\n\n<h2 class=\"has-text-align-center\">pr\u00e9sente<\/h2>\n\n\n\n<p><\/p>\n\n\n\n<h2 class=\"has-text-align-center\">le Spectacle \u00ab\u00a0<a href=\"https:\/\/cie-astrolabe.org\/?page_id=1585\">Esther<\/a>\u00a0\u00bb en tourn\u00e9e scolaires et tous publics,<\/h2>\n\n\n\n<p class=\"has-text-align-center\"><\/p>\n\n\n\n<h2 class=\"has-text-align-center\"><a href=\"https:\/\/drancy.memorialdelashoah.org\/\" target=\"_blank\" rel=\"noreferrer noopener\">M\u00e9morial de la Shoah<\/a> de DRANCY le 23 mars 2026<\/h2>\n\n\n\n<h2 class=\"has-text-align-center\"><a href=\"https:\/\/theatre-en-pieces.fr\/\" target=\"_blank\" rel=\"noreferrer noopener\">Th\u00e9\u00e2tre de Poche<\/a>, Chartres le samedi 28 mars \u00e0 20H30<\/h2>\n\n\n\n<h2 class=\"has-text-align-center\">Th\u00e9\u00e2tre de Poche, Chartres le dimanche 29 mars \u00e0 17H <\/h2>\n\n\n\n<h2 class=\"has-text-align-center\"><a href=\"https:\/\/www.lagueretoisedespectacle.fr\/\" target=\"_blank\" rel=\"noreferrer noopener\">Espace Fayolle<\/a>, Gu\u00e9r\u00eat le mardi 31 mars \u00e0 20H30 <\/h2>\n\n\n\n<p><\/p>\n\n\n\n<h2 class=\"has-text-align-center\">  <\/h2>\n\n\n\n<figure class=\"wp-block-image size-full\"><img decoding=\"async\" loading=\"lazy\" width=\"1066\" height=\"700\" src=\"https:\/\/cie-astrolabe.org\/wp-content\/uploads\/2023\/12\/EN-TETE-MG1_1909.jpg\" alt=\"\" class=\"wp-image-1682\" srcset=\"https:\/\/cie-astrolabe.org\/wp-content\/uploads\/2023\/12\/EN-TETE-MG1_1909.jpg 1066w, https:\/\/cie-astrolabe.org\/wp-content\/uploads\/2023\/12\/EN-TETE-MG1_1909-744x489.jpg 744w, https:\/\/cie-astrolabe.org\/wp-content\/uploads\/2023\/12\/EN-TETE-MG1_1909-420x276.jpg 420w, https:\/\/cie-astrolabe.org\/wp-content\/uploads\/2023\/12\/EN-TETE-MG1_1909-768x504.jpg 768w, https:\/\/cie-astrolabe.org\/wp-content\/uploads\/2023\/12\/EN-TETE-MG1_1909-600x394.jpg 600w\" sizes=\"(max-width: 1066px) 100vw, 1066px\" \/><\/figure>\n\n\n\n<p class=\"has-text-align-center\">&#8212;&#8212;&#8212;&#8212;&#8212;&#8212;&#8212;&#8212;&#8212;&#8212;&#8212;&#8212;&#8212;&#8212;&#8212;&#8212;&#8212;&#8212;&#8212;&#8212;&#8212;&#8212;&#8212;&#8212;&#8212;&#8212;&#8212;&#8212;&#8212;&#8212;&#8212;&#8212;&#8212;&#8212;&#8212;&#8212;&#8212;&#8212;&#8212;&#8212;<\/p>\n\n\n\n<h4 id=\"--informations-relatives-au-pr\"><\/h4>\n\n\n\n<h2 id=\"toutes-les-infos-ici\">&nbsp;<\/h2>\n\n\n\n<p class=\"has-text-align-center\">L&rsquo;Imprimerie 22 Rue du G\u00e9n\u00e9ral Lafon , 34000 MONTPELLIER<\/p>\n\n\n\n<h5 id=\"--\">&nbsp;<\/h5>\n\n\n\n<h5 id=\"---0\">&nbsp;<\/h5>\n\n\n\n<h5>&nbsp;<\/h5>\n\n\n\n<h3>&nbsp;<\/h3>\n\n\n\n<h4 id=\"--windowdojorequire[&quot;mojo\/sign\">&nbsp;<\/h4>\n\n\n\n<p><script type=\"text\/javascript\" src=\"\/\/downloads.mailchimp.com\/js\/signup-forms\/popup\/unique-methods\/embed.js\" data-dojo-config=\"usePlainJson: true, isDebug: false\"><\/script><script type=\"text\/javascript\">window.dojoRequire([\"mojo\/signup-forms\/Loader\"], function(L) { L.start({\"baseUrl\":\"mc.us17.list-manage.com\",\"uuid\":\"025b8274e78ce0d518a40b46f\",\"lid\":\"88a2de2d86\",\"uniqueMethods\":true}) })<\/script><\/p>\n\n\n\n<h4>&nbsp;<\/h4>\n\n\n\n<p class=\"has-text-align-center\">&nbsp;<\/p>\n","protected":false},"excerpt":{"rendered":"<p>&nbsp; La compagnie de l&rsquo;Astrolabe pr\u00e9sente le Spectacle \u00ab\u00a0Esther\u00a0\u00bb en tourn\u00e9e scolaires et tous publics, M\u00e9morial de la Shoah de DRANCY le 23 mars 2026 Th\u00e9\u00e2tre de Poche, Chartres le <a class=\"more-link\" href=\"https:\/\/cie-astrolabe.org\/\">Lire la suite \u2192<\/a><\/p>\n","protected":false},"author":1,"featured_media":0,"parent":0,"menu_order":1,"comment_status":"closed","ping_status":"closed","template":"","meta":{"jetpack_post_was_ever_published":true},"yoast_head":"<!-- This site is optimized with the Yoast SEO plugin v20.1 - https:\/\/yoast.com\/wordpress\/plugins\/seo\/ -->\n<title>ACCUEIL - Compagnie de l&#039;Astrolabe<\/title>\n<meta name=\"description\" content=\"Bienvenue sur le site de la compagnie de l&#039;Astrolabe, son dernier spectacle A NOS AILLEURS, Marc Pastor, Natcha Raber et Evelyne Torroglosa\" \/>\n<meta name=\"robots\" content=\"index, follow, max-snippet:-1, max-image-preview:large, max-video-preview:-1\" \/>\n<link rel=\"canonical\" href=\"https:\/\/cie-astrolabe.org\/\" \/>\n<meta property=\"og:locale\" content=\"fr_FR\" \/>\n<meta property=\"og:type\" content=\"article\" \/>\n<meta property=\"og:title\" content=\"A NOS AILEURS\" \/>\n<meta property=\"og:description\" content=\"Spectacle de la Compagnie de l&#039;Astrolabe, avec Marc Pastor, Natacha Raber et Evelyne Torroglosa. Mise en sc\u00e8ne Nicolas Pichot.\" \/>\n<meta property=\"og:url\" content=\"https:\/\/cie-astrolabe.org\/\" \/>\n<meta property=\"og:site_name\" content=\"Compagnie de l&#039;Astrolabe\" \/>\n<meta property=\"article:publisher\" content=\"https:\/\/www.facebook.com\/cie.delastrolabe.3\" \/>\n<meta property=\"article:modified_time\" content=\"2026-03-18T10:01:43+00:00\" \/>\n<meta property=\"og:image\" content=\"https:\/\/cie-astrolabe.org\/wp-content\/uploads\/2021\/03\/MG1_8510_redimensionnerH.jpg\" \/>\n\t<meta property=\"og:image:width\" content=\"1713\" \/>\n\t<meta property=\"og:image:height\" content=\"1181\" \/>\n\t<meta property=\"og:image:type\" content=\"image\/jpeg\" \/>\n<meta name=\"twitter:card\" content=\"summary_large_image\" \/>\n<meta name=\"twitter:label1\" content=\"Dur\u00e9e de lecture estim\u00e9e\" \/>\n\t<meta name=\"twitter:data1\" content=\"1 minute\" \/>\n<script type=\"application\/ld+json\" class=\"yoast-schema-graph\">{\"@context\":\"https:\/\/schema.org\",\"@graph\":[{\"@type\":\"NewsArticle\",\"@id\":\"https:\/\/cie-astrolabe.org\/#article\",\"isPartOf\":{\"@id\":\"https:\/\/cie-astrolabe.org\/\"},\"author\":{\"name\":\"tbonycie\",\"@id\":\"https:\/\/cie-astrolabe.org\/#\/schema\/person\/fb7b0e26a35a4741d6789b3ec4c2f5c2\"},\"headline\":\"ACCUEIL\",\"datePublished\":\"2023-03-22T18:17:05+00:00\",\"dateModified\":\"2026-03-18T10:01:43+00:00\",\"mainEntityOfPage\":{\"@id\":\"https:\/\/cie-astrolabe.org\/\"},\"wordCount\":71,\"publisher\":{\"@id\":\"https:\/\/cie-astrolabe.org\/#organization\"},\"inLanguage\":\"fr-FR\"},{\"@type\":\"WebPage\",\"@id\":\"https:\/\/cie-astrolabe.org\/\",\"url\":\"https:\/\/cie-astrolabe.org\/\",\"name\":\"ACCUEIL - Compagnie de l&#039;Astrolabe\",\"isPartOf\":{\"@id\":\"https:\/\/cie-astrolabe.org\/#website\"},\"datePublished\":\"2023-03-22T18:17:05+00:00\",\"dateModified\":\"2026-03-18T10:01:43+00:00\",\"description\":\"Bienvenue sur le site de la compagnie de l'Astrolabe, son dernier spectacle A NOS AILLEURS, Marc Pastor, Natcha Raber et Evelyne Torroglosa\",\"breadcrumb\":{\"@id\":\"https:\/\/cie-astrolabe.org\/#breadcrumb\"},\"inLanguage\":\"fr-FR\",\"potentialAction\":[{\"@type\":\"ReadAction\",\"target\":[\"https:\/\/cie-astrolabe.org\/\"]}]},{\"@type\":\"BreadcrumbList\",\"@id\":\"https:\/\/cie-astrolabe.org\/#breadcrumb\",\"itemListElement\":[{\"@type\":\"ListItem\",\"position\":1,\"name\":\"Accueil\",\"item\":\"https:\/\/cie-astrolabe.org\/\"},{\"@type\":\"ListItem\",\"position\":2,\"name\":\"ACCUEIL\"}]},{\"@type\":\"WebSite\",\"@id\":\"https:\/\/cie-astrolabe.org\/#website\",\"url\":\"https:\/\/cie-astrolabe.org\/\",\"name\":\"Compagnie de l&#039;Astrolabe\",\"description\":\"\",\"publisher\":{\"@id\":\"https:\/\/cie-astrolabe.org\/#organization\"},\"potentialAction\":[{\"@type\":\"SearchAction\",\"target\":{\"@type\":\"EntryPoint\",\"urlTemplate\":\"https:\/\/cie-astrolabe.org\/?s={search_term_string}\"},\"query-input\":\"required name=search_term_string\"}],\"inLanguage\":\"fr-FR\"},{\"@type\":\"Organization\",\"@id\":\"https:\/\/cie-astrolabe.org\/#organization\",\"name\":\"Compagnie de l&#039;Astrolabe\",\"url\":\"https:\/\/cie-astrolabe.org\/\",\"logo\":{\"@type\":\"ImageObject\",\"inLanguage\":\"fr-FR\",\"@id\":\"https:\/\/cie-astrolabe.org\/#\/schema\/logo\/image\/\",\"url\":\"https:\/\/cie-astrolabe.org\/wp-content\/uploads\/2020\/12\/MG1_2124.jpg\",\"contentUrl\":\"https:\/\/cie-astrolabe.org\/wp-content\/uploads\/2020\/12\/MG1_2124.jpg\",\"width\":1092,\"height\":728,\"caption\":\"Compagnie de l&#039;Astrolabe\"},\"image\":{\"@id\":\"https:\/\/cie-astrolabe.org\/#\/schema\/logo\/image\/\"},\"sameAs\":[\"https:\/\/www.facebook.com\/cie.delastrolabe.3\"]},{\"@type\":\"Person\",\"@id\":\"https:\/\/cie-astrolabe.org\/#\/schema\/person\/fb7b0e26a35a4741d6789b3ec4c2f5c2\",\"name\":\"tbonycie\",\"image\":{\"@type\":\"ImageObject\",\"inLanguage\":\"fr-FR\",\"@id\":\"https:\/\/cie-astrolabe.org\/#\/schema\/person\/image\/\",\"url\":\"https:\/\/secure.gravatar.com\/avatar\/4742f2ce53bd26a1bfa09cf2e6419b3c?s=96&d=mm&r=g\",\"contentUrl\":\"https:\/\/secure.gravatar.com\/avatar\/4742f2ce53bd26a1bfa09cf2e6419b3c?s=96&d=mm&r=g\",\"caption\":\"tbonycie\"},\"url\":\"https:\/\/cie-astrolabe.org\/?author=1\"}]}<\/script>\n<!-- \/ Yoast SEO plugin. -->","yoast_head_json":{"title":"ACCUEIL - Compagnie de l&#039;Astrolabe","description":"Bienvenue sur le site de la compagnie de l'Astrolabe, son dernier spectacle A NOS AILLEURS, Marc Pastor, Natcha Raber et Evelyne Torroglosa","robots":{"index":"index","follow":"follow","max-snippet":"max-snippet:-1","max-image-preview":"max-image-preview:large","max-video-preview":"max-video-preview:-1"},"canonical":"https:\/\/cie-astrolabe.org\/","og_locale":"fr_FR","og_type":"article","og_title":"A NOS AILEURS","og_description":"Spectacle de la Compagnie de l'Astrolabe, avec Marc Pastor, Natacha Raber et Evelyne Torroglosa. Mise en sc\u00e8ne Nicolas Pichot.","og_url":"https:\/\/cie-astrolabe.org\/","og_site_name":"Compagnie de l&#039;Astrolabe","article_publisher":"https:\/\/www.facebook.com\/cie.delastrolabe.3","article_modified_time":"2026-03-18T10:01:43+00:00","og_image":[{"width":1713,"height":1181,"url":"https:\/\/cie-astrolabe.org\/wp-content\/uploads\/2021\/03\/MG1_8510_redimensionnerH.jpg","type":"image\/jpeg"}],"twitter_card":"summary_large_image","twitter_misc":{"Dur\u00e9e de lecture estim\u00e9e":"1 minute"},"schema":{"@context":"https:\/\/schema.org","@graph":[{"@type":"NewsArticle","@id":"https:\/\/cie-astrolabe.org\/#article","isPartOf":{"@id":"https:\/\/cie-astrolabe.org\/"},"author":{"name":"tbonycie","@id":"https:\/\/cie-astrolabe.org\/#\/schema\/person\/fb7b0e26a35a4741d6789b3ec4c2f5c2"},"headline":"ACCUEIL","datePublished":"2023-03-22T18:17:05+00:00","dateModified":"2026-03-18T10:01:43+00:00","mainEntityOfPage":{"@id":"https:\/\/cie-astrolabe.org\/"},"wordCount":71,"publisher":{"@id":"https:\/\/cie-astrolabe.org\/#organization"},"inLanguage":"fr-FR"},{"@type":"WebPage","@id":"https:\/\/cie-astrolabe.org\/","url":"https:\/\/cie-astrolabe.org\/","name":"ACCUEIL - Compagnie de l&#039;Astrolabe","isPartOf":{"@id":"https:\/\/cie-astrolabe.org\/#website"},"datePublished":"2023-03-22T18:17:05+00:00","dateModified":"2026-03-18T10:01:43+00:00","description":"Bienvenue sur le site de la compagnie de l'Astrolabe, son dernier spectacle A NOS AILLEURS, Marc Pastor, Natcha Raber et Evelyne Torroglosa","breadcrumb":{"@id":"https:\/\/cie-astrolabe.org\/#breadcrumb"},"inLanguage":"fr-FR","potentialAction":[{"@type":"ReadAction","target":["https:\/\/cie-astrolabe.org\/"]}]},{"@type":"BreadcrumbList","@id":"https:\/\/cie-astrolabe.org\/#breadcrumb","itemListElement":[{"@type":"ListItem","position":1,"name":"Accueil","item":"https:\/\/cie-astrolabe.org\/"},{"@type":"ListItem","position":2,"name":"ACCUEIL"}]},{"@type":"WebSite","@id":"https:\/\/cie-astrolabe.org\/#website","url":"https:\/\/cie-astrolabe.org\/","name":"Compagnie de l&#039;Astrolabe","description":"","publisher":{"@id":"https:\/\/cie-astrolabe.org\/#organization"},"potentialAction":[{"@type":"SearchAction","target":{"@type":"EntryPoint","urlTemplate":"https:\/\/cie-astrolabe.org\/?s={search_term_string}"},"query-input":"required name=search_term_string"}],"inLanguage":"fr-FR"},{"@type":"Organization","@id":"https:\/\/cie-astrolabe.org\/#organization","name":"Compagnie de l&#039;Astrolabe","url":"https:\/\/cie-astrolabe.org\/","logo":{"@type":"ImageObject","inLanguage":"fr-FR","@id":"https:\/\/cie-astrolabe.org\/#\/schema\/logo\/image\/","url":"https:\/\/cie-astrolabe.org\/wp-content\/uploads\/2020\/12\/MG1_2124.jpg","contentUrl":"https:\/\/cie-astrolabe.org\/wp-content\/uploads\/2020\/12\/MG1_2124.jpg","width":1092,"height":728,"caption":"Compagnie de l&#039;Astrolabe"},"image":{"@id":"https:\/\/cie-astrolabe.org\/#\/schema\/logo\/image\/"},"sameAs":["https:\/\/www.facebook.com\/cie.delastrolabe.3"]},{"@type":"Person","@id":"https:\/\/cie-astrolabe.org\/#\/schema\/person\/fb7b0e26a35a4741d6789b3ec4c2f5c2","name":"tbonycie","image":{"@type":"ImageObject","inLanguage":"fr-FR","@id":"https:\/\/cie-astrolabe.org\/#\/schema\/person\/image\/","url":"https:\/\/secure.gravatar.com\/avatar\/4742f2ce53bd26a1bfa09cf2e6419b3c?s=96&d=mm&r=g","contentUrl":"https:\/\/secure.gravatar.com\/avatar\/4742f2ce53bd26a1bfa09cf2e6419b3c?s=96&d=mm&r=g","caption":"tbonycie"},"url":"https:\/\/cie-astrolabe.org\/?author=1"}]}},"jetpack_sharing_enabled":true,"jetpack_shortlink":"https:\/\/wp.me\/P7Tcq7-4","_links":{"self":[{"href":"https:\/\/cie-astrolabe.org\/index.php?rest_route=\/wp\/v2\/pages\/4"}],"collection":[{"href":"https:\/\/cie-astrolabe.org\/index.php?rest_route=\/wp\/v2\/pages"}],"about":[{"href":"https:\/\/cie-astrolabe.org\/index.php?rest_route=\/wp\/v2\/types\/page"}],"author":[{"embeddable":true,"href":"https:\/\/cie-astrolabe.org\/index.php?rest_route=\/wp\/v2\/users\/1"}],"replies":[{"embeddable":true,"href":"https:\/\/cie-astrolabe.org\/index.php?rest_route=%2Fwp%2Fv2%2Fcomments&post=4"}],"version-history":[{"count":268,"href":"https:\/\/cie-astrolabe.org\/index.php?rest_route=\/wp\/v2\/pages\/4\/revisions"}],"predecessor-version":[{"id":1938,"href":"https:\/\/cie-astrolabe.org\/index.php?rest_route=\/wp\/v2\/pages\/4\/revisions\/1938"}],"wp:attachment":[{"href":"https:\/\/cie-astrolabe.org\/index.php?rest_route=%2Fwp%2Fv2%2Fmedia&parent=4"}],"curies":[{"name":"wp","href":"https:\/\/api.w.org\/{rel}","templated":true}]}}