{"id":24,"date":"2016-05-25T14:46:37","date_gmt":"2016-05-25T12:46:37","guid":{"rendered":"http:\/\/localhost:8888\/?page_id=24"},"modified":"2020-10-02T12:16:36","modified_gmt":"2020-10-02T10:16:36","slug":"compagnie","status":"publish","type":"page","link":"https:\/\/cie-astrolabe.org\/?page_id=24","title":{"rendered":"COMPAGNIE"},"content":{"rendered":"<p>&nbsp;<\/p>\n<p>La <strong>Compagnie de l&rsquo;Astrolabe<\/strong> ,qui a r\u00e9cemment f\u00eat\u00e9 ses dix ans, fonctionne en collectif. Si Nicolas Pichot en est le metteur en sc\u00e8ne, les r\u00e9flexions artistiques, les axes de travail, le choix des \u0153uvres mont\u00e9es se font de fa\u00e7on coll\u00e9giale. Tout projet d\u00e9bute par un travail de laboratoire au cours duquel chaque membre de la Compagnie, qu&rsquo;il soit com\u00e9dien, \u00e9clairagiste ou musicien, apporte sa pierre aux fondations de la nouvelle cr\u00e9ation.<\/p>\n<p>L\u2019\u00e9quipe est constitu\u00e9e de cinq artistes permanents: <a href=\"https:\/\/cie-astrolabe.org\/?page_id=656\" target=\"_blank\" rel=\"noopener\"><strong>Tony Bruneau<\/strong><\/a> (musicien), <a href=\"https:\/\/cie-astrolabe.org\/?page_id=641\" target=\"_blank\" rel=\"noopener\"><strong>Nicolas Pichot<\/strong><\/a> (metteur en sc\u00e8ne et com\u00e9dien), <a href=\"https:\/\/cie-astrolabe.org\/?page_id=646\" target=\"_blank\" rel=\"noopener\"><strong>Marc Pastor<\/strong><\/a> (com\u00e9dien), <a href=\"https:\/\/cie-astrolabe.org\/?page_id=644\" target=\"_blank\" rel=\"noopener\"><strong>Natacha R\u00e4ber<\/strong><\/a> (\u00e9clairagiste, com\u00e9dienne), <a href=\"https:\/\/cie-astrolabe.org\/?page_id=648\" target=\"_blank\" rel=\"noopener\"><strong>Evelyne Torroglosa<\/strong><\/a> (com\u00e9dienne).<\/p>\n<p>Tout en conservant l\u2019ADN d&rsquo;un th\u00e9\u00e2tre populaire et exigeant insuffl\u00e9 jusqu\u2019en 2014 par S\u00e9bastien Lagord, la Compagnie s&rsquo;oriente r\u00e9solument aujourd\u2019hui vers l&rsquo;\u00e9criture contemporaine. Elle cherche \u00e0 interroger notre soci\u00e9t\u00e9 et \u00e0 traduire les pr\u00e9occupations des femmes et des hommes de notre temps. D\u00e9brayage, de R\u00e9mi de Vos, cr\u00e9\u00e9 en 2017, illustre parfaitement l\u2019esprit de la Compagnie et ses orientations artistiques. Si D\u00e9brayage abordait la th\u00e9matique des souffrances au travail, Perplexe de Marius von Mayenburg, nous questionne sur les revers du capitalisme, sur la perte de rep\u00e8res et de sens que refl\u00e8te notre soci\u00e9t\u00e9 occidentale. Peut-\u00eatre l\u2019image omnipr\u00e9sente des migrants fuyant la guerre ou la pauvret\u00e9 ces derni\u00e8res ann\u00e9es, la peur et le rejet qu\u2019ils suscitent, sont-ils \u00e0 l\u2019origine d\u2019A nos ailleurs, travail d\u2019\u00e9criture collective en cours.<\/p>\n<p>La Compagnie dispose d\u2019une salle de r\u00e9p\u00e9titions: l&rsquo;Imprimerie. Ce local est un outil majeur et indispensable au travail de recherche et de cr\u00e9ation de l&rsquo;Astrolabe. Situ\u00e9 au c\u0153ur de la Cit\u00e9, il offre une autonomie et une ind\u00e9pendance rares. Les premiers laboratoires des cr\u00e9ations de l\u2019Astrolabe s\u2019y d\u00e9roulent, comme pour D\u00e9brayage en 2014 avec trois semaines de recherche, de lecture, d\u2019improvisations qui ont permis au projet de se concr\u00e9tiser. Ou comme pour le spectacle d\u2019A nos ailleurs qui a vu l\u2019Imprimerie se transformer en r\u00e9sidence d\u2019\u00e9criture ou en lieu de restitution et de lectures publiques. L\u2019Imprimerie est aussi un lieu de transmission et de m\u00e9diation.<\/p>\n<p>Depuis sa cr\u00e9ation, la Compagnie a d\u00e9velopp\u00e9 et d\u00e9fend une activit\u00e9 p\u00e9dagogique forte sur le territoire et aupr\u00e8s de public divers: scolaires, amateurs, r\u00e9sidents d\u2019EHPAD, \u00e9l\u00e8ves du conservatoire&#8230;<\/p>\n<p>Historique des cr\u00e9ations de la Cie de l\u2019Astrolabe:L&rsquo;incroyable et triste histoire de la candide <strong><em>Erendira et de sa grand-m\u00e8re diaboliquede G. G. Marquez \u20132008 (S.Lagord)<\/em><\/strong>, <strong><em>Autour de Gabo d\u2019apr\u00e8s Cent de solitudede G. G. Marquez \u20132009 (S.Lagord)<\/em><\/strong>, <strong><em>Monsieur de Pourceaugnac de Moli\u00e8re \u20132010 puis recr\u00e9ation en 2014 (S.Lagord)<\/em><\/strong>, <strong><em>Jeunesse sans Dieu d\u2019\u00d6d\u00f6n von Horv\u00e1th \u20132010 (N.Pichot\/E.Ray)<\/em><\/strong>, <strong><em>Cabaret Ocho!\u20132011 (S.Lagord)<\/em><\/strong>, <strong><em>D\u00e9brayage de R\u00e9mi De Vos \u20132017 (N.Pichot)<\/em><\/strong>, <strong><em>Perplexe de Marius von Mayenburg \u2013cr\u00e9ation 2020 (N.Pichot)<\/em><\/strong>, <strong><em>A nos ailleurs cr\u00e9ation collective \u00e9crite par M.Pastor, N.R\u00e4ber et E.Torroglosa \u2013cr\u00e9ation 2021 (N.Pichot)<\/em><\/strong><\/p>\n","protected":false},"excerpt":{"rendered":"<p>&nbsp; La Compagnie de l&rsquo;Astrolabe ,qui a r\u00e9cemment f\u00eat\u00e9 ses dix ans, fonctionne en collectif. Si Nicolas Pichot en est le metteur en sc\u00e8ne, les r\u00e9flexions artistiques, les axes de <a class=\"more-link\" href=\"https:\/\/cie-astrolabe.org\/?page_id=24\">Lire la suite \u2192<\/a><\/p>\n","protected":false},"author":1,"featured_media":237,"parent":0,"menu_order":3,"comment_status":"closed","ping_status":"closed","template":"","meta":{"jetpack_post_was_ever_published":false},"yoast_head":"<!-- This site is optimized with the Yoast SEO plugin v20.1 - https:\/\/yoast.com\/wordpress\/plugins\/seo\/ -->\n<title>COMPAGNIE - Compagnie de l&#039;Astrolabe<\/title>\n<meta name=\"robots\" content=\"index, follow, max-snippet:-1, max-image-preview:large, max-video-preview:-1\" \/>\n<link rel=\"canonical\" href=\"https:\/\/cie-astrolabe.org\/?page_id=24\" \/>\n<meta property=\"og:locale\" content=\"fr_FR\" \/>\n<meta property=\"og:type\" content=\"article\" \/>\n<meta property=\"og:title\" content=\"COMPAGNIE - Compagnie de l&#039;Astrolabe\" \/>\n<meta property=\"og:description\" content=\"&nbsp; La Compagnie de l&rsquo;Astrolabe ,qui a r\u00e9cemment f\u00eat\u00e9 ses dix ans, fonctionne en collectif. Si Nicolas Pichot en est le metteur en sc\u00e8ne, les r\u00e9flexions artistiques, les axes de Lire la suite \u2192\" \/>\n<meta property=\"og:url\" content=\"https:\/\/cie-astrolabe.org\/?page_id=24\" \/>\n<meta property=\"og:site_name\" content=\"Compagnie de l&#039;Astrolabe\" \/>\n<meta property=\"article:publisher\" content=\"https:\/\/www.facebook.com\/cie.delastrolabe.3\" \/>\n<meta property=\"article:modified_time\" content=\"2020-10-02T10:16:36+00:00\" \/>\n<meta property=\"og:image\" content=\"https:\/\/cie-astrolabe.org\/wp-content\/uploads\/2016\/09\/MGA_8460-copie-3-1200x789.jpg\" \/>\n\t<meta property=\"og:image:width\" content=\"1200\" \/>\n\t<meta property=\"og:image:height\" content=\"789\" \/>\n\t<meta property=\"og:image:type\" content=\"image\/jpeg\" \/>\n<meta name=\"twitter:card\" content=\"summary_large_image\" \/>\n<meta name=\"twitter:label1\" content=\"Dur\u00e9e de lecture estim\u00e9e\" \/>\n\t<meta name=\"twitter:data1\" content=\"3 minutes\" \/>\n<script type=\"application\/ld+json\" class=\"yoast-schema-graph\">{\"@context\":\"https:\/\/schema.org\",\"@graph\":[{\"@type\":\"WebPage\",\"@id\":\"https:\/\/cie-astrolabe.org\/?page_id=24\",\"url\":\"https:\/\/cie-astrolabe.org\/?page_id=24\",\"name\":\"COMPAGNIE - Compagnie de l&#039;Astrolabe\",\"isPartOf\":{\"@id\":\"https:\/\/cie-astrolabe.org\/#website\"},\"datePublished\":\"2016-05-25T12:46:37+00:00\",\"dateModified\":\"2020-10-02T10:16:36+00:00\",\"breadcrumb\":{\"@id\":\"https:\/\/cie-astrolabe.org\/?page_id=24#breadcrumb\"},\"inLanguage\":\"fr-FR\",\"potentialAction\":[{\"@type\":\"ReadAction\",\"target\":[\"https:\/\/cie-astrolabe.org\/?page_id=24\"]}]},{\"@type\":\"BreadcrumbList\",\"@id\":\"https:\/\/cie-astrolabe.org\/?page_id=24#breadcrumb\",\"itemListElement\":[{\"@type\":\"ListItem\",\"position\":1,\"name\":\"Accueil\",\"item\":\"https:\/\/cie-astrolabe.org\/\"},{\"@type\":\"ListItem\",\"position\":2,\"name\":\"COMPAGNIE\"}]},{\"@type\":\"WebSite\",\"@id\":\"https:\/\/cie-astrolabe.org\/#website\",\"url\":\"https:\/\/cie-astrolabe.org\/\",\"name\":\"Compagnie de l&#039;Astrolabe\",\"description\":\"\",\"publisher\":{\"@id\":\"https:\/\/cie-astrolabe.org\/#organization\"},\"potentialAction\":[{\"@type\":\"SearchAction\",\"target\":{\"@type\":\"EntryPoint\",\"urlTemplate\":\"https:\/\/cie-astrolabe.org\/?s={search_term_string}\"},\"query-input\":\"required name=search_term_string\"}],\"inLanguage\":\"fr-FR\"},{\"@type\":\"Organization\",\"@id\":\"https:\/\/cie-astrolabe.org\/#organization\",\"name\":\"Compagnie de l&#039;Astrolabe\",\"url\":\"https:\/\/cie-astrolabe.org\/\",\"logo\":{\"@type\":\"ImageObject\",\"inLanguage\":\"fr-FR\",\"@id\":\"https:\/\/cie-astrolabe.org\/#\/schema\/logo\/image\/\",\"url\":\"https:\/\/cie-astrolabe.org\/wp-content\/uploads\/2020\/12\/MG1_2124.jpg\",\"contentUrl\":\"https:\/\/cie-astrolabe.org\/wp-content\/uploads\/2020\/12\/MG1_2124.jpg\",\"width\":1092,\"height\":728,\"caption\":\"Compagnie de l&#039;Astrolabe\"},\"image\":{\"@id\":\"https:\/\/cie-astrolabe.org\/#\/schema\/logo\/image\/\"},\"sameAs\":[\"https:\/\/www.facebook.com\/cie.delastrolabe.3\"]}]}<\/script>\n<!-- \/ Yoast SEO plugin. -->","yoast_head_json":{"title":"COMPAGNIE - Compagnie de l&#039;Astrolabe","robots":{"index":"index","follow":"follow","max-snippet":"max-snippet:-1","max-image-preview":"max-image-preview:large","max-video-preview":"max-video-preview:-1"},"canonical":"https:\/\/cie-astrolabe.org\/?page_id=24","og_locale":"fr_FR","og_type":"article","og_title":"COMPAGNIE - Compagnie de l&#039;Astrolabe","og_description":"&nbsp; La Compagnie de l&rsquo;Astrolabe ,qui a r\u00e9cemment f\u00eat\u00e9 ses dix ans, fonctionne en collectif. Si Nicolas Pichot en est le metteur en sc\u00e8ne, les r\u00e9flexions artistiques, les axes de Lire la suite \u2192","og_url":"https:\/\/cie-astrolabe.org\/?page_id=24","og_site_name":"Compagnie de l&#039;Astrolabe","article_publisher":"https:\/\/www.facebook.com\/cie.delastrolabe.3","article_modified_time":"2020-10-02T10:16:36+00:00","og_image":[{"width":1200,"height":789,"url":"https:\/\/cie-astrolabe.org\/wp-content\/uploads\/2016\/09\/MGA_8460-copie-3-1200x789.jpg","type":"image\/jpeg"}],"twitter_card":"summary_large_image","twitter_misc":{"Dur\u00e9e de lecture estim\u00e9e":"3 minutes"},"schema":{"@context":"https:\/\/schema.org","@graph":[{"@type":"WebPage","@id":"https:\/\/cie-astrolabe.org\/?page_id=24","url":"https:\/\/cie-astrolabe.org\/?page_id=24","name":"COMPAGNIE - Compagnie de l&#039;Astrolabe","isPartOf":{"@id":"https:\/\/cie-astrolabe.org\/#website"},"datePublished":"2016-05-25T12:46:37+00:00","dateModified":"2020-10-02T10:16:36+00:00","breadcrumb":{"@id":"https:\/\/cie-astrolabe.org\/?page_id=24#breadcrumb"},"inLanguage":"fr-FR","potentialAction":[{"@type":"ReadAction","target":["https:\/\/cie-astrolabe.org\/?page_id=24"]}]},{"@type":"BreadcrumbList","@id":"https:\/\/cie-astrolabe.org\/?page_id=24#breadcrumb","itemListElement":[{"@type":"ListItem","position":1,"name":"Accueil","item":"https:\/\/cie-astrolabe.org\/"},{"@type":"ListItem","position":2,"name":"COMPAGNIE"}]},{"@type":"WebSite","@id":"https:\/\/cie-astrolabe.org\/#website","url":"https:\/\/cie-astrolabe.org\/","name":"Compagnie de l&#039;Astrolabe","description":"","publisher":{"@id":"https:\/\/cie-astrolabe.org\/#organization"},"potentialAction":[{"@type":"SearchAction","target":{"@type":"EntryPoint","urlTemplate":"https:\/\/cie-astrolabe.org\/?s={search_term_string}"},"query-input":"required name=search_term_string"}],"inLanguage":"fr-FR"},{"@type":"Organization","@id":"https:\/\/cie-astrolabe.org\/#organization","name":"Compagnie de l&#039;Astrolabe","url":"https:\/\/cie-astrolabe.org\/","logo":{"@type":"ImageObject","inLanguage":"fr-FR","@id":"https:\/\/cie-astrolabe.org\/#\/schema\/logo\/image\/","url":"https:\/\/cie-astrolabe.org\/wp-content\/uploads\/2020\/12\/MG1_2124.jpg","contentUrl":"https:\/\/cie-astrolabe.org\/wp-content\/uploads\/2020\/12\/MG1_2124.jpg","width":1092,"height":728,"caption":"Compagnie de l&#039;Astrolabe"},"image":{"@id":"https:\/\/cie-astrolabe.org\/#\/schema\/logo\/image\/"},"sameAs":["https:\/\/www.facebook.com\/cie.delastrolabe.3"]}]}},"jetpack_sharing_enabled":true,"jetpack_shortlink":"https:\/\/wp.me\/P7Tcq7-o","_links":{"self":[{"href":"https:\/\/cie-astrolabe.org\/index.php?rest_route=\/wp\/v2\/pages\/24"}],"collection":[{"href":"https:\/\/cie-astrolabe.org\/index.php?rest_route=\/wp\/v2\/pages"}],"about":[{"href":"https:\/\/cie-astrolabe.org\/index.php?rest_route=\/wp\/v2\/types\/page"}],"author":[{"embeddable":true,"href":"https:\/\/cie-astrolabe.org\/index.php?rest_route=\/wp\/v2\/users\/1"}],"replies":[{"embeddable":true,"href":"https:\/\/cie-astrolabe.org\/index.php?rest_route=%2Fwp%2Fv2%2Fcomments&post=24"}],"version-history":[{"count":11,"href":"https:\/\/cie-astrolabe.org\/index.php?rest_route=\/wp\/v2\/pages\/24\/revisions"}],"predecessor-version":[{"id":1121,"href":"https:\/\/cie-astrolabe.org\/index.php?rest_route=\/wp\/v2\/pages\/24\/revisions\/1121"}],"wp:featuredmedia":[{"embeddable":true,"href":"https:\/\/cie-astrolabe.org\/index.php?rest_route=\/wp\/v2\/media\/237"}],"wp:attachment":[{"href":"https:\/\/cie-astrolabe.org\/index.php?rest_route=%2Fwp%2Fv2%2Fmedia&parent=24"}],"curies":[{"name":"wp","href":"https:\/\/api.w.org\/{rel}","templated":true}]}}