{"id":133,"date":"2016-05-25T15:41:34","date_gmt":"2016-05-25T13:41:34","guid":{"rendered":"http:\/\/localhost:8888\/?page_id=133"},"modified":"2026-01-22T11:19:15","modified_gmt":"2026-01-22T10:19:15","slug":"espace-pro","status":"publish","type":"page","link":"https:\/\/cie-astrolabe.org\/?page_id=133","title":{"rendered":"ESPACE PRO"},"content":{"rendered":"<div class=\"wp-block-image\">\n<figure class=\"aligncenter\"><a href=\"https:\/\/cie-astrolabe.org\/wp-content\/uploads\/2016\/11\/MG1_0805.jpg\"><img decoding=\"async\" loading=\"lazy\" width=\"1200\" height=\"800\" src=\"https:\/\/cie-astrolabe.org\/wp-content\/uploads\/2016\/11\/MG1_0805-1200x800.jpg\" alt=\"mg1_0805\" class=\"wp-image-493\" srcset=\"https:\/\/cie-astrolabe.org\/wp-content\/uploads\/2016\/11\/MG1_0805-1200x800.jpg 1200w, https:\/\/cie-astrolabe.org\/wp-content\/uploads\/2016\/11\/MG1_0805-600x400.jpg 600w, https:\/\/cie-astrolabe.org\/wp-content\/uploads\/2016\/11\/MG1_0805-420x280.jpg 420w, https:\/\/cie-astrolabe.org\/wp-content\/uploads\/2016\/11\/MG1_0805-744x496.jpg 744w, https:\/\/cie-astrolabe.org\/wp-content\/uploads\/2016\/11\/MG1_0805-768x512.jpg 768w, https:\/\/cie-astrolabe.org\/wp-content\/uploads\/2016\/11\/MG1_0805.jpg 1392w\" sizes=\"(max-width: 1200px) 100vw, 1200px\" \/><\/a><\/figure><\/div>\n\n\n<!--more-->\n\n\n\n<h2 class=\"has-text-align-center\">Dispers\u00e9.e.s<\/h2>\n\n\n\n<p class=\"has-text-align-center\"><a href=\"https:\/\/cie-astrolabe.org\/wp-content\/uploads\/2024\/09\/dossier-dintention-disperse.e.s.pdf\" target=\"_blank\" rel=\"noreferrer noopener\">Dossier Dispers\u00e9.e.s<\/a><\/p>\n\n\n\n<h3 class=\"has-text-align-center\">&nbsp;ESTHER<\/h3>\n\n\n\n<p class=\"has-text-align-center\"><a href=\"https:\/\/cie-astrolabe.org\/wp-content\/uploads\/2023\/12\/dossier-Esther.pdf\" target=\"_blank\" rel=\"noreferrer noopener\">Dossier Esther<\/a><\/p>\n\n\n\n<p class=\"has-text-align-center\"><a href=\"https:\/\/cie-astrolabe.org\/wp-content\/uploads\/2023\/12\/FT-complete-ESTHER-v11.pdf\" target=\"_blank\" rel=\"noreferrer noopener\">Fiche technique Esther<\/a><\/p>\n\n\n\n<h3>&nbsp;<\/h3>\n\n\n\n<h3 class=\"has-text-align-center\" id=\"a-nos-ailleurs\">A NOS AILLEURS <\/h3>\n\n\n\n<p class=\"has-text-align-center\"><a href=\"https:\/\/cie-astrolabe.org\/wp-content\/uploads\/2022\/06\/ANA-FTEC-LIEUX-NON-DEDIES.pdf\" target=\"_blank\" rel=\"noopener\">Fiche technique lieux non d\u00e9di\u00e9s<\/a><\/p>\n\n\n\n<p class=\"has-text-align-center\"><a href=\"https:\/\/cie-astrolabe.org\/wp-content\/uploads\/2022\/07\/ANA-FTEC-ANA-6x6-1.pdf\" target=\"_blank\" rel=\"noopener\">Fiche technique Plateau minimum 6 x 6 m<\/a><\/p>\n\n\n\n<p class=\"has-text-align-center\"><a href=\"https:\/\/cie-astrolabe.org\/wp-content\/uploads\/2022\/06\/ANA-FTEC-ANA-7x7.pdf\" target=\"_blank\" rel=\"noopener\">Fiche technique Plateau interm\u00e9diaires<\/a><\/p>\n\n\n\n<p class=\"has-text-align-center\"><a href=\"https:\/\/cie-astrolabe.org\/wp-content\/uploads\/2022\/06\/ANA-FTEC-ANA-THEATRE.pdf\" target=\"_blank\" rel=\"noopener\">Fiche technique Grands Plateaux<\/a><\/p>\n\n\n\n<p class=\"has-text-align-center\">Dossiers A Nos Ailleurs<\/p>\n\n\n\n<p class=\"has-text-align-center\"><a href=\"https:\/\/cie-astrolabe.org\/wp-content\/uploads\/2022\/06\/VISUELS-HD_A-NOS-AILLEURS.zip\" target=\"_blank\" rel=\"noopener\">Visuels HD (Cr\u00e9dits photos Marc Ginot)<\/a><\/p>\n\n\n\n<h3 class=\"has-text-align-center\" id=\"perplexe\">PERPLEXE<\/h3>\n\n\n\n<p class=\"has-text-align-center\"><a href=\"https:\/\/cie-astrolabe.org\/wp-content\/uploads\/2020\/03\/2020_02-FICHE-TECH-PERPLEXE.pdf\">Fiche technique Perplexe<\/a><\/p>\n\n\n\n<p class=\"has-text-align-center\"><a href=\"https:\/\/cie-astrolabe.org\/wp-content\/uploads\/2020\/06\/Dossier-Artistique-Perplexe.pdf\">Dossier PERPLEXE<\/a><\/p>\n\n\n\n<p class=\"has-text-align-center\"><a href=\"https:\/\/cie-astrolabe.org\/wp-content\/uploads\/2020\/03\/PERPLEXE-VISUELS-HD-MARC-GINOT.zip\">VISUELS HD (Cr\u00e9dits photos: Marc Ginot )<\/a><\/p>\n\n\n\n<h3 class=\"has-text-align-center\" id=\"debrayage\">DEBRAYAGE<\/h3>\n\n\n\n<p class=\"has-text-align-center\"><a href=\"https:\/\/cie-astrolabe.org\/wp-content\/uploads\/2017\/01\/Fiche-technique-Debrayage-Th\u00e9\u00e2tre.pdf\" target=\"_blank\" rel=\"noopener\">Fiche technique D\u00e9brayage Th\u00e9\u00e2tre<\/a><\/p>\n\n\n\n<p class=\"has-text-align-center\"><a href=\"https:\/\/cie-astrolabe.org\/wp-content\/uploads\/2017\/01\/Fiche-d\u00e9brayage-petits-lieux2.pdf\" target=\"_blank\" rel=\"noopener\">Fiche D\u00e9brayage (Petit Plateau)<\/a><\/p>\n\n\n\n<p class=\"has-text-align-center\"><a href=\"https:\/\/cie-astrolabe.org\/wp-content\/uploads\/2017\/04\/dossier-d\u00e9brayage-envoi-mail.pdf\" target=\"_blank\" rel=\"noopener\">Dossier DEBRAYAGE<\/a><\/p>\n\n\n\n<p class=\"has-text-align-center\"><a href=\"https:\/\/cie-astrolabe.org\/wp-content\/uploads\/2019\/04\/PRESSE.zip\">VISUELS HD (Cr\u00e9dits photos: Marc Ginot )<\/a><\/p>\n\n\n\n<p class=\"has-text-align-center\"><a href=\"https:\/\/cie-astrolabe.org\/wp-content\/uploads\/2019\/04\/Affiche-A3.pdf\">AFFICHE<\/a><\/p>\n\n\n\n<h3 class=\"has-text-align-center\" id=\"monsieur-de-pourceaugnac\">MONSIEUR DE POURCEAUGNAC<\/h3>\n\n\n\n<p class=\"has-text-align-center\"><a href=\"https:\/\/cie-astrolabe.org\/wp-content\/uploads\/2016\/05\/plaquettepro.pdf\" target=\"_blank\" rel=\"noopener\">Plaquette pro Avignon 2014<\/a><\/p>\n\n\n\n<p class=\"has-text-align-center\"><a href=\"https:\/\/cie-astrolabe.org\/wp-content\/uploads\/2017\/02\/fiche-tech.-pourc.2017.pdf\" target=\"_blank\" rel=\"noopener\">Fiche technique. Pourceaugnac.2017<\/a><\/p>\n\n\n\n<h3 class=\"has-text-align-center\" id=\"\u00a1ocho\">\u00a1OCHO!<\/h3>\n\n\n\n<p class=\"has-text-align-center\"><a href=\"https:\/\/cie-astrolabe.org\/wp-content\/uploads\/2017\/03\/Dossier-Ocho-25.10.10.pdf\" target=\"_blank\" rel=\"noopener\">Dossier \u00a1OCHO!<\/a><\/p>\n\n\n\n<h3 class=\"has-text-align-center\" id=\"jeunesse-sans-dieu\">JEUNESSE SANS DIEU<\/h3>\n\n\n\n<p class=\"has-text-align-center\"><a href=\"https:\/\/cie-astrolabe.org\/wp-content\/uploads\/2026\/01\/Jeunesse-sans-dieu.pdf\" target=\"_blank\" rel=\"noreferrer noopener\">Dossier Jeunesse sans Dieu<\/a><\/p>\n","protected":false},"excerpt":{"rendered":"","protected":false},"author":1,"featured_media":493,"parent":0,"menu_order":0,"comment_status":"closed","ping_status":"closed","template":"","meta":{"jetpack_post_was_ever_published":false},"yoast_head":"<!-- This site is optimized with the Yoast SEO plugin v20.1 - https:\/\/yoast.com\/wordpress\/plugins\/seo\/ -->\n<title>ESPACE PRO - Compagnie de l&#039;Astrolabe<\/title>\n<meta name=\"robots\" content=\"index, follow, max-snippet:-1, max-image-preview:large, max-video-preview:-1\" \/>\n<link rel=\"canonical\" href=\"https:\/\/cie-astrolabe.org\/?page_id=133\" \/>\n<meta property=\"og:locale\" content=\"fr_FR\" \/>\n<meta property=\"og:type\" content=\"article\" \/>\n<meta property=\"og:title\" content=\"ESPACE PRO - Compagnie de l&#039;Astrolabe\" \/>\n<meta property=\"og:url\" content=\"https:\/\/cie-astrolabe.org\/?page_id=133\" \/>\n<meta property=\"og:site_name\" content=\"Compagnie de l&#039;Astrolabe\" \/>\n<meta property=\"article:publisher\" content=\"https:\/\/www.facebook.com\/cie.delastrolabe.3\" \/>\n<meta property=\"article:modified_time\" content=\"2026-01-22T10:19:15+00:00\" \/>\n<meta property=\"og:image\" content=\"https:\/\/cie-astrolabe.org\/wp-content\/uploads\/2016\/11\/MG1_0805.jpg\" \/>\n\t<meta property=\"og:image:width\" content=\"1392\" \/>\n\t<meta property=\"og:image:height\" content=\"928\" \/>\n\t<meta property=\"og:image:type\" content=\"image\/jpeg\" \/>\n<meta name=\"twitter:card\" content=\"summary_large_image\" \/>\n<meta name=\"twitter:label1\" content=\"Dur\u00e9e de lecture estim\u00e9e\" \/>\n\t<meta name=\"twitter:data1\" content=\"1 minute\" \/>\n<script type=\"application\/ld+json\" class=\"yoast-schema-graph\">{\"@context\":\"https:\/\/schema.org\",\"@graph\":[{\"@type\":\"WebPage\",\"@id\":\"https:\/\/cie-astrolabe.org\/?page_id=133\",\"url\":\"https:\/\/cie-astrolabe.org\/?page_id=133\",\"name\":\"ESPACE PRO - Compagnie de l&#039;Astrolabe\",\"isPartOf\":{\"@id\":\"https:\/\/cie-astrolabe.org\/#website\"},\"datePublished\":\"2016-05-25T13:41:34+00:00\",\"dateModified\":\"2026-01-22T10:19:15+00:00\",\"breadcrumb\":{\"@id\":\"https:\/\/cie-astrolabe.org\/?page_id=133#breadcrumb\"},\"inLanguage\":\"fr-FR\",\"potentialAction\":[{\"@type\":\"ReadAction\",\"target\":[\"https:\/\/cie-astrolabe.org\/?page_id=133\"]}]},{\"@type\":\"BreadcrumbList\",\"@id\":\"https:\/\/cie-astrolabe.org\/?page_id=133#breadcrumb\",\"itemListElement\":[{\"@type\":\"ListItem\",\"position\":1,\"name\":\"Accueil\",\"item\":\"https:\/\/cie-astrolabe.org\/\"},{\"@type\":\"ListItem\",\"position\":2,\"name\":\"ESPACE PRO\"}]},{\"@type\":\"WebSite\",\"@id\":\"https:\/\/cie-astrolabe.org\/#website\",\"url\":\"https:\/\/cie-astrolabe.org\/\",\"name\":\"Compagnie de l&#039;Astrolabe\",\"description\":\"\",\"publisher\":{\"@id\":\"https:\/\/cie-astrolabe.org\/#organization\"},\"potentialAction\":[{\"@type\":\"SearchAction\",\"target\":{\"@type\":\"EntryPoint\",\"urlTemplate\":\"https:\/\/cie-astrolabe.org\/?s={search_term_string}\"},\"query-input\":\"required name=search_term_string\"}],\"inLanguage\":\"fr-FR\"},{\"@type\":\"Organization\",\"@id\":\"https:\/\/cie-astrolabe.org\/#organization\",\"name\":\"Compagnie de l&#039;Astrolabe\",\"url\":\"https:\/\/cie-astrolabe.org\/\",\"logo\":{\"@type\":\"ImageObject\",\"inLanguage\":\"fr-FR\",\"@id\":\"https:\/\/cie-astrolabe.org\/#\/schema\/logo\/image\/\",\"url\":\"https:\/\/cie-astrolabe.org\/wp-content\/uploads\/2020\/12\/MG1_2124.jpg\",\"contentUrl\":\"https:\/\/cie-astrolabe.org\/wp-content\/uploads\/2020\/12\/MG1_2124.jpg\",\"width\":1092,\"height\":728,\"caption\":\"Compagnie de l&#039;Astrolabe\"},\"image\":{\"@id\":\"https:\/\/cie-astrolabe.org\/#\/schema\/logo\/image\/\"},\"sameAs\":[\"https:\/\/www.facebook.com\/cie.delastrolabe.3\"]}]}<\/script>\n<!-- \/ Yoast SEO plugin. -->","yoast_head_json":{"title":"ESPACE PRO - Compagnie de l&#039;Astrolabe","robots":{"index":"index","follow":"follow","max-snippet":"max-snippet:-1","max-image-preview":"max-image-preview:large","max-video-preview":"max-video-preview:-1"},"canonical":"https:\/\/cie-astrolabe.org\/?page_id=133","og_locale":"fr_FR","og_type":"article","og_title":"ESPACE PRO - Compagnie de l&#039;Astrolabe","og_url":"https:\/\/cie-astrolabe.org\/?page_id=133","og_site_name":"Compagnie de l&#039;Astrolabe","article_publisher":"https:\/\/www.facebook.com\/cie.delastrolabe.3","article_modified_time":"2026-01-22T10:19:15+00:00","og_image":[{"width":1392,"height":928,"url":"https:\/\/cie-astrolabe.org\/wp-content\/uploads\/2016\/11\/MG1_0805.jpg","type":"image\/jpeg"}],"twitter_card":"summary_large_image","twitter_misc":{"Dur\u00e9e de lecture estim\u00e9e":"1 minute"},"schema":{"@context":"https:\/\/schema.org","@graph":[{"@type":"WebPage","@id":"https:\/\/cie-astrolabe.org\/?page_id=133","url":"https:\/\/cie-astrolabe.org\/?page_id=133","name":"ESPACE PRO - Compagnie de l&#039;Astrolabe","isPartOf":{"@id":"https:\/\/cie-astrolabe.org\/#website"},"datePublished":"2016-05-25T13:41:34+00:00","dateModified":"2026-01-22T10:19:15+00:00","breadcrumb":{"@id":"https:\/\/cie-astrolabe.org\/?page_id=133#breadcrumb"},"inLanguage":"fr-FR","potentialAction":[{"@type":"ReadAction","target":["https:\/\/cie-astrolabe.org\/?page_id=133"]}]},{"@type":"BreadcrumbList","@id":"https:\/\/cie-astrolabe.org\/?page_id=133#breadcrumb","itemListElement":[{"@type":"ListItem","position":1,"name":"Accueil","item":"https:\/\/cie-astrolabe.org\/"},{"@type":"ListItem","position":2,"name":"ESPACE PRO"}]},{"@type":"WebSite","@id":"https:\/\/cie-astrolabe.org\/#website","url":"https:\/\/cie-astrolabe.org\/","name":"Compagnie de l&#039;Astrolabe","description":"","publisher":{"@id":"https:\/\/cie-astrolabe.org\/#organization"},"potentialAction":[{"@type":"SearchAction","target":{"@type":"EntryPoint","urlTemplate":"https:\/\/cie-astrolabe.org\/?s={search_term_string}"},"query-input":"required name=search_term_string"}],"inLanguage":"fr-FR"},{"@type":"Organization","@id":"https:\/\/cie-astrolabe.org\/#organization","name":"Compagnie de l&#039;Astrolabe","url":"https:\/\/cie-astrolabe.org\/","logo":{"@type":"ImageObject","inLanguage":"fr-FR","@id":"https:\/\/cie-astrolabe.org\/#\/schema\/logo\/image\/","url":"https:\/\/cie-astrolabe.org\/wp-content\/uploads\/2020\/12\/MG1_2124.jpg","contentUrl":"https:\/\/cie-astrolabe.org\/wp-content\/uploads\/2020\/12\/MG1_2124.jpg","width":1092,"height":728,"caption":"Compagnie de l&#039;Astrolabe"},"image":{"@id":"https:\/\/cie-astrolabe.org\/#\/schema\/logo\/image\/"},"sameAs":["https:\/\/www.facebook.com\/cie.delastrolabe.3"]}]}},"jetpack_sharing_enabled":true,"jetpack_shortlink":"https:\/\/wp.me\/P7Tcq7-29","_links":{"self":[{"href":"https:\/\/cie-astrolabe.org\/index.php?rest_route=\/wp\/v2\/pages\/133"}],"collection":[{"href":"https:\/\/cie-astrolabe.org\/index.php?rest_route=\/wp\/v2\/pages"}],"about":[{"href":"https:\/\/cie-astrolabe.org\/index.php?rest_route=\/wp\/v2\/types\/page"}],"author":[{"embeddable":true,"href":"https:\/\/cie-astrolabe.org\/index.php?rest_route=\/wp\/v2\/users\/1"}],"replies":[{"embeddable":true,"href":"https:\/\/cie-astrolabe.org\/index.php?rest_route=%2Fwp%2Fv2%2Fcomments&post=133"}],"version-history":[{"count":42,"href":"https:\/\/cie-astrolabe.org\/index.php?rest_route=\/wp\/v2\/pages\/133\/revisions"}],"predecessor-version":[{"id":1904,"href":"https:\/\/cie-astrolabe.org\/index.php?rest_route=\/wp\/v2\/pages\/133\/revisions\/1904"}],"wp:featuredmedia":[{"embeddable":true,"href":"https:\/\/cie-astrolabe.org\/index.php?rest_route=\/wp\/v2\/media\/493"}],"wp:attachment":[{"href":"https:\/\/cie-astrolabe.org\/index.php?rest_route=%2Fwp%2Fv2%2Fmedia&parent=133"}],"curies":[{"name":"wp","href":"https:\/\/api.w.org\/{rel}","templated":true}]}}