{"id":131,"date":"2016-05-25T15:40:08","date_gmt":"2016-05-25T13:40:08","guid":{"rendered":"http:\/\/localhost:8888\/?page_id=131"},"modified":"2026-03-18T11:05:50","modified_gmt":"2026-03-18T10:05:50","slug":"agenda","status":"publish","type":"page","link":"https:\/\/cie-astrolabe.org\/?page_id=131","title":{"rendered":"AGENDA"},"content":{"rendered":"<h3 style=\"text-align: center;\"><\/h3>\n<h4 id=\"-\u00a0-2017\u00a0\u00a0-2018-\u00a0-2019-\u00a0-2\" style=\"text-align: center;\"><img decoding=\"async\" loading=\"lazy\" class=\"aligncenter wp-image-46 size-large\" src=\"https:\/\/cie-astrolabe.org\/wp-content\/uploads\/2016\/05\/IMG_5264-1024x682.jpg\" width=\"600\" height=\"400\" srcset=\"https:\/\/cie-astrolabe.org\/wp-content\/uploads\/2016\/05\/IMG_5264.jpg 1024w, https:\/\/cie-astrolabe.org\/wp-content\/uploads\/2016\/05\/IMG_5264-600x400.jpg 600w, https:\/\/cie-astrolabe.org\/wp-content\/uploads\/2016\/05\/IMG_5264-300x200.jpg 300w, https:\/\/cie-astrolabe.org\/wp-content\/uploads\/2016\/05\/IMG_5264-768x512.jpg 768w, https:\/\/cie-astrolabe.org\/wp-content\/uploads\/2016\/05\/IMG_5264-648x432.jpg 648w, https:\/\/cie-astrolabe.org\/wp-content\/uploads\/2016\/05\/IMG_5264-288x192.jpg 288w\" sizes=\"(max-width: 600px) 100vw, 600px\" \/><\/h4>\n<h4 style=\"text-align: center;\"><a href=\"#2016\">2016<\/a> \u00a0 <a href=\"#2017\">2017<\/a>\u00a0\u00a0 <a href=\"#2018\">2018<\/a> \u00a0 <a href=\"#2019\">2019<\/a> \u00a0 <a href=\"#2020\">2020<\/a>\u00a0 <a href=\"#2021\">2021<\/a>\u00a0 <a href=\"#2022\">2022<\/a><\/h4>\n<h4 style=\"text-align: center;\"><a href=\"#2023\">2023<\/a>\u00a0 <a href=\"#2024\">2024<\/a>\u00a0 <a href=\"#2025\">2025<\/a> \u00a0<a href=\"#2026\">2026<\/a><\/h4>\n<h4 id=\"#2016\" style=\"text-align: center;\"><a href=\"##2016\"><span style=\"color: #c90c0c;\">2016<\/span><\/a><\/h4>\n<p style=\"text-align: center;\" align=\"justify\">\u00a0ATP de Lunel le 06 octobre 2016 <em>(Mr de Pourceaugnac)<\/em><\/p>\n<p style=\"text-align: center;\" align=\"justify\">Bagnols sur C\u00e8ze (30) les 24 et 25 novembre 2016 <em>(Mr de Pourceaugnac)<\/em><\/p>\n<p style=\"text-align: center;\">Th\u00e9\u00e2tre Jean Marmignon de St Gaudens (31) le 08 d\u00e9cembre 2016 <em>(Mr de Pourceaugnac)<\/em><\/p>\n<h4 id=\"anchor-603d0b0465cd2\" class=\"western\" style=\"text-align: center;\" align=\"justify\"><span style=\"color: #c90c0c;\">2017<\/span><\/h4>\n<p style=\"text-align: center;\">Th\u00e9\u00e2tre Jean Vilar \u00e0 Montpellier les 11, 12 et 13 janvier 2017 <em>(D\u00e9brayage)<\/em><\/p>\n<p style=\"text-align: center;\">Th\u00e9\u00e2tre dans les Vignes \u00e0 Couffoulens (11) les 19 et 20 janvier 2017\u00a0<em>(D\u00e9brayage)<\/em><\/p>\n<p style=\"text-align: center;\">Th\u00e9\u00e2tre de Poche \u00e0 Chartres (28) les 03, 04 et 05 f\u00e9vrier\u00a02017 <em>(D\u00e9brayage)<\/em><\/p>\n<p style=\"text-align: center;\">N\u00eemes M\u00e9tropole, St Gervasy le 10 mars 2017 <em>(Mr de Pourceaugnac)<\/em><\/p>\n<p style=\"text-align: center;\">Capestang, le 18 mai 2017 <em>(D\u00e9brayage)<\/em><\/p>\n<p style=\"text-align: center;\">Le Cr\u00e8s le 29 Juin 2017\u00a0 <em>(Mr de Pourceaugnac)<\/em><\/p>\n<p style=\"text-align: center;\">Du 7 au 30 Juillet 2017\u00a0: <a href=\"http:\/\/www.misesenscene.com\/lentrepot\/\" target=\"_blank\" rel=\"noopener noreferrer\">Th\u00e9\u00e2tre L&rsquo;Entrep\u00f4t<\/a> Avignon Off\u00a0 <em>(D\u00e9brayage)<\/em><\/p>\n<p style=\"text-align: center;\">Aniane (34) le 27 Aout 2017\u00a0 <em>(Mr de Pourceaugnac)<\/em><\/p>\n<p style=\"text-align: center;\">\u00a0Th\u00e9\u00e2tre Bassaget \u00e0 Mauguio (34) le 18 Novembre 2017 <em>(D\u00e9brayage)<\/em><\/p>\n<h4 id=\"--\" class=\"western\" style=\"text-align: center;\" align=\"justify\"><span style=\"color: #c90c0c;\">2018<br \/>\n<\/span><\/h4>\n<p style=\"text-align: center;\">St Jean de Vedas (34) le 13 Mars 2018 au <a href=\"http:\/\/www.chaiduterral.com\/\">Th\u00e9\u00e2tre du Chai du Terral<\/a>\u00a0 <em>(D\u00e9brayage) <\/em><\/p>\n<p style=\"text-align: center;\">Le 26 Mai Festival du RAT \u00e0 Murviel-L\u00e8s-Montpellier (Mr de Pourceaugnac)<em><br \/>\n<\/em><\/p>\n<p style=\"text-align: center;\">Du 6 au 29 Juillet 2018 : <a href=\"http:\/\/theatredeladresse.com\/saison-2018\/\">Th\u00e9\u00e2tre de l&rsquo;Adresse<\/a> Avignon Off\u00a0 <em>(D\u00e9brayage)<\/em><\/p>\n<p style=\"text-align: center;\"><em>Le 20 octobre \u00e0 Castries,<a href=\"https:\/\/theatrecompagnielagasetina.wordpress.com\/festival-alerte-rouge-jeunesse-theatrale\/\"> Festival Alerte Rouge<\/a> (D\u00e9brayage)<br \/>\n<\/em><\/p>\n<h4 id=\"---0\" class=\"western\" style=\"text-align: center;\" align=\"justify\"><span style=\"color: #d41c1c;\">2019<br \/>\n<\/span><\/h4>\n<p style=\"text-align: center;\"><em>Le 21 Mars \u00e0 Argeles Sur Mer (D\u00e9brayage)<\/em><\/p>\n<p style=\"text-align: center;\">\u00a0Le 21 Novembre \u00e0 La Cigali\u00e8re S\u00e9rignan\u00a0 <em>(D\u00e9brayage)<\/em><\/p>\n<p style=\"text-align: center;\">\u00a0Le 23 Novembre aux\u00a0 ATP Al\u00e8s <em>(D\u00e9brayage)<\/em><\/p>\n<h4 id=\"anchor-603d0b0465d5b\" class=\"western\" style=\"text-align: center;\" align=\"justify\"><span style=\"color: #d61a1a;\">2020<\/span><\/h4>\n<p style=\"text-align: center;\">\u00a0Le 26 Janvier \u00e0 Grans 13\u00a0 <em>(D\u00e9brayage)<\/em><\/p>\n<p style=\"text-align: center;\">Les 26,27,28 F\u00e9vrier au Th\u00e9\u00e2tre Jean Vilar Montpellier\u00a0 <em>(Perplexe)<\/em><\/p>\n<p style=\"text-align: center;\">Le 6 et 7 Mars au Th\u00e9\u00e2tre dans les Vignes Couffoulens 11 <em>(Perplexe)<\/em><\/p>\n<p style=\"text-align: center;\">Les 9,10,11 Avril au Th\u00e9\u00e2tre De Poche Chartres 28\u00a0 <em>(Perplexe) <span style=\"color: #ff0000;\">Report\u00e9 COVID<\/span><br \/>\n<\/em><\/p>\n<p style=\"text-align: center;\">Le 25 Avril au Grau Du Roi\u00a0\u00a0<em>(D\u00e9brayage) <span style=\"color: #ff0000;\">Report\u00e9 COVID<\/span><br \/>\n<\/em><\/p>\n<p style=\"text-align: center;\">15 et 16 Mai au Th\u00e9\u00e2tre de L&rsquo;adresse Avignon <em>(Perplexe) <span style=\"color: #ff0000;\">Report\u00e9 COVID <\/span><\/em><\/p>\n<p style=\"text-align: center;\">\u00a010 Octobre Th\u00e9\u00e2tre Bassaget de Mauguio<em> (Perplexe)<\/em><\/p>\n<p style=\"text-align: center;\"><em>17 Octobre 20h30 Espace Jean-Pierre Cassel au Grau Du Roi\u00a0\u00a0(D\u00e9brayage)<\/em><\/p>\n<h4 id=\"anchor-603d0b0465daf\" class=\"western\" style=\"text-align: center;\" align=\"justify\"><span style=\"color: #d61a1a;\">2021<br \/>\n<\/span><\/h4>\n<p style=\"text-align: center;\">9, 10 Juin\u00a0 Castelnau-le-Lez, Le Kiasma\u00a0<em> (A Nos Ailleurs )<\/em><\/p>\n<p style=\"text-align: center;\">17 &#8211; 18 Septembre journ\u00e9es du patrimoine Mauguio <em>( A Nos Ailleurs )<\/em><\/p>\n<p style=\"text-align: center;\">7,8,et 9 Octobre au Th\u00e9\u00e2tre De Poche Chartres 28\u00a0 ( <em>A Nos Ailleurs)<\/em><\/p>\n<p style=\"text-align: center;\">15, 16 D\u00e9cembre \u00e0 20h\u00a0 Domaine d&rsquo; O ,Th\u00e9\u00e2tre Jean-Claude Carri\u00e8re Montpellier <em>(A Nos Ailleurs )<\/em><\/p>\n<h4 id=\"2022\" class=\"western\" style=\"text-align: center;\" align=\"justify\"><span style=\"color: #d10d0d;\">2022<\/span><\/h4>\n<p style=\"text-align: center;\">12 Avril 2022 Th\u00e9\u00e2tre des Franciscains \u00e0 B\u00e9ziers <em>( A Nos Ailleurs ) <\/em><\/p>\n<p style=\"text-align: center;\">21 et 22 Avril 2022 <a href=\"https:\/\/www.theatre-lesillon.fr\/\">Le\u00a0 Sillon \u00e0 Clermont l&rsquo;H\u00e9rault<\/a> <em>( A Nos Ailleurs ) <\/em><em><br \/>\n<\/em><\/p>\n<p style=\"text-align: center;\">du 7 au 26 Juillet 2022 Avignon Off\u00a0 \u00e0 <a href=\"https:\/\/artephile.com\/mevents\/festival-off-2022-a-nos-ailleurs\/\" target=\"_blank\" rel=\"noopener\">L&rsquo;Arth\u00e9phile<\/a> <em>( A Nos Ailleurs )<\/em><\/p>\n<p style=\"text-align: center;\">Le 10 Octobre 2022 EPHAD M.Lartigue Montpellier <em>( A Nos Ailleurs )<\/em><\/p>\n<p style=\"text-align: center;\">Le 20 Octobre 2022 Facult\u00e9 Economie Montpellier <em>( A Nos Ailleurs )<\/em><\/p>\n<h4 id=\"anchor-630cac5952b4f\" class=\"western\" style=\"text-align: center;\" align=\"justify\"><span style=\"color: #d10d0d;\">2023<\/span><\/h4>\n<p style=\"text-align: center;\">1 Avril 2023 Caves Ecoiffier, 66200 <em>Alenya<\/em>. <em>( A Nos Ailleurs )<\/em><\/p>\n<p style=\"text-align: center;\">7 Avril 2023 M\u00e9diath\u00e8que de Cessenon \/ Orb. <em>( A Nos Ailleurs )<\/em><\/p>\n<p style=\"text-align: center;\">1 Juin M\u00e9morial de Rivesaltes 66<em>( Esther )\u00a0<\/em><\/p>\n<p style=\"text-align: center;\">10 Juin Festival lez Arts Mouvants \u00e0 St Andr\u00e9 Sangonis <em>( A Nos Ailleurs )<br \/>\n<\/em><\/p>\n<p style=\"text-align: center;\">30 Septembre 2023 M\u00e9diath\u00e8que de Lespignan<em>( A Nos Ailleurs )\u00a0<\/em><\/p>\n<p style=\"text-align: center;\">6 Octobre 2023 Foyer Municipal de M\u00e8ze <em>( A Nos Ailleurs )\u00a0<\/em><\/p>\n<p style=\"text-align: center;\">6 Novembre 2023 Lyc<em>\u00e9e Agricole de Castelnau le Lez ( A Nos Ailleurs )\u00a0<\/em><\/p>\n<h4 id=\"anchor-630cac5952b4f\" class=\"western\" style=\"text-align: center;\" align=\"justify\"><span style=\"color: #ff0000;\">2024<\/span><\/h4>\n<p style=\"text-align: center;\">18 et 19 Mars 2024 , \u00e0 L&rsquo;Imprimerie <em>Montpellier ( Esther) Scolaires<br \/>\n<\/em><\/p>\n<p style=\"text-align: center;\">21 Mars 2024 \u00e0 16h et 20h30 , \u00e0 L&rsquo;Imprimerie <em>Montpellier ( Esther ) <strong>Tous Publics<\/strong><br \/>\n<\/em><\/p>\n<p style=\"text-align: center;\">3 Ao\u00fbt 2024 \u00e0 16h ,Festival Jour de Th\u00e9\u00e2tre, 66310 <em>Estagel.<\/em> <em>( Esther )<\/em><\/p>\n<p style=\"text-align: center;\">18 Octobre 2024 , \u00e0 <em>Gu\u00e9r\u00eat ( Esther) Scolaires<\/em><\/p>\n<p style=\"text-align: center;\">25 Novembre 2024 , \u00e0 M\u00e9morial du camp de Rivesaltes<em> ( Esther) <strong>Tous publics<\/strong><br \/>\n<\/em><\/p>\n<p style=\"text-align: center;\">26 Novembre 2024 , \u00e0 M\u00e9morial du camp de Rivesaltes<em> ( Esther) Scolaires.<\/em><\/p>\n<p>28 Novembre 2024 ,14h00, 16h00 au Lyc\u00e9e J Jaur\u00e8s de St Cl\u00e9ment de Rivi\u00e8re<em> ( Esther) Scolaires<\/em><\/p>\n<p>29 Novembre 2024 ,10h00, 19h45 Galerie d&rsquo;Art de Mauguio 34<em> ( Esther) <strong>Tous publics<\/strong><br \/>\n<\/em><\/p>\n<p style=\"text-align: center;\">3 D\u00e9cembre 2024 ,10h30 \u00e0 L&rsquo;Imprimerie <em>Montpellier ( Esther) Scolaires<\/em><\/p>\n<p style=\"text-align: center;\">5 D\u00e9cembre 2024 ,10h30, 15h30 \u00e0 L&rsquo;Imprimerie <em>Montpellier ( Esther) Scolaires<\/em><\/p>\n<p style=\"text-align: center;\">6 D\u00e9cembre 2024 ,10h30 \u00e0 L&rsquo;Imprimerie <em>Montpellier ( Esther) Scolaires<\/em><\/p>\n<p style=\"text-align: center;\">12 D\u00e9cembre 2024 , 8h00, 14h30 \u00e0 L&rsquo;Imprimerie <em>Montpellier ( Esther) Scolaires<\/em><\/p>\n<h4 id=\"anchor-630cac5952b4f\" class=\"western\" style=\"text-align: center;\" align=\"justify\"><span style=\"color: #ff0000;\">2025<\/span><\/h4>\n<p style=\"text-align: center;\">26 Janvier 2025 ,17h\u00a0 Mus\u00e9e de la d\u00e9portation Toulouse<em> ( Esther) <strong>Tous publics<\/strong><br \/>\n<\/em><\/p>\n<p style=\"text-align: center;\">4 F\u00e9vrier 2025, 14h30 Th\u00e9\u00e2tre Jean Vilar Montpellier 34 <em>( Esther) Scolaires<\/em><\/p>\n<p style=\"text-align: center;\"><em>\u00a0<\/em>4 F\u00e9vrier 2025, 20h Th\u00e9\u00e2tre Jean Vilar Montpellier 34 <em>( Esther) <strong>Tous publics<\/strong><br \/>\n<\/em><\/p>\n<p style=\"text-align: center;\"><em>\u00a0<\/em>4 Mars 2025, 14h30 Coll\u00e8ge de Montarnaud 34 <em>( Esther) Scolaires<\/em><\/p>\n<p style=\"text-align: center;\">8 Mars 2025, 20h \u00e0 Alenya 66 <em>( Esther) <strong>Tous publics<\/strong><\/em><\/p>\n<p style=\"text-align: center;\"><em>\u00a018<\/em> Mars 2025, 10h30 Lyc\u00e9e de Lunel 34 <em>( Esther) Scolaires<\/em><\/p>\n<p style=\"text-align: center;\">20 Mars 2025, 10h20, 14h40 Coll\u00e8ge les Escholiers Montpellier <em>( Esther) Scolaires<\/em><\/p>\n<p style=\"text-align: center;\">25 Mars 2025, 19h Maison des \u00e9tudiants Universit\u00e9 de Montpellier <em>( Esther) <\/em><em><strong>Tous publics<\/strong><\/em><\/p>\n<p style=\"text-align: center;\">28 Mars 2025, 14h15 M\u00e9diath\u00e8que Albert Camus de Clapiers\u00a0 <em>( Esther)\u00a0Scolaires<\/em><\/p>\n<p style=\"text-align: center;\">28 Mars 2025, 20h M\u00e9diath\u00e8que Albert Camus de Clapiers\u00a0 <em>( Esther) <strong>Tous publics<\/strong><br \/>\n<\/em><\/p>\n<p style=\"text-align: center;\">6 Mai 2025, 10h00 Lycee Jules Guesdes Montpellier <em>( Esther) Scolaires<\/em><\/p>\n<p style=\"text-align: center;\">15 Mai 2025, 10h10, 13h20 Coll\u00e8ge de S\u00e9rignan <em>( Esther) Scolaires<\/em><\/p>\n<h4 id=\"anchor-630cac5952b4f\" class=\"western\" style=\"text-align: center;\" align=\"justify\"><span style=\"color: #ff0000;\">2026<\/span><\/h4>\n<p style=\"text-align: center;\">23 Mars 2026, M\u00e9morial\u00a0 de la Shoah de Drancy <em>( Esther) <strong>Tous publics<\/strong><\/em><em><br \/>\n<\/em><\/p>\n<p style=\"text-align: center;\">28 Mars 20H30, au Th\u00e9atre de poche,\u00a0 Chartres <em>( Esther) <strong>Tous publics<\/strong><\/em><\/p>\n<p style=\"text-align: center;\">29 Mars 17H, au Th\u00e9atre de poche,\u00a0 Chartres <em>( Esther) <strong>Tous publics<\/strong><\/em><\/p>\n<p style=\"text-align: center;\">31 Mars 20H30, au Espace Fayolle, Gu\u00e9r\u00eat <em>( Esther) <strong>Tous publics<\/strong><\/em><\/p>\n<p style=\"text-align: center;\"><span style=\"color: #000000;\"><span style=\"font-family: LiberationSerif,Times New Roman,serif;\">\u00a0<\/span><\/span><\/p>\n<p><span style=\"font-family: LiberationSerif,Times New Roman,serif;\"><span style=\"font-family: Times New Roman,serif;\">\u00a0<\/span><\/span><\/p>\n","protected":false},"excerpt":{"rendered":"<p>2016 \u00a0 2017\u00a0\u00a0 2018 \u00a0 2019 \u00a0 2020\u00a0 2021\u00a0 2022 2023\u00a0 2024\u00a0 2025 \u00a02026 2016 \u00a0ATP de Lunel le 06 octobre 2016 (Mr de Pourceaugnac) Bagnols sur C\u00e8ze (30) les <a class=\"more-link\" href=\"https:\/\/cie-astrolabe.org\/?page_id=131\">Lire la suite \u2192<\/a><\/p>\n","protected":false},"author":1,"featured_media":0,"parent":0,"menu_order":0,"comment_status":"closed","ping_status":"closed","template":"","meta":{"jetpack_post_was_ever_published":false},"yoast_head":"<!-- This site is optimized with the Yoast SEO plugin v20.1 - https:\/\/yoast.com\/wordpress\/plugins\/seo\/ -->\n<title>AGENDA - Compagnie de l&#039;Astrolabe<\/title>\n<meta name=\"robots\" content=\"index, follow, max-snippet:-1, max-image-preview:large, max-video-preview:-1\" \/>\n<link rel=\"canonical\" href=\"https:\/\/cie-astrolabe.org\/?page_id=131\" \/>\n<meta property=\"og:locale\" content=\"fr_FR\" \/>\n<meta property=\"og:type\" content=\"article\" \/>\n<meta property=\"og:title\" content=\"AGENDA - Compagnie de l&#039;Astrolabe\" \/>\n<meta property=\"og:description\" content=\"2016 \u00a0 2017\u00a0\u00a0 2018 \u00a0 2019 \u00a0 2020\u00a0 2021\u00a0 2022 2023\u00a0 2024\u00a0 2025 \u00a02026 2016 \u00a0ATP de Lunel le 06 octobre 2016 (Mr de Pourceaugnac) Bagnols sur C\u00e8ze (30) les Lire la suite \u2192\" \/>\n<meta property=\"og:url\" content=\"https:\/\/cie-astrolabe.org\/?page_id=131\" \/>\n<meta property=\"og:site_name\" content=\"Compagnie de l&#039;Astrolabe\" \/>\n<meta property=\"article:publisher\" content=\"https:\/\/www.facebook.com\/cie.delastrolabe.3\" \/>\n<meta property=\"article:modified_time\" content=\"2026-03-18T10:05:50+00:00\" \/>\n<meta property=\"og:image\" content=\"http:\/\/cie-astrolabe.org\/wp-content\/uploads\/2016\/05\/IMG_5264-1024x682.jpg\" \/>\n<meta name=\"twitter:card\" content=\"summary_large_image\" \/>\n<meta name=\"twitter:label1\" content=\"Dur\u00e9e de lecture estim\u00e9e\" \/>\n\t<meta name=\"twitter:data1\" content=\"5 minutes\" \/>\n<script type=\"application\/ld+json\" class=\"yoast-schema-graph\">{\"@context\":\"https:\/\/schema.org\",\"@graph\":[{\"@type\":\"WebPage\",\"@id\":\"https:\/\/cie-astrolabe.org\/?page_id=131\",\"url\":\"https:\/\/cie-astrolabe.org\/?page_id=131\",\"name\":\"AGENDA - Compagnie de l&#039;Astrolabe\",\"isPartOf\":{\"@id\":\"https:\/\/cie-astrolabe.org\/#website\"},\"datePublished\":\"2016-05-25T13:40:08+00:00\",\"dateModified\":\"2026-03-18T10:05:50+00:00\",\"breadcrumb\":{\"@id\":\"https:\/\/cie-astrolabe.org\/?page_id=131#breadcrumb\"},\"inLanguage\":\"fr-FR\",\"potentialAction\":[{\"@type\":\"ReadAction\",\"target\":[\"https:\/\/cie-astrolabe.org\/?page_id=131\"]}]},{\"@type\":\"BreadcrumbList\",\"@id\":\"https:\/\/cie-astrolabe.org\/?page_id=131#breadcrumb\",\"itemListElement\":[{\"@type\":\"ListItem\",\"position\":1,\"name\":\"Accueil\",\"item\":\"https:\/\/cie-astrolabe.org\/\"},{\"@type\":\"ListItem\",\"position\":2,\"name\":\"AGENDA\"}]},{\"@type\":\"WebSite\",\"@id\":\"https:\/\/cie-astrolabe.org\/#website\",\"url\":\"https:\/\/cie-astrolabe.org\/\",\"name\":\"Compagnie de l&#039;Astrolabe\",\"description\":\"\",\"publisher\":{\"@id\":\"https:\/\/cie-astrolabe.org\/#organization\"},\"potentialAction\":[{\"@type\":\"SearchAction\",\"target\":{\"@type\":\"EntryPoint\",\"urlTemplate\":\"https:\/\/cie-astrolabe.org\/?s={search_term_string}\"},\"query-input\":\"required name=search_term_string\"}],\"inLanguage\":\"fr-FR\"},{\"@type\":\"Organization\",\"@id\":\"https:\/\/cie-astrolabe.org\/#organization\",\"name\":\"Compagnie de l&#039;Astrolabe\",\"url\":\"https:\/\/cie-astrolabe.org\/\",\"logo\":{\"@type\":\"ImageObject\",\"inLanguage\":\"fr-FR\",\"@id\":\"https:\/\/cie-astrolabe.org\/#\/schema\/logo\/image\/\",\"url\":\"https:\/\/cie-astrolabe.org\/wp-content\/uploads\/2020\/12\/MG1_2124.jpg\",\"contentUrl\":\"https:\/\/cie-astrolabe.org\/wp-content\/uploads\/2020\/12\/MG1_2124.jpg\",\"width\":1092,\"height\":728,\"caption\":\"Compagnie de l&#039;Astrolabe\"},\"image\":{\"@id\":\"https:\/\/cie-astrolabe.org\/#\/schema\/logo\/image\/\"},\"sameAs\":[\"https:\/\/www.facebook.com\/cie.delastrolabe.3\"]}]}<\/script>\n<!-- \/ Yoast SEO plugin. -->","yoast_head_json":{"title":"AGENDA - Compagnie de l&#039;Astrolabe","robots":{"index":"index","follow":"follow","max-snippet":"max-snippet:-1","max-image-preview":"max-image-preview:large","max-video-preview":"max-video-preview:-1"},"canonical":"https:\/\/cie-astrolabe.org\/?page_id=131","og_locale":"fr_FR","og_type":"article","og_title":"AGENDA - Compagnie de l&#039;Astrolabe","og_description":"2016 \u00a0 2017\u00a0\u00a0 2018 \u00a0 2019 \u00a0 2020\u00a0 2021\u00a0 2022 2023\u00a0 2024\u00a0 2025 \u00a02026 2016 \u00a0ATP de Lunel le 06 octobre 2016 (Mr de Pourceaugnac) Bagnols sur C\u00e8ze (30) les Lire la suite \u2192","og_url":"https:\/\/cie-astrolabe.org\/?page_id=131","og_site_name":"Compagnie de l&#039;Astrolabe","article_publisher":"https:\/\/www.facebook.com\/cie.delastrolabe.3","article_modified_time":"2026-03-18T10:05:50+00:00","og_image":[{"url":"http:\/\/cie-astrolabe.org\/wp-content\/uploads\/2016\/05\/IMG_5264-1024x682.jpg"}],"twitter_card":"summary_large_image","twitter_misc":{"Dur\u00e9e de lecture estim\u00e9e":"5 minutes"},"schema":{"@context":"https:\/\/schema.org","@graph":[{"@type":"WebPage","@id":"https:\/\/cie-astrolabe.org\/?page_id=131","url":"https:\/\/cie-astrolabe.org\/?page_id=131","name":"AGENDA - Compagnie de l&#039;Astrolabe","isPartOf":{"@id":"https:\/\/cie-astrolabe.org\/#website"},"datePublished":"2016-05-25T13:40:08+00:00","dateModified":"2026-03-18T10:05:50+00:00","breadcrumb":{"@id":"https:\/\/cie-astrolabe.org\/?page_id=131#breadcrumb"},"inLanguage":"fr-FR","potentialAction":[{"@type":"ReadAction","target":["https:\/\/cie-astrolabe.org\/?page_id=131"]}]},{"@type":"BreadcrumbList","@id":"https:\/\/cie-astrolabe.org\/?page_id=131#breadcrumb","itemListElement":[{"@type":"ListItem","position":1,"name":"Accueil","item":"https:\/\/cie-astrolabe.org\/"},{"@type":"ListItem","position":2,"name":"AGENDA"}]},{"@type":"WebSite","@id":"https:\/\/cie-astrolabe.org\/#website","url":"https:\/\/cie-astrolabe.org\/","name":"Compagnie de l&#039;Astrolabe","description":"","publisher":{"@id":"https:\/\/cie-astrolabe.org\/#organization"},"potentialAction":[{"@type":"SearchAction","target":{"@type":"EntryPoint","urlTemplate":"https:\/\/cie-astrolabe.org\/?s={search_term_string}"},"query-input":"required name=search_term_string"}],"inLanguage":"fr-FR"},{"@type":"Organization","@id":"https:\/\/cie-astrolabe.org\/#organization","name":"Compagnie de l&#039;Astrolabe","url":"https:\/\/cie-astrolabe.org\/","logo":{"@type":"ImageObject","inLanguage":"fr-FR","@id":"https:\/\/cie-astrolabe.org\/#\/schema\/logo\/image\/","url":"https:\/\/cie-astrolabe.org\/wp-content\/uploads\/2020\/12\/MG1_2124.jpg","contentUrl":"https:\/\/cie-astrolabe.org\/wp-content\/uploads\/2020\/12\/MG1_2124.jpg","width":1092,"height":728,"caption":"Compagnie de l&#039;Astrolabe"},"image":{"@id":"https:\/\/cie-astrolabe.org\/#\/schema\/logo\/image\/"},"sameAs":["https:\/\/www.facebook.com\/cie.delastrolabe.3"]}]}},"jetpack_sharing_enabled":true,"jetpack_shortlink":"https:\/\/wp.me\/P7Tcq7-27","_links":{"self":[{"href":"https:\/\/cie-astrolabe.org\/index.php?rest_route=\/wp\/v2\/pages\/131"}],"collection":[{"href":"https:\/\/cie-astrolabe.org\/index.php?rest_route=\/wp\/v2\/pages"}],"about":[{"href":"https:\/\/cie-astrolabe.org\/index.php?rest_route=\/wp\/v2\/types\/page"}],"author":[{"embeddable":true,"href":"https:\/\/cie-astrolabe.org\/index.php?rest_route=\/wp\/v2\/users\/1"}],"replies":[{"embeddable":true,"href":"https:\/\/cie-astrolabe.org\/index.php?rest_route=%2Fwp%2Fv2%2Fcomments&post=131"}],"version-history":[{"count":60,"href":"https:\/\/cie-astrolabe.org\/index.php?rest_route=\/wp\/v2\/pages\/131\/revisions"}],"predecessor-version":[{"id":1940,"href":"https:\/\/cie-astrolabe.org\/index.php?rest_route=\/wp\/v2\/pages\/131\/revisions\/1940"}],"wp:attachment":[{"href":"https:\/\/cie-astrolabe.org\/index.php?rest_route=%2Fwp%2Fv2%2Fmedia&parent=131"}],"curies":[{"name":"wp","href":"https:\/\/api.w.org\/{rel}","templated":true}]}}