{"id":129,"date":"2016-05-25T15:39:23","date_gmt":"2016-05-25T13:39:23","guid":{"rendered":"http:\/\/localhost:8888\/?page_id=129"},"modified":"2023-12-19T16:55:47","modified_gmt":"2023-12-19T15:55:47","slug":"l-imprimerie-le-lieu","status":"publish","type":"page","link":"https:\/\/cie-astrolabe.org\/?page_id=129","title":{"rendered":"L &lsquo;iMPRIMERIE  (le lieu)"},"content":{"rendered":"\n<!--more-->\n\n\n<hr \/>\n<h3 style=\"text-align: center;\"><a href=\"https:\/\/cie-astrolabe.org\/wp-content\/uploads\/2016\/05\/P1090170-e1464183411286.jpg\"><img decoding=\"async\" loading=\"lazy\" class=\"aligncenter size-full wp-image-10\" src=\"https:\/\/cie-astrolabe.org\/wp-content\/uploads\/2016\/05\/P1090170-e1464183411286.jpg\" alt=\"P1090170\" width=\"3456\" height=\"682\" srcset=\"https:\/\/cie-astrolabe.org\/wp-content\/uploads\/2016\/05\/P1090170-e1464183411286.jpg 3456w, https:\/\/cie-astrolabe.org\/wp-content\/uploads\/2016\/05\/P1090170-e1464183411286-600x118.jpg 600w, https:\/\/cie-astrolabe.org\/wp-content\/uploads\/2016\/05\/P1090170-e1464183411286-300x59.jpg 300w, https:\/\/cie-astrolabe.org\/wp-content\/uploads\/2016\/05\/P1090170-e1464183411286-768x152.jpg 768w, https:\/\/cie-astrolabe.org\/wp-content\/uploads\/2016\/05\/P1090170-e1464183411286-1024x202.jpg 1024w, https:\/\/cie-astrolabe.org\/wp-content\/uploads\/2016\/05\/P1090170-e1464183411286-648x128.jpg 648w, https:\/\/cie-astrolabe.org\/wp-content\/uploads\/2016\/05\/P1090170-e1464183411286-583x115.jpg 583w\" sizes=\"(max-width: 3456px) 100vw, 3456px\" \/><\/a><\/h3>\n\n\t\t<style type=\"text\/css\">\n\t\t\t#gallery-1 {\n\t\t\t\tmargin: auto;\n\t\t\t}\n\t\t\t#gallery-1 .gallery-item {\n\t\t\t\tfloat: left;\n\t\t\t\tmargin-top: 10px;\n\t\t\t\ttext-align: center;\n\t\t\t\twidth: 100%;\n\t\t\t}\n\t\t\t#gallery-1 img {\n\t\t\t\tborder: 2px solid #cfcfcf;\n\t\t\t}\n\t\t\t#gallery-1 .gallery-caption {\n\t\t\t\tmargin-left: 0;\n\t\t\t}\n\t\t\t\/* see gallery_shortcode() in wp-includes\/media.php *\/\n\t\t<\/style>\n\t\t<div id='gallery-1' class='gallery galleryid-129 gallery-columns-1 gallery-size-full'><dl class='gallery-item'>\n\t\t\t<dt class='gallery-icon landscape'>\n\t\t\t\t<a href='https:\/\/cie-astrolabe.org\/?attachment_id=572'><img width=\"1224\" height=\"918\" src=\"https:\/\/cie-astrolabe.org\/wp-content\/uploads\/2017\/03\/3.jpg\" class=\"attachment-full size-full\" alt=\"\" decoding=\"async\" loading=\"lazy\" srcset=\"https:\/\/cie-astrolabe.org\/wp-content\/uploads\/2017\/03\/3.jpg 1224w, https:\/\/cie-astrolabe.org\/wp-content\/uploads\/2017\/03\/3-600x450.jpg 600w, https:\/\/cie-astrolabe.org\/wp-content\/uploads\/2017\/03\/3-420x315.jpg 420w, https:\/\/cie-astrolabe.org\/wp-content\/uploads\/2017\/03\/3-744x558.jpg 744w, https:\/\/cie-astrolabe.org\/wp-content\/uploads\/2017\/03\/3-768x576.jpg 768w, https:\/\/cie-astrolabe.org\/wp-content\/uploads\/2017\/03\/3-1200x900.jpg 1200w, https:\/\/cie-astrolabe.org\/wp-content\/uploads\/2017\/03\/3-350x263.jpg 350w\" sizes=\"(max-width: 1224px) 100vw, 1224px\" \/><\/a>\n\t\t\t<\/dt><\/dl><br style=\"clear: both\" \/><dl class='gallery-item'>\n\t\t\t<dt class='gallery-icon landscape'>\n\t\t\t\t<a href='https:\/\/cie-astrolabe.org\/?attachment_id=625'><img width=\"2096\" height=\"672\" src=\"https:\/\/cie-astrolabe.org\/wp-content\/uploads\/2017\/05\/20170425_195617.jpg\" class=\"attachment-full size-full\" alt=\"\" decoding=\"async\" loading=\"lazy\" srcset=\"https:\/\/cie-astrolabe.org\/wp-content\/uploads\/2017\/05\/20170425_195617.jpg 2096w, https:\/\/cie-astrolabe.org\/wp-content\/uploads\/2017\/05\/20170425_195617-600x192.jpg 600w, https:\/\/cie-astrolabe.org\/wp-content\/uploads\/2017\/05\/20170425_195617-420x135.jpg 420w, https:\/\/cie-astrolabe.org\/wp-content\/uploads\/2017\/05\/20170425_195617-744x239.jpg 744w, https:\/\/cie-astrolabe.org\/wp-content\/uploads\/2017\/05\/20170425_195617-768x246.jpg 768w, https:\/\/cie-astrolabe.org\/wp-content\/uploads\/2017\/05\/20170425_195617-1200x385.jpg 1200w\" sizes=\"(max-width: 2096px) 100vw, 2096px\" \/><\/a>\n\t\t\t<\/dt><\/dl><br style=\"clear: both\" \/><dl class='gallery-item'>\n\t\t\t<dt class='gallery-icon landscape'>\n\t\t\t\t<a href='https:\/\/cie-astrolabe.org\/?attachment_id=618'><img width=\"2112\" height=\"688\" src=\"https:\/\/cie-astrolabe.org\/wp-content\/uploads\/2017\/05\/20170428_131645.jpg\" class=\"attachment-full size-full\" alt=\"\" decoding=\"async\" loading=\"lazy\" srcset=\"https:\/\/cie-astrolabe.org\/wp-content\/uploads\/2017\/05\/20170428_131645.jpg 2112w, https:\/\/cie-astrolabe.org\/wp-content\/uploads\/2017\/05\/20170428_131645-600x195.jpg 600w, https:\/\/cie-astrolabe.org\/wp-content\/uploads\/2017\/05\/20170428_131645-420x137.jpg 420w, https:\/\/cie-astrolabe.org\/wp-content\/uploads\/2017\/05\/20170428_131645-744x242.jpg 744w, https:\/\/cie-astrolabe.org\/wp-content\/uploads\/2017\/05\/20170428_131645-768x250.jpg 768w, https:\/\/cie-astrolabe.org\/wp-content\/uploads\/2017\/05\/20170428_131645-1200x391.jpg 1200w\" sizes=\"(max-width: 2112px) 100vw, 2112px\" \/><\/a>\n\t\t\t<\/dt><\/dl><br style=\"clear: both\" \/><dl class='gallery-item'>\n\t\t\t<dt class='gallery-icon landscape'>\n\t\t\t\t<a href='https:\/\/cie-astrolabe.org\/?attachment_id=620'><img width=\"2272\" height=\"672\" src=\"https:\/\/cie-astrolabe.org\/wp-content\/uploads\/2017\/05\/20170429_204327.jpg\" class=\"attachment-full size-full\" alt=\"\" decoding=\"async\" loading=\"lazy\" srcset=\"https:\/\/cie-astrolabe.org\/wp-content\/uploads\/2017\/05\/20170429_204327.jpg 2272w, https:\/\/cie-astrolabe.org\/wp-content\/uploads\/2017\/05\/20170429_204327-600x177.jpg 600w, https:\/\/cie-astrolabe.org\/wp-content\/uploads\/2017\/05\/20170429_204327-420x124.jpg 420w, https:\/\/cie-astrolabe.org\/wp-content\/uploads\/2017\/05\/20170429_204327-744x220.jpg 744w, https:\/\/cie-astrolabe.org\/wp-content\/uploads\/2017\/05\/20170429_204327-768x227.jpg 768w, https:\/\/cie-astrolabe.org\/wp-content\/uploads\/2017\/05\/20170429_204327-1200x355.jpg 1200w\" sizes=\"(max-width: 2272px) 100vw, 2272px\" \/><\/a>\n\t\t\t<\/dt><\/dl><br style=\"clear: both\" \/><dl class='gallery-item'>\n\t\t\t<dt class='gallery-icon landscape'>\n\t\t\t\t<a href='https:\/\/cie-astrolabe.org\/?attachment_id=624'><img width=\"2784\" height=\"672\" src=\"https:\/\/cie-astrolabe.org\/wp-content\/uploads\/2017\/05\/P1090170.jpg\" class=\"attachment-full size-full\" alt=\"\" decoding=\"async\" loading=\"lazy\" srcset=\"https:\/\/cie-astrolabe.org\/wp-content\/uploads\/2017\/05\/P1090170.jpg 2784w, https:\/\/cie-astrolabe.org\/wp-content\/uploads\/2017\/05\/P1090170-600x145.jpg 600w, https:\/\/cie-astrolabe.org\/wp-content\/uploads\/2017\/05\/P1090170-420x101.jpg 420w, https:\/\/cie-astrolabe.org\/wp-content\/uploads\/2017\/05\/P1090170-744x180.jpg 744w, https:\/\/cie-astrolabe.org\/wp-content\/uploads\/2017\/05\/P1090170-768x185.jpg 768w, https:\/\/cie-astrolabe.org\/wp-content\/uploads\/2017\/05\/P1090170-1200x290.jpg 1200w\" sizes=\"(max-width: 2784px) 100vw, 2784px\" \/><\/a>\n\t\t\t<\/dt><\/dl><br style=\"clear: both\" \/><dl class='gallery-item'>\n\t\t\t<dt class='gallery-icon landscape'>\n\t\t\t\t<a href='https:\/\/cie-astrolabe.org\/?attachment_id=627'><img width=\"2240\" height=\"640\" src=\"https:\/\/cie-astrolabe.org\/wp-content\/uploads\/2017\/05\/20170425_195651.jpg\" class=\"attachment-full size-full\" alt=\"\" decoding=\"async\" loading=\"lazy\" srcset=\"https:\/\/cie-astrolabe.org\/wp-content\/uploads\/2017\/05\/20170425_195651.jpg 2240w, https:\/\/cie-astrolabe.org\/wp-content\/uploads\/2017\/05\/20170425_195651-600x171.jpg 600w, https:\/\/cie-astrolabe.org\/wp-content\/uploads\/2017\/05\/20170425_195651-420x120.jpg 420w, https:\/\/cie-astrolabe.org\/wp-content\/uploads\/2017\/05\/20170425_195651-744x213.jpg 744w, https:\/\/cie-astrolabe.org\/wp-content\/uploads\/2017\/05\/20170425_195651-768x219.jpg 768w, https:\/\/cie-astrolabe.org\/wp-content\/uploads\/2017\/05\/20170425_195651-1200x343.jpg 1200w\" sizes=\"(max-width: 2240px) 100vw, 2240px\" \/><\/a>\n\t\t\t<\/dt><\/dl><br style=\"clear: both\" \/><dl class='gallery-item'>\n\t\t\t<dt class='gallery-icon landscape'>\n\t\t\t\t<a href='https:\/\/cie-astrolabe.org\/?attachment_id=626'><img width=\"1280\" height=\"720\" src=\"https:\/\/cie-astrolabe.org\/wp-content\/uploads\/2017\/05\/20170425_195533.jpg\" class=\"attachment-full size-full\" alt=\"\" decoding=\"async\" loading=\"lazy\" srcset=\"https:\/\/cie-astrolabe.org\/wp-content\/uploads\/2017\/05\/20170425_195533.jpg 1280w, https:\/\/cie-astrolabe.org\/wp-content\/uploads\/2017\/05\/20170425_195533-600x338.jpg 600w, https:\/\/cie-astrolabe.org\/wp-content\/uploads\/2017\/05\/20170425_195533-420x236.jpg 420w, https:\/\/cie-astrolabe.org\/wp-content\/uploads\/2017\/05\/20170425_195533-744x419.jpg 744w, https:\/\/cie-astrolabe.org\/wp-content\/uploads\/2017\/05\/20170425_195533-768x432.jpg 768w, https:\/\/cie-astrolabe.org\/wp-content\/uploads\/2017\/05\/20170425_195533-1200x675.jpg 1200w\" sizes=\"(max-width: 1280px) 100vw, 1280px\" \/><\/a>\n\t\t\t<\/dt><\/dl><br style=\"clear: both\" \/>\n\t\t<\/div>\n\n<p>C &lsquo;est le lieu de r\u00e9p\u00e9tition de la compagnie, et aussi le lieu pour les ateliers, stages, lectures, rencontres et autres \u00e9v\u00e9nements culturels soutenus par la compagnie.<\/p>\n<p>Plateau de 7m x 13 m noir + Espace loge d\u00e9tente, avec micro-ondes, cafeti\u00e8re et bouilloire, WC et douche.<\/p>\n<div id=\"attachment_570\" style=\"width: 1446px\" class=\"wp-caption aligncenter\"><a href=\"https:\/\/cie-astrolabe.org\/wp-content\/uploads\/2017\/03\/imprimerieNET.jpg\" target=\"_blank\" rel=\"noopener noreferrer\"><img aria-describedby=\"caption-attachment-570\" decoding=\"async\" loading=\"lazy\" class=\"wp-image-570 size-full\" src=\"https:\/\/cie-astrolabe.org\/wp-content\/uploads\/2017\/03\/imprimerieNET.jpg\" alt=\"imprimerieNET\" width=\"1436\" height=\"787\" srcset=\"https:\/\/cie-astrolabe.org\/wp-content\/uploads\/2017\/03\/imprimerieNET.jpg 1436w, https:\/\/cie-astrolabe.org\/wp-content\/uploads\/2017\/03\/imprimerieNET-600x329.jpg 600w, https:\/\/cie-astrolabe.org\/wp-content\/uploads\/2017\/03\/imprimerieNET-420x230.jpg 420w, https:\/\/cie-astrolabe.org\/wp-content\/uploads\/2017\/03\/imprimerieNET-744x408.jpg 744w, https:\/\/cie-astrolabe.org\/wp-content\/uploads\/2017\/03\/imprimerieNET-768x421.jpg 768w, https:\/\/cie-astrolabe.org\/wp-content\/uploads\/2017\/03\/imprimerieNET-1200x658.jpg 1200w\" sizes=\"(max-width: 1436px) 100vw, 1436px\" \/><\/a><p id=\"caption-attachment-570\" class=\"wp-caption-text\">Plan du plateau de l&rsquo;imprimerie<\/p><\/div>\n<p><iframe loading=\"lazy\" style=\"border: 0;\" src=\"https:\/\/www.google.com\/maps\/embed?pb=!1m18!1m12!1m3!1d1214.7108888236335!2d3.876337345056738!3d43.604757958018!2m3!1f0!2f0!3f0!3m2!1i1024!2i768!4f13.1!3m3!1m2!1s0x12b6afa594d864eb%3A0xa040601da72616b9!2s22+Rue+du+G%C3%A9n%C3%A9ral+Lafon%2C+34000+Montpellier!5e0!3m2!1sfr!2sfr!4v1490644649020\" width=\"600\" height=\"450\" frameborder=\"0\" allowfullscreen=\"allowfullscreen\"><\/iframe><br \/>Pour tous renseignements, remplissez le formulaire de contact :<\/p>\n\n<div class=\"wpcf7 no-js\" id=\"wpcf7-f358-o1\" lang=\"fr-FR\" dir=\"ltr\">\n<div class=\"screen-reader-response\"><p role=\"status\" aria-live=\"polite\" aria-atomic=\"true\"><\/p> <ul><\/ul><\/div>\n<form action=\"\/index.php?rest_route=%2Fwp%2Fv2%2Fpages%2F129#wpcf7-f358-o1\" method=\"post\" class=\"wpcf7-form init\" aria-label=\"Formulaire de contact\" novalidate=\"novalidate\" data-status=\"init\">\n<div style=\"display: none;\">\n<input type=\"hidden\" name=\"_wpcf7\" value=\"358\" \/>\n<input type=\"hidden\" name=\"_wpcf7_version\" value=\"5.7.3\" \/>\n<input type=\"hidden\" name=\"_wpcf7_locale\" value=\"fr_FR\" \/>\n<input type=\"hidden\" name=\"_wpcf7_unit_tag\" value=\"wpcf7-f358-o1\" \/>\n<input type=\"hidden\" name=\"_wpcf7_container_post\" value=\"0\" \/>\n<input type=\"hidden\" name=\"_wpcf7_posted_data_hash\" value=\"\" \/>\n<\/div>\n<p><label> Votre nom (obligatoire)<br \/>\n<span class=\"wpcf7-form-control-wrap\" data-name=\"your-name\"><input size=\"40\" class=\"wpcf7-form-control wpcf7-text wpcf7-validates-as-required\" aria-required=\"true\" aria-invalid=\"false\" value=\"\" type=\"text\" name=\"your-name\" \/><\/span> <\/label>\n<\/p>\n<p><label> Votre e-mail (obligatoire)<br \/>\n<span class=\"wpcf7-form-control-wrap\" data-name=\"your-email\"><input size=\"40\" class=\"wpcf7-form-control wpcf7-text wpcf7-email wpcf7-validates-as-required wpcf7-validates-as-email\" aria-required=\"true\" aria-invalid=\"false\" value=\"\" type=\"email\" name=\"your-email\" \/><\/span> <\/label>\n<\/p>\n<p><label> Sujet<br \/>\n<span class=\"wpcf7-form-control-wrap\" data-name=\"your-subject\"><input size=\"40\" class=\"wpcf7-form-control wpcf7-text\" aria-invalid=\"false\" value=\"\" type=\"text\" name=\"your-subject\" \/><\/span> <\/label>\n<\/p>\n<p><label> Votre message<br \/>\n<span class=\"wpcf7-form-control-wrap\" data-name=\"your-message\"><textarea cols=\"40\" rows=\"10\" class=\"wpcf7-form-control wpcf7-textarea\" aria-invalid=\"false\" name=\"your-message\"><\/textarea><\/span> <\/label>\n<\/p>\n<p><input class=\"wpcf7-form-control has-spinner wpcf7-submit\" type=\"submit\" value=\"Envoyer\" \/>\n<\/p><p style=\"display: none !important;\"><label>&#916;<textarea name=\"_wpcf7_ak_hp_textarea\" cols=\"45\" rows=\"8\" maxlength=\"100\"><\/textarea><\/label><input type=\"hidden\" id=\"ak_js_1\" name=\"_wpcf7_ak_js\" value=\"120\"\/><script>document.getElementById( \"ak_js_1\" ).setAttribute( \"value\", ( new Date() ).getTime() );<\/script><\/p><div class=\"wpcf7-response-output\" aria-hidden=\"true\"><\/div>\n<\/form>\n<\/div>\n\n\n","protected":false},"excerpt":{"rendered":"","protected":false},"author":1,"featured_media":1347,"parent":108,"menu_order":3,"comment_status":"closed","ping_status":"closed","template":"","meta":{"jetpack_post_was_ever_published":false},"yoast_head":"<!-- This site is optimized with the Yoast SEO plugin v20.1 - https:\/\/yoast.com\/wordpress\/plugins\/seo\/ -->\n<title>L &#039;iMPRIMERIE (le lieu) - Compagnie de l&#039;Astrolabe<\/title>\n<meta name=\"robots\" content=\"index, follow, max-snippet:-1, max-image-preview:large, max-video-preview:-1\" \/>\n<link rel=\"canonical\" href=\"https:\/\/cie-astrolabe.org\/?page_id=129\" \/>\n<meta property=\"og:locale\" content=\"fr_FR\" \/>\n<meta property=\"og:type\" content=\"article\" \/>\n<meta property=\"og:title\" content=\"L &#039;iMPRIMERIE (le lieu) - Compagnie de l&#039;Astrolabe\" \/>\n<meta property=\"og:url\" content=\"https:\/\/cie-astrolabe.org\/?page_id=129\" \/>\n<meta property=\"og:site_name\" content=\"Compagnie de l&#039;Astrolabe\" \/>\n<meta property=\"article:publisher\" content=\"https:\/\/www.facebook.com\/cie.delastrolabe.3\" \/>\n<meta property=\"article:modified_time\" content=\"2023-12-19T15:55:47+00:00\" \/>\n<meta property=\"og:image\" content=\"https:\/\/cie-astrolabe.org\/wp-content\/uploads\/2022\/09\/MG1_8581.jpg\" \/>\n\t<meta property=\"og:image:width\" content=\"705\" \/>\n\t<meta property=\"og:image:height\" content=\"501\" \/>\n\t<meta property=\"og:image:type\" content=\"image\/jpeg\" \/>\n<meta name=\"twitter:card\" content=\"summary_large_image\" \/>\n<meta name=\"twitter:label1\" content=\"Dur\u00e9e de lecture estim\u00e9e\" \/>\n\t<meta name=\"twitter:data1\" content=\"1 minute\" \/>\n<script type=\"application\/ld+json\" class=\"yoast-schema-graph\">{\"@context\":\"https:\/\/schema.org\",\"@graph\":[{\"@type\":\"WebPage\",\"@id\":\"https:\/\/cie-astrolabe.org\/?page_id=129\",\"url\":\"https:\/\/cie-astrolabe.org\/?page_id=129\",\"name\":\"L 'iMPRIMERIE (le lieu) - Compagnie de l&#039;Astrolabe\",\"isPartOf\":{\"@id\":\"https:\/\/cie-astrolabe.org\/#website\"},\"datePublished\":\"2016-05-25T13:39:23+00:00\",\"dateModified\":\"2023-12-19T15:55:47+00:00\",\"breadcrumb\":{\"@id\":\"https:\/\/cie-astrolabe.org\/?page_id=129#breadcrumb\"},\"inLanguage\":\"fr-FR\",\"potentialAction\":[{\"@type\":\"ReadAction\",\"target\":[\"https:\/\/cie-astrolabe.org\/?page_id=129\"]}]},{\"@type\":\"BreadcrumbList\",\"@id\":\"https:\/\/cie-astrolabe.org\/?page_id=129#breadcrumb\",\"itemListElement\":[{\"@type\":\"ListItem\",\"position\":1,\"name\":\"Accueil\",\"item\":\"https:\/\/cie-astrolabe.org\/\"},{\"@type\":\"ListItem\",\"position\":2,\"name\":\"ATELIERS 2025\/2026\",\"item\":\"https:\/\/cie-astrolabe.org\/?page_id=108\"},{\"@type\":\"ListItem\",\"position\":3,\"name\":\"L &lsquo;iMPRIMERIE (le lieu)\"}]},{\"@type\":\"WebSite\",\"@id\":\"https:\/\/cie-astrolabe.org\/#website\",\"url\":\"https:\/\/cie-astrolabe.org\/\",\"name\":\"Compagnie de l&#039;Astrolabe\",\"description\":\"\",\"publisher\":{\"@id\":\"https:\/\/cie-astrolabe.org\/#organization\"},\"potentialAction\":[{\"@type\":\"SearchAction\",\"target\":{\"@type\":\"EntryPoint\",\"urlTemplate\":\"https:\/\/cie-astrolabe.org\/?s={search_term_string}\"},\"query-input\":\"required name=search_term_string\"}],\"inLanguage\":\"fr-FR\"},{\"@type\":\"Organization\",\"@id\":\"https:\/\/cie-astrolabe.org\/#organization\",\"name\":\"Compagnie de l&#039;Astrolabe\",\"url\":\"https:\/\/cie-astrolabe.org\/\",\"logo\":{\"@type\":\"ImageObject\",\"inLanguage\":\"fr-FR\",\"@id\":\"https:\/\/cie-astrolabe.org\/#\/schema\/logo\/image\/\",\"url\":\"https:\/\/cie-astrolabe.org\/wp-content\/uploads\/2020\/12\/MG1_2124.jpg\",\"contentUrl\":\"https:\/\/cie-astrolabe.org\/wp-content\/uploads\/2020\/12\/MG1_2124.jpg\",\"width\":1092,\"height\":728,\"caption\":\"Compagnie de l&#039;Astrolabe\"},\"image\":{\"@id\":\"https:\/\/cie-astrolabe.org\/#\/schema\/logo\/image\/\"},\"sameAs\":[\"https:\/\/www.facebook.com\/cie.delastrolabe.3\"]}]}<\/script>\n<!-- \/ Yoast SEO plugin. -->","yoast_head_json":{"title":"L 'iMPRIMERIE (le lieu) - Compagnie de l&#039;Astrolabe","robots":{"index":"index","follow":"follow","max-snippet":"max-snippet:-1","max-image-preview":"max-image-preview:large","max-video-preview":"max-video-preview:-1"},"canonical":"https:\/\/cie-astrolabe.org\/?page_id=129","og_locale":"fr_FR","og_type":"article","og_title":"L 'iMPRIMERIE (le lieu) - Compagnie de l&#039;Astrolabe","og_url":"https:\/\/cie-astrolabe.org\/?page_id=129","og_site_name":"Compagnie de l&#039;Astrolabe","article_publisher":"https:\/\/www.facebook.com\/cie.delastrolabe.3","article_modified_time":"2023-12-19T15:55:47+00:00","og_image":[{"width":705,"height":501,"url":"https:\/\/cie-astrolabe.org\/wp-content\/uploads\/2022\/09\/MG1_8581.jpg","type":"image\/jpeg"}],"twitter_card":"summary_large_image","twitter_misc":{"Dur\u00e9e de lecture estim\u00e9e":"1 minute"},"schema":{"@context":"https:\/\/schema.org","@graph":[{"@type":"WebPage","@id":"https:\/\/cie-astrolabe.org\/?page_id=129","url":"https:\/\/cie-astrolabe.org\/?page_id=129","name":"L 'iMPRIMERIE (le lieu) - Compagnie de l&#039;Astrolabe","isPartOf":{"@id":"https:\/\/cie-astrolabe.org\/#website"},"datePublished":"2016-05-25T13:39:23+00:00","dateModified":"2023-12-19T15:55:47+00:00","breadcrumb":{"@id":"https:\/\/cie-astrolabe.org\/?page_id=129#breadcrumb"},"inLanguage":"fr-FR","potentialAction":[{"@type":"ReadAction","target":["https:\/\/cie-astrolabe.org\/?page_id=129"]}]},{"@type":"BreadcrumbList","@id":"https:\/\/cie-astrolabe.org\/?page_id=129#breadcrumb","itemListElement":[{"@type":"ListItem","position":1,"name":"Accueil","item":"https:\/\/cie-astrolabe.org\/"},{"@type":"ListItem","position":2,"name":"ATELIERS 2025\/2026","item":"https:\/\/cie-astrolabe.org\/?page_id=108"},{"@type":"ListItem","position":3,"name":"L &lsquo;iMPRIMERIE (le lieu)"}]},{"@type":"WebSite","@id":"https:\/\/cie-astrolabe.org\/#website","url":"https:\/\/cie-astrolabe.org\/","name":"Compagnie de l&#039;Astrolabe","description":"","publisher":{"@id":"https:\/\/cie-astrolabe.org\/#organization"},"potentialAction":[{"@type":"SearchAction","target":{"@type":"EntryPoint","urlTemplate":"https:\/\/cie-astrolabe.org\/?s={search_term_string}"},"query-input":"required name=search_term_string"}],"inLanguage":"fr-FR"},{"@type":"Organization","@id":"https:\/\/cie-astrolabe.org\/#organization","name":"Compagnie de l&#039;Astrolabe","url":"https:\/\/cie-astrolabe.org\/","logo":{"@type":"ImageObject","inLanguage":"fr-FR","@id":"https:\/\/cie-astrolabe.org\/#\/schema\/logo\/image\/","url":"https:\/\/cie-astrolabe.org\/wp-content\/uploads\/2020\/12\/MG1_2124.jpg","contentUrl":"https:\/\/cie-astrolabe.org\/wp-content\/uploads\/2020\/12\/MG1_2124.jpg","width":1092,"height":728,"caption":"Compagnie de l&#039;Astrolabe"},"image":{"@id":"https:\/\/cie-astrolabe.org\/#\/schema\/logo\/image\/"},"sameAs":["https:\/\/www.facebook.com\/cie.delastrolabe.3"]}]}},"jetpack_sharing_enabled":true,"jetpack_shortlink":"https:\/\/wp.me\/P7Tcq7-25","_links":{"self":[{"href":"https:\/\/cie-astrolabe.org\/index.php?rest_route=\/wp\/v2\/pages\/129"}],"collection":[{"href":"https:\/\/cie-astrolabe.org\/index.php?rest_route=\/wp\/v2\/pages"}],"about":[{"href":"https:\/\/cie-astrolabe.org\/index.php?rest_route=\/wp\/v2\/types\/page"}],"author":[{"embeddable":true,"href":"https:\/\/cie-astrolabe.org\/index.php?rest_route=\/wp\/v2\/users\/1"}],"replies":[{"embeddable":true,"href":"https:\/\/cie-astrolabe.org\/index.php?rest_route=%2Fwp%2Fv2%2Fcomments&post=129"}],"version-history":[{"count":18,"href":"https:\/\/cie-astrolabe.org\/index.php?rest_route=\/wp\/v2\/pages\/129\/revisions"}],"predecessor-version":[{"id":1742,"href":"https:\/\/cie-astrolabe.org\/index.php?rest_route=\/wp\/v2\/pages\/129\/revisions\/1742"}],"up":[{"embeddable":true,"href":"https:\/\/cie-astrolabe.org\/index.php?rest_route=\/wp\/v2\/pages\/108"}],"wp:featuredmedia":[{"embeddable":true,"href":"https:\/\/cie-astrolabe.org\/index.php?rest_route=\/wp\/v2\/media\/1347"}],"wp:attachment":[{"href":"https:\/\/cie-astrolabe.org\/index.php?rest_route=%2Fwp%2Fv2%2Fmedia&parent=129"}],"curies":[{"name":"wp","href":"https:\/\/api.w.org\/{rel}","templated":true}]}}