{"id":108,"date":"2016-05-25T15:29:20","date_gmt":"2016-05-25T13:29:20","guid":{"rendered":"http:\/\/localhost:8888\/?page_id=108"},"modified":"2025-09-05T09:11:00","modified_gmt":"2025-09-05T07:11:00","slug":"cours-de-theatre-montpellier","status":"publish","type":"page","link":"https:\/\/cie-astrolabe.org\/?page_id=108","title":{"rendered":"ATELIERS 2025\/2026"},"content":{"rendered":"<p style=\"text-align: center;\"><!--more--><\/p>\n<h1 id=\"--les-inscriptions-pour-la-ren\" style=\"text-align: center;\">COURS DE\u00a0 TH\u00c9ATRE\u00a0 2025-2026<\/h1>\n<p style=\"text-align: center;\"><a href=\"https:\/\/cie-astrolabe.org\/wp-content\/uploads\/2022\/09\/MG1_8980.jpg\"><img decoding=\"async\" loading=\"lazy\" class=\"aligncenter size-full wp-image-1354\" src=\"https:\/\/cie-astrolabe.org\/wp-content\/uploads\/2022\/09\/MG1_8980.jpg\" alt=\"\" width=\"752\" height=\"557\" srcset=\"https:\/\/cie-astrolabe.org\/wp-content\/uploads\/2022\/09\/MG1_8980.jpg 752w, https:\/\/cie-astrolabe.org\/wp-content\/uploads\/2022\/09\/MG1_8980-420x311.jpg 420w, https:\/\/cie-astrolabe.org\/wp-content\/uploads\/2022\/09\/MG1_8980-744x551.jpg 744w, https:\/\/cie-astrolabe.org\/wp-content\/uploads\/2022\/09\/MG1_8980-600x444.jpg 600w\" sizes=\"(max-width: 752px) 100vw, 752px\" \/><\/a><\/p>\n<h3 id=\"les-inscriptions-pour-la-rentr\" style=\"text-align: center;\">Les inscriptions pour la rentr\u00e9e 2025, seront ouvertes<\/h3>\n<h3 style=\"text-align: center;\">\u00e0 partir du 23 juin 2025 via le formulaire ci-dessous.<\/h3>\n<h3 id=\"nous-serons-pr\u00e9sents-\u00e0-l'ant\" style=\"text-align: center;\">Nous serons pr\u00e9sents \u00e0 l&rsquo;Antigone des Associations pour vous<\/h3>\n<h3 style=\"text-align: center;\">rencontrer\u00a0et vous renseigner\u00a0le dimanche 7 septembre 2025.<\/h3>\n<h2 id=\"-d\u00e9but-des-cours-la-semaine-d\" style=\"text-align: center;\">D\u00e9but des cours le mercredi 10 septembre 2025<\/h2>\n<h2 style=\"text-align: center;\"><span style=\"color: #ff0000;\">sauf Atelier Adultes Mercredi 17 Septembre<\/span><\/h2>\n<h3><\/h3>\n<h3 style=\"text-align: center;\">Vous pouvez remplir notre formulaire de pr\u00e9-inscription d\u00e8s maintenant ,<\/h3>\n<h3 style=\"text-align: center;\">cela ne vous engage en rien , mais cela vous permet d&rsquo;\u00eatre prioritaire<\/h3>\n<h3 style=\"text-align: center;\">pour les inscriptions d\u00e9finitives apr\u00e8s le premier cours d&rsquo;essai.<\/h3>\n<p style=\"text-align: center;\">Contact par mail : <a href=\"mailto:compagnie.astrolabe@gmail.com\" target=\"_blank\" rel=\"noopener\">compagnie.astrolabe@gmail.com<\/a><\/p>\n<h3 id=\"par-mail:-compagnieastrolabegm\"><\/h3>\n<h2 style=\"text-align: center;\"><\/h2>\n<p><iframe loading=\"lazy\" src=\"https:\/\/docs.google.com\/forms\/d\/e\/1FAIpQLSf1Zxm4I03ZRds4bjWuuSB2ffUvQ-PvGZmlNIMUpLx-g_Zz0Q\/viewform?embedded=true\" width=\"640\" height=\"2500\" frameborder=\"0\" marginwidth=\"0\" marginheight=\"0\">Chargement\u2026<\/iframe><\/p>\n<h4 id=\"--informations-relatives-au-pr\"><\/h4>\n<h5 id=\"depuis-le-21-juillet-2021-le-p\"><\/h5>\n<h3 id=\"\u00a0\"><span style=\"color: #ff00ff;\">\u00a0<\/span><\/h3>\n<p><a href=\"https:\/\/cie-astrolabe.org\/wp-content\/uploads\/2022\/09\/MG1_7827.jpg\"><img decoding=\"async\" loading=\"lazy\" class=\"aligncenter wp-image-1357 size-full\" src=\"https:\/\/cie-astrolabe.org\/wp-content\/uploads\/2022\/09\/MG1_7827.jpg\" alt=\"cours th\u00e9\u00e2tre ados 16-18 ans\" width=\"835\" height=\"557\" srcset=\"https:\/\/cie-astrolabe.org\/wp-content\/uploads\/2022\/09\/MG1_7827.jpg 835w, https:\/\/cie-astrolabe.org\/wp-content\/uploads\/2022\/09\/MG1_7827-420x280.jpg 420w, https:\/\/cie-astrolabe.org\/wp-content\/uploads\/2022\/09\/MG1_7827-744x496.jpg 744w, https:\/\/cie-astrolabe.org\/wp-content\/uploads\/2022\/09\/MG1_7827-768x512.jpg 768w, https:\/\/cie-astrolabe.org\/wp-content\/uploads\/2022\/09\/MG1_7827-600x400.jpg 600w\" sizes=\"(max-width: 835px) 100vw, 835px\" \/><\/a><\/p>\n<h2 id=\"pr\u00e9sentation-saison-2020-2021\"><tt><a name=\"presentation\"><\/a>Pr\u00e9sentation saison 2025-2026:<\/tt><\/h2>\n<p><tt> Depuis 15 ans les membres de la compagnie de l'Astrolabe font partager leur passion au travers d'ateliers th\u00e9\u00e2tre.<\/tt><\/p>\n<p><tt>Forts de leurs exp\u00e9riences p\u00e9dagogiques en milieu scolaire (En partenariat avec le th\u00e9\u00e2tre Jean Vilar : La Cour des Arts, la Classe artistique\u2026Ou le th\u00e9\u00e2tre des Treize vents : Lecture en sc\u00e8ne, Du coll\u00e8ge \u00e0 la sc\u00e8ne\u2026), au conservatoire d'Art dramatique de Montpellier et dans divers th\u00e9\u00e2tres de la r\u00e9gion, les com\u00e9diens de la Compagnie de l'Astrolabe proposent pour la onzi\u00e8me ann\u00e9e cons\u00e9cutive des cours de pratique th\u00e9\u00e2trale \u00e0 <a href=\"https:\/\/cie-astrolabe.org\/?page_id=129\" target=\"_blank\" rel=\"noopener\">l'Imprimerie<\/a>. <\/tt><\/p>\n<p><a href=\"https:\/\/cie-astrolabe.org\/wp-content\/uploads\/2022\/09\/MG1_9111.jpg\"><img decoding=\"async\" loading=\"lazy\" class=\"aligncenter wp-image-1356 size-full\" src=\"https:\/\/cie-astrolabe.org\/wp-content\/uploads\/2022\/09\/MG1_9111.jpg\" alt=\"cours th\u00e9\u00e2tre ados\" width=\"835\" height=\"557\" srcset=\"https:\/\/cie-astrolabe.org\/wp-content\/uploads\/2022\/09\/MG1_9111.jpg 835w, https:\/\/cie-astrolabe.org\/wp-content\/uploads\/2022\/09\/MG1_9111-420x280.jpg 420w, https:\/\/cie-astrolabe.org\/wp-content\/uploads\/2022\/09\/MG1_9111-744x496.jpg 744w, https:\/\/cie-astrolabe.org\/wp-content\/uploads\/2022\/09\/MG1_9111-768x512.jpg 768w, https:\/\/cie-astrolabe.org\/wp-content\/uploads\/2022\/09\/MG1_9111-600x400.jpg 600w\" sizes=\"(max-width: 835px) 100vw, 835px\" \/><\/a><\/p>\n<p><tt> Ces cours s'adressent \u00e0 un public large, d'enfants, d'adolescents et d'adultes. Ils sont ouverts \u00e0 tous, du d\u00e9butant au confirm\u00e9, francophone ou pas, la compagnie s'inscrivant r\u00e9solument dans une tradition d'ouverture au monde et aux autres. Ce qui n'exclut pas l'exigence bien au contraire. <\/tt><\/p>\n<p><tt> Les cours portent en d\u00e9but de saison sur des exercices de concentration, de technique et de pratique th\u00e9\u00e2trale ( Voix, respiration, corps, \u00e9coute\u2026) et de mise en situation ludique ( Improvisations, approche du texte\u2026), pour \u00e9voluer en cours d'ann\u00e9e vers l'\u00e9laboration d'un spectacle pr\u00e9sent\u00e9 au public en fin de saison. <\/tt><\/p>\n<div id=\"attachment_102\" style=\"width: 610px\" class=\"wp-caption aligncenter\"><a href=\"https:\/\/cie-astrolabe.org\/wp-content\/uploads\/2016\/05\/IMG_6560.jpg\"><img aria-describedby=\"caption-attachment-102\" decoding=\"async\" loading=\"lazy\" class=\"wp-image-102 size-large\" src=\"https:\/\/cie-astrolabe.org\/wp-content\/uploads\/2016\/05\/IMG_6560-1024x682.jpg\" width=\"600\" height=\"400\" srcset=\"https:\/\/cie-astrolabe.org\/wp-content\/uploads\/2016\/05\/IMG_6560-1024x682.jpg 1024w, https:\/\/cie-astrolabe.org\/wp-content\/uploads\/2016\/05\/IMG_6560-600x400.jpg 600w, https:\/\/cie-astrolabe.org\/wp-content\/uploads\/2016\/05\/IMG_6560-300x200.jpg 300w, https:\/\/cie-astrolabe.org\/wp-content\/uploads\/2016\/05\/IMG_6560-768x512.jpg 768w, https:\/\/cie-astrolabe.org\/wp-content\/uploads\/2016\/05\/IMG_6560-648x432.jpg 648w, https:\/\/cie-astrolabe.org\/wp-content\/uploads\/2016\/05\/IMG_6560-288x192.jpg 288w, https:\/\/cie-astrolabe.org\/wp-content\/uploads\/2016\/05\/IMG_6560.jpg 1280w\" sizes=\"(max-width: 600px) 100vw, 600px\" \/><\/a><p id=\"caption-attachment-102\" class=\"wp-caption-text\">ATELIER ADULTES<\/p><\/div>\n<p><tt>Un premier cours d'essai est propos\u00e9 avant tout engagement<a href=\"https:\/\/cie-astrolabe.org\/ateliers.php#paiement\">(*)<\/a>. Les ateliers sont hebdomadaires (Voir horaires ci-dessous) et sont suspendus durant les vacances scolaires. Chaque atelier est anim\u00e9 par deux intervenants qui peuvent se relayer en fonction de leurs disponibilit\u00e9s. En cas d'absence exceptionnelle des deux intervenants le cours sera obligatoirement report\u00e9. Il est possible \u00e9galement que les participants soient sollicit\u00e9s en fin de saison lors de deux week-end de r\u00e9p\u00e9titions. <\/tt><\/p>\n<div id=\"attachment_99\" style=\"width: 610px\" class=\"wp-caption aligncenter\"><a href=\"https:\/\/cie-astrolabe.org\/wp-content\/uploads\/2016\/05\/IMG_7544-e1464183222307.jpg\"><img aria-describedby=\"caption-attachment-99\" decoding=\"async\" loading=\"lazy\" class=\"wp-image-99 size-large\" src=\"https:\/\/cie-astrolabe.org\/wp-content\/uploads\/2016\/05\/IMG_7544-e1464183222307-1024x591.jpg\" alt=\"ATELIER ADULTE\" width=\"600\" height=\"346\" srcset=\"https:\/\/cie-astrolabe.org\/wp-content\/uploads\/2016\/05\/IMG_7544-e1464183222307-1024x591.jpg 1024w, https:\/\/cie-astrolabe.org\/wp-content\/uploads\/2016\/05\/IMG_7544-e1464183222307-600x346.jpg 600w, https:\/\/cie-astrolabe.org\/wp-content\/uploads\/2016\/05\/IMG_7544-e1464183222307-300x173.jpg 300w, https:\/\/cie-astrolabe.org\/wp-content\/uploads\/2016\/05\/IMG_7544-e1464183222307-768x443.jpg 768w, https:\/\/cie-astrolabe.org\/wp-content\/uploads\/2016\/05\/IMG_7544-e1464183222307-648x374.jpg 648w, https:\/\/cie-astrolabe.org\/wp-content\/uploads\/2016\/05\/IMG_7544-e1464183222307-333x192.jpg 333w, https:\/\/cie-astrolabe.org\/wp-content\/uploads\/2016\/05\/IMG_7544-e1464183222307.jpg 1280w\" sizes=\"(max-width: 600px) 100vw, 600px\" \/><\/a><p id=\"caption-attachment-99\" class=\"wp-caption-text\">ATELIER ADULTES<\/p><\/div>\n<p><tt>Pour la saison 2025-2026 nous proposons toujours des ateliers th\u00e9\u00e2tre pour enfants, ados et adultes. Afin de mieux g\u00e9rer les examens scolaires de nos \u00e9l\u00e8ves en fin d'ann\u00e9e nous proposons d\u00e9sormais 2 cr\u00e9neaux ados le mercredi : pour les 13-15 ans puis pour les 16-18 ans. Sous r\u00e9serve de modifications d\u00e9but septembre en fonction du nombre d'inscrits. <\/tt><\/p>\n<p>(*) Il est possible de r\u00e9gler l&rsquo;inscription en trois fois, en revanche aucune inscription ne pourra \u00eatre rembours\u00e9e (m\u00eame partiellement)en cours d&rsquo;ann\u00e9e en cas de d\u00e9sistement et quel qu&rsquo;en soit le motif.<\/p>\n<p><script type=\"text\/javascript\" src=\"\/\/downloads.mailchimp.com\/js\/signup-forms\/popup\/unique-methods\/embed.js\" data-dojo-config=\"usePlainJson: true, isDebug: false\"><\/script><script type=\"text\/javascript\">window.dojoRequire([\"mojo\/signup-forms\/Loader\"], function(L) { L.start({\"baseUrl\":\"mc.us17.list-manage.com\",\"uuid\":\"025b8274e78ce0d518a40b46f\",\"lid\":\"88a2de2d86\",\"uniqueMethods\":true}) })<\/script><\/p>\n","protected":false},"excerpt":{"rendered":"","protected":false},"author":1,"featured_media":1353,"parent":0,"menu_order":0,"comment_status":"closed","ping_status":"closed","template":"","meta":{"jetpack_post_was_ever_published":true},"yoast_head":"<!-- This site is optimized with the Yoast SEO plugin v20.1 - https:\/\/yoast.com\/wordpress\/plugins\/seo\/ -->\n<title>ATELIERS 2025\/2026 - Cours de Th\u00e9\u00e2tre Enfants Ados Montpellier<\/title>\n<meta name=\"description\" content=\"ATELIERS 2025\/2026 Ateliers % Cours de th\u00e9\u00e2tre Enfants, Ados, Adultes Montpellier- Compagnie de l&#039;Astrolabe .\" \/>\n<meta name=\"robots\" content=\"index, follow, max-snippet:-1, max-image-preview:large, max-video-preview:-1\" \/>\n<link rel=\"canonical\" href=\"https:\/\/cie-astrolabe.org\/?page_id=108\" \/>\n<meta property=\"og:locale\" content=\"fr_FR\" \/>\n<meta property=\"og:type\" content=\"article\" \/>\n<meta property=\"og:title\" content=\"ATELIERS 2025\/2026 - Cours de Th\u00e9\u00e2tre Enfants Ados Montpellier\" \/>\n<meta property=\"og:description\" content=\"ATELIERS 2025\/2026 Ateliers % Cours de th\u00e9\u00e2tre Enfants, Ados, Adultes Montpellier- Compagnie de l&#039;Astrolabe .\" \/>\n<meta property=\"og:url\" content=\"https:\/\/cie-astrolabe.org\/?page_id=108\" \/>\n<meta property=\"og:site_name\" content=\"Compagnie de l&#039;Astrolabe\" \/>\n<meta property=\"article:publisher\" content=\"https:\/\/www.facebook.com\/cie.delastrolabe.3\" \/>\n<meta property=\"article:modified_time\" content=\"2025-09-05T07:11:00+00:00\" \/>\n<meta property=\"og:image\" content=\"https:\/\/cie-astrolabe.org\/wp-content\/uploads\/2022\/09\/MG1_8953.jpg\" \/>\n\t<meta property=\"og:image:width\" content=\"803\" \/>\n\t<meta property=\"og:image:height\" content=\"480\" \/>\n\t<meta property=\"og:image:type\" content=\"image\/jpeg\" \/>\n<meta name=\"twitter:card\" content=\"summary_large_image\" \/>\n<meta name=\"twitter:label1\" content=\"Dur\u00e9e de lecture estim\u00e9e\" \/>\n\t<meta name=\"twitter:data1\" content=\"4 minutes\" \/>\n<script type=\"application\/ld+json\" class=\"yoast-schema-graph\">{\"@context\":\"https:\/\/schema.org\",\"@graph\":[{\"@type\":\"WebPage\",\"@id\":\"https:\/\/cie-astrolabe.org\/?page_id=108\",\"url\":\"https:\/\/cie-astrolabe.org\/?page_id=108\",\"name\":\"ATELIERS 2025\/2026 - Cours de Th\u00e9\u00e2tre Enfants Ados Montpellier\",\"isPartOf\":{\"@id\":\"https:\/\/cie-astrolabe.org\/#website\"},\"datePublished\":\"2016-05-25T13:29:20+00:00\",\"dateModified\":\"2025-09-05T07:11:00+00:00\",\"description\":\"ATELIERS 2025\/2026 Ateliers % Cours de th\u00e9\u00e2tre Enfants, Ados, Adultes Montpellier- Compagnie de l&#039;Astrolabe .\",\"breadcrumb\":{\"@id\":\"https:\/\/cie-astrolabe.org\/?page_id=108#breadcrumb\"},\"inLanguage\":\"fr-FR\",\"potentialAction\":[{\"@type\":\"ReadAction\",\"target\":[\"https:\/\/cie-astrolabe.org\/?page_id=108\"]}]},{\"@type\":\"BreadcrumbList\",\"@id\":\"https:\/\/cie-astrolabe.org\/?page_id=108#breadcrumb\",\"itemListElement\":[{\"@type\":\"ListItem\",\"position\":1,\"name\":\"Accueil\",\"item\":\"https:\/\/cie-astrolabe.org\/\"},{\"@type\":\"ListItem\",\"position\":2,\"name\":\"ATELIERS 2025\/2026\"}]},{\"@type\":\"WebSite\",\"@id\":\"https:\/\/cie-astrolabe.org\/#website\",\"url\":\"https:\/\/cie-astrolabe.org\/\",\"name\":\"Compagnie de l&#039;Astrolabe\",\"description\":\"\",\"publisher\":{\"@id\":\"https:\/\/cie-astrolabe.org\/#organization\"},\"potentialAction\":[{\"@type\":\"SearchAction\",\"target\":{\"@type\":\"EntryPoint\",\"urlTemplate\":\"https:\/\/cie-astrolabe.org\/?s={search_term_string}\"},\"query-input\":\"required name=search_term_string\"}],\"inLanguage\":\"fr-FR\"},{\"@type\":\"Organization\",\"@id\":\"https:\/\/cie-astrolabe.org\/#organization\",\"name\":\"Compagnie de l&#039;Astrolabe\",\"url\":\"https:\/\/cie-astrolabe.org\/\",\"logo\":{\"@type\":\"ImageObject\",\"inLanguage\":\"fr-FR\",\"@id\":\"https:\/\/cie-astrolabe.org\/#\/schema\/logo\/image\/\",\"url\":\"https:\/\/cie-astrolabe.org\/wp-content\/uploads\/2020\/12\/MG1_2124.jpg\",\"contentUrl\":\"https:\/\/cie-astrolabe.org\/wp-content\/uploads\/2020\/12\/MG1_2124.jpg\",\"width\":1092,\"height\":728,\"caption\":\"Compagnie de l&#039;Astrolabe\"},\"image\":{\"@id\":\"https:\/\/cie-astrolabe.org\/#\/schema\/logo\/image\/\"},\"sameAs\":[\"https:\/\/www.facebook.com\/cie.delastrolabe.3\"]}]}<\/script>\n<!-- \/ Yoast SEO plugin. -->","yoast_head_json":{"title":"ATELIERS 2025\/2026 - Cours de Th\u00e9\u00e2tre Enfants Ados Montpellier","description":"ATELIERS 2025\/2026 Ateliers % Cours de th\u00e9\u00e2tre Enfants, Ados, Adultes Montpellier- Compagnie de l&#039;Astrolabe .","robots":{"index":"index","follow":"follow","max-snippet":"max-snippet:-1","max-image-preview":"max-image-preview:large","max-video-preview":"max-video-preview:-1"},"canonical":"https:\/\/cie-astrolabe.org\/?page_id=108","og_locale":"fr_FR","og_type":"article","og_title":"ATELIERS 2025\/2026 - Cours de Th\u00e9\u00e2tre Enfants Ados Montpellier","og_description":"ATELIERS 2025\/2026 Ateliers % Cours de th\u00e9\u00e2tre Enfants, Ados, Adultes Montpellier- Compagnie de l&#039;Astrolabe .","og_url":"https:\/\/cie-astrolabe.org\/?page_id=108","og_site_name":"Compagnie de l&#039;Astrolabe","article_publisher":"https:\/\/www.facebook.com\/cie.delastrolabe.3","article_modified_time":"2025-09-05T07:11:00+00:00","og_image":[{"width":803,"height":480,"url":"https:\/\/cie-astrolabe.org\/wp-content\/uploads\/2022\/09\/MG1_8953.jpg","type":"image\/jpeg"}],"twitter_card":"summary_large_image","twitter_misc":{"Dur\u00e9e de lecture estim\u00e9e":"4 minutes"},"schema":{"@context":"https:\/\/schema.org","@graph":[{"@type":"WebPage","@id":"https:\/\/cie-astrolabe.org\/?page_id=108","url":"https:\/\/cie-astrolabe.org\/?page_id=108","name":"ATELIERS 2025\/2026 - Cours de Th\u00e9\u00e2tre Enfants Ados Montpellier","isPartOf":{"@id":"https:\/\/cie-astrolabe.org\/#website"},"datePublished":"2016-05-25T13:29:20+00:00","dateModified":"2025-09-05T07:11:00+00:00","description":"ATELIERS 2025\/2026 Ateliers % Cours de th\u00e9\u00e2tre Enfants, Ados, Adultes Montpellier- Compagnie de l&#039;Astrolabe .","breadcrumb":{"@id":"https:\/\/cie-astrolabe.org\/?page_id=108#breadcrumb"},"inLanguage":"fr-FR","potentialAction":[{"@type":"ReadAction","target":["https:\/\/cie-astrolabe.org\/?page_id=108"]}]},{"@type":"BreadcrumbList","@id":"https:\/\/cie-astrolabe.org\/?page_id=108#breadcrumb","itemListElement":[{"@type":"ListItem","position":1,"name":"Accueil","item":"https:\/\/cie-astrolabe.org\/"},{"@type":"ListItem","position":2,"name":"ATELIERS 2025\/2026"}]},{"@type":"WebSite","@id":"https:\/\/cie-astrolabe.org\/#website","url":"https:\/\/cie-astrolabe.org\/","name":"Compagnie de l&#039;Astrolabe","description":"","publisher":{"@id":"https:\/\/cie-astrolabe.org\/#organization"},"potentialAction":[{"@type":"SearchAction","target":{"@type":"EntryPoint","urlTemplate":"https:\/\/cie-astrolabe.org\/?s={search_term_string}"},"query-input":"required name=search_term_string"}],"inLanguage":"fr-FR"},{"@type":"Organization","@id":"https:\/\/cie-astrolabe.org\/#organization","name":"Compagnie de l&#039;Astrolabe","url":"https:\/\/cie-astrolabe.org\/","logo":{"@type":"ImageObject","inLanguage":"fr-FR","@id":"https:\/\/cie-astrolabe.org\/#\/schema\/logo\/image\/","url":"https:\/\/cie-astrolabe.org\/wp-content\/uploads\/2020\/12\/MG1_2124.jpg","contentUrl":"https:\/\/cie-astrolabe.org\/wp-content\/uploads\/2020\/12\/MG1_2124.jpg","width":1092,"height":728,"caption":"Compagnie de l&#039;Astrolabe"},"image":{"@id":"https:\/\/cie-astrolabe.org\/#\/schema\/logo\/image\/"},"sameAs":["https:\/\/www.facebook.com\/cie.delastrolabe.3"]}]}},"jetpack_sharing_enabled":true,"jetpack_shortlink":"https:\/\/wp.me\/P7Tcq7-1K","_links":{"self":[{"href":"https:\/\/cie-astrolabe.org\/index.php?rest_route=\/wp\/v2\/pages\/108"}],"collection":[{"href":"https:\/\/cie-astrolabe.org\/index.php?rest_route=\/wp\/v2\/pages"}],"about":[{"href":"https:\/\/cie-astrolabe.org\/index.php?rest_route=\/wp\/v2\/types\/page"}],"author":[{"embeddable":true,"href":"https:\/\/cie-astrolabe.org\/index.php?rest_route=\/wp\/v2\/users\/1"}],"replies":[{"embeddable":true,"href":"https:\/\/cie-astrolabe.org\/index.php?rest_route=%2Fwp%2Fv2%2Fcomments&post=108"}],"version-history":[{"count":93,"href":"https:\/\/cie-astrolabe.org\/index.php?rest_route=\/wp\/v2\/pages\/108\/revisions"}],"predecessor-version":[{"id":1892,"href":"https:\/\/cie-astrolabe.org\/index.php?rest_route=\/wp\/v2\/pages\/108\/revisions\/1892"}],"wp:featuredmedia":[{"embeddable":true,"href":"https:\/\/cie-astrolabe.org\/index.php?rest_route=\/wp\/v2\/media\/1353"}],"wp:attachment":[{"href":"https:\/\/cie-astrolabe.org\/index.php?rest_route=%2Fwp%2Fv2%2Fmedia&parent=108"}],"curies":[{"name":"wp","href":"https:\/\/api.w.org\/{rel}","templated":true}]}}